{"id":74,"date":"2014-06-16T13:17:42","date_gmt":"2014-06-16T13:17:42","guid":{"rendered":"http:\/\/capitularia.uni-koeln.de\/?page_id=74"},"modified":"2026-04-13T10:42:11","modified_gmt":"2026-04-13T08:42:11","slug":"staff","status":"publish","type":"page","link":"https:\/\/capitularia.uni-koeln.de\/en\/project\/staff\/","title":{"rendered":"Staff"},"content":{"rendered":"<p><\/p>\n<div class=\"staff\">\n<table id=\"capitularia\">\n<thead>\n<tr>\n<td colspan=\"2\" width=\"30%;\">Project Team in Cologne<\/td>\n<\/tr>\n<\/thead>\n<tbody>\n<tr>\n<td width=\"30%;\">Lead<\/td>\n<td width=\"70%;\">Prof. Dr. Karl <a title=\"Prof. Ubl\" href=\"http:\/\/mittelalterliche-geschichte.phil-fak.uni-koeln.de\/256.html?&amp;L=0\" target=\"_blank\" rel=\"noopener noreferrer\">Ubl<\/a>, Universit\u00e4t zu K\u00f6ln<\/td>\n<\/tr>\n<tr>\n<td width=\"30%;\">Team<\/td>\n<td width=\"70%;\">Grigorii <a href=\"https:\/\/mittelalterliche-geschichte.phil-fak.uni-koeln.de\/personal\/mitarbeiterinnen\/borisov-grigorii\" target=\"_blank\" rel=\"noopener\">Borisov<\/a> M. A.<\/td>\n<\/tr>\n<tr>\n<td width=\"30%;\"><\/td>\n<td width=\"70%;\">Dr. S\u00f6ren <a title=\"Dr. S\u00f6ren Kaschke\" href=\"http:\/\/mittelalterliche-geschichte.phil-fak.uni-koeln.de\/994.html\" target=\"_blank\" rel=\"noopener noreferrer\">Kaschke<\/a><\/td>\n<\/tr>\n<tr>\n<td width=\"30%;\"><\/td>\n<td width=\"70%;\">Franziska Lingk<\/td>\n<\/tr>\n<tr>\n<td width=\"30%;\"><\/td>\n<td width=\"70%;\">Tobias Mercer, B. A. (Digital Humanities, CCeH)<\/td>\n<\/tr>\n<tr>\n<td width=\"30%;\"><\/td>\n<td width=\"70%;\">Dr. Britta <a title=\"Dr. Britta Mischke\" href=\"http:\/\/mittelalterliche-geschichte.phil-fak.uni-koeln.de\/992.html\" target=\"_blank\" rel=\"noopener noreferrer\">Mischke<\/a><\/td>\n<\/tr>\n<tr>\n<td width=\"30%;\"><\/td>\n<td width=\"70%;\">Clara Oepen<\/td>\n<\/tr>\n<tr>\n<td width=\"30%;\"><\/td>\n<td width=\"70%;\">Daniela <a title=\"Daniela Schulz\" href=\"https:\/\/mittelalterliche-geschichte.phil-fak.uni-koeln.de\/personal\/mitarbeiterinnen\/schulz-daniela\" target=\"_blank\" rel=\"noopener noreferrer\">Schulz<\/a> (elected MGH staff representative in the central board 2025-2027)<\/td>\n<\/tr>\n<\/tbody>\n<\/table>\n<hr>\n<table id=\"editors\">\n<thead>\n<tr>\n<td width=\"30%;\">External Editors<\/td>\n<td width=\"70%;\"><\/td>\n<\/tr>\n<\/thead>\n<tbody>\n<tr>\n<td width=\"30%;\"><\/td>\n<td width=\"70%;\">Prof. Dr. Stefan <a title=\"Prof. Esders\" href=\"http:\/\/www.geschkult.fu-berlin.de\/e\/fmi\/mitglieder\/Professorinnen_und_Professoren\/esders.html\" target=\"_blank\" rel=\"noopener noreferrer\">Esders<\/a>, Freie Universit\u00e4t Berlin<\/td>\n<\/tr>\n<tr>\n<td width=\"30%;\"><\/td>\n<td width=\"70%;\">Dr. Michael Glatthaar, Freiburg<\/td>\n<\/tr>\n<tr>\n<td width=\"30%;\"><\/td>\n<td width=\"70%;\">Prof. Dr. Steffen <a title=\"Prof. Patzold\" href=\"https:\/\/uni-tuebingen.de\/fakultaeten\/philosophische-fakultaet\/fachbereiche\/geschichtswissenschaft\/seminareinstitute\/mittelalterliche-geschichte\/personen\/patzold\/\" target=\"_blank\" rel=\"noopener noreferrer\">Patzold<\/a>, Eberhard Karls Universit\u00e4t T\u00fcbingen<\/td>\n<\/tr>\n<\/tbody>\n<\/table>\n<hr \/>\n<table>\n<thead>\n<tr>\n<td width=\"30%;\">Visiting scholars<\/td>\n<td width=\"70%;\"><\/td>\n<\/tr>\n<\/thead>\n<tbody>\n<tr>\n<td width=\"30%;\"><\/td>\n<td width=\"70%;\">Prof. Dr. Courtney <a href=\"https:\/\/history.ubc.ca\/profile\/courtney-booker\/\" target=\"_blank\" rel=\"noopener\">Booker<\/a> (2014-2015)<\/td>\n<\/tr>\n<tr>\n<td width=\"30%;\"><\/td>\n<td width=\"70%;\">Jiayu Dang M. A. (December 2023-November 2024)<\/td>\n<\/tr>\n<tr>\n<td width=\"30%\"><\/td>\n<td width=\"70%\">Dai Guo (May-July 2024)<\/td>\n<\/tr>\n<tr>\n<td width=\"30%;\"><\/td>\n<td width=\"70%;\">Prof. Dr. Shigeto <a href=\"https:\/\/researchmap.jp\/Shigeto_Kikuchi\/?lang=english\" target=\"_blank\" rel=\"noopener\">Kikuchi<\/a> (August-September 2023; August-September 2024)<\/td>\n<\/tr>\n<tr>\n<td width=\"30%;\"><\/td>\n<td width=\"70%;\">Prof. Dr. Yunfei Li (July-August 2018)<\/td>\n<\/tr>\n<tr>\n<td width=\"30%;\"><\/td>\n<td width=\"70%;\">Dr. Sven <a href=\"https:\/\/www.ru.nl\/en\/people\/meeder-s\" target=\"_blank\" rel=\"noopener\">Meeder<\/a> (April-June 2022)<\/td>\n<\/tr>\n<tr>\n<td width=\"30%;\"><\/td>\n<td width=\"70%;\">Prof. Dr. Takuro <a href=\"https:\/\/researchmap.jp\/Takuro_Tsuda?lang=en\" target=\"_blank\" rel=\"noopener\">Tsuda<\/a> (June-August 2022; December 2022-February 2023)<\/td>\n<\/tr>\n<tr>\n<td width=\"30%;\"><\/td>\n<td width=\"70%;\">Xuke Wang M. A. (August 2024-)<\/td>\n<\/tr>\n<\/tbody>\n<\/table>\n<hr \/>\n<table>\n<thead>\n<tr>\n<td width=\"30%;\">Former staff<\/td>\n<td width=\"70%;\"><\/td>\n<\/tr>\n<\/thead>\n<tbody>\n<tr>\n<td width=\"30%;\"><\/td>\n<td width=\"70%;\">Dr. Julia <a title=\"Dr. Julia Becker\" href=\"https:\/\/www.geschichte.uni-wuerzburg.de\/mittelalterliche-geschichte\/team\/becker\/\" target=\"_blank\" rel=\"noopener noreferrer\">Becker<\/a><\/td>\n<\/tr>\n<tr>\n<td width=\"30%;\"><\/td>\n<td width=\"70%;\">Dr. Patrick Breternitz<\/td>\n<\/tr>\n<tr>\n<td width=\"30%;\"><\/td>\n<td width=\"70%;\">Semih Heinen M. A.<\/td>\n<\/tr>\n<tr>\n<td width=\"30%;\"><\/td>\n<td width=\"70%;\">Dr. Georg Friedrich Heinzle<\/td>\n<\/tr>\n<tr>\n<td width=\"30%;\"><\/td>\n<td width=\"70%;\">Anja Holtschneider<\/td>\n<\/tr>\n<tr>\n<td width=\"30%;\"><\/td>\n<td width=\"70%;\">Tobias P. Jansen M. A.<\/td>\n<\/tr>\n<tr>\n<td width=\"30%;\"><\/td>\n<td width=\"70%;\">Dr. Annette <a href=\"https:\/\/grk2212.uni-koeln.de\/personen\/annette-kaldorf\" target=\"_blank\" rel=\"noopener\">Kaldorf<\/a><\/td>\n<\/tr>\n<tr>\n<td width=\"30%;\"><\/td>\n<td width=\"70%;\">Maximilian Lange M. A.<\/td>\n<\/tr>\n<tr>\n<td width=\"30%;\"><\/td>\n<td width=\"70%;\">Dr. Dominik Leyendecker<\/td>\n<\/tr>\n<tr>\n<td width=\"30%;\"><\/td>\n<td width=\"70%;\">Alina <a href=\"https:\/\/www.ruhr-uni-bochum.de\/hibo-fhma\/team\/h.html.de\" target=\"_blank\" rel=\"noopener\">Ostrowski<\/a> M. A., M. A.<\/td>\n<\/tr>\n<tr>\n<td width=\"30%;\"><\/td>\n<td width=\"70%;\">Dr. Sarah Patt<\/td>\n<\/tr>\n<tr>\n<td width=\"30%;\"><\/td>\n<td width=\"70%;\">Amelie Paulsen B. A.<\/td>\n<\/tr>\n<tr>\n<td width=\"30%;\"><\/td>\n<td width=\"70%;\">Dr. Lea <a href=\"https:\/\/grk2212.uni-koeln.de\/40612.html\" target=\"_blank\" rel=\"noopener noreferrer\">Raith<\/a><\/td>\n<\/tr>\n<tr>\n<td width=\"30%;\"><\/td>\n<td width=\"70%;\">Dr. Dominik <a title=\"Dr. Dominik Trump\" href=\"https:\/\/mgh.de\/de\/die-mgh\/mitarbeiter-innen\/dominik-trump\" target=\"_blank\" rel=\"noopener noreferrer\">Trump<\/a><\/td>\n<\/tr>\n<tr>\n<td width=\"30%;\"><\/td>\n<td width=\"70%;\">Johannes Vogelpohl<\/td>\n<\/tr>\n<\/tbody>\n<\/table>\n<hr>\n<table>\n<thead>\n<tr>\n<td colspan=\"2\">Digital Humanities, <a title=\"CCeH, Mitarbeiter\" href=\"https:\/\/cceh.uni-koeln.de\/personen\/\" target=\"_blank\" rel=\"noopener noreferrer\">CCeH<\/a>, including former staff<\/td>\n<\/tr>\n<\/thead>\n<tbody>\n<tr>\n<td width=\"30%;\"><\/td>\n<td width=\"70%;\">Prof. Dr. Gioele Barabucci, Collation tool<\/td>\n<\/tr>\n<tr>\n<td width=\"30%;\"><\/td>\n<td width=\"70%;\">Jonathan Blumtritt, Coordination<\/td>\n<\/tr>\n<tr>\n<td width=\"30%;\"><\/td>\n<td width=\"70%;\">Peter D\u00e4ngeli, Image server<\/td>\n<\/tr>\n<tr>\n<td width=\"30%;\"><\/td>\n<td width=\"70%;\">Prof. Dr. Franz Fischer, Data modelling<\/td>\n<\/tr>\n<tr>\n<td width=\"30%;\"><\/td>\n<td width=\"70%;\">Nils Gei\u00dfler, XML processing and web development<\/td>\n<\/tr>\n<tr>\n<td width=\"30%;\"><\/td>\n<td width=\"70%;\">Martina G\u00f6del, Schematron<\/td>\n<\/tr>\n<tr>\n<td width=\"30%;\"><\/td>\n<td width=\"70%;\">Ulrike Henny, Schema bibliography<\/td>\n<\/tr>\n<tr>\n<td width=\"30%;\"><\/td>\n<td width=\"70%;\">Marcello Perathoner, Technical Support (2015-2025)<\/td>\n<\/tr>\n<tr>\n<td width=\"30%;\"><\/td>\n<td width=\"70%;\">Prof. Dr. Patrick Sahle, Coordination DH aspects<\/td>\n<\/tr>\n<td width=\"30%;\"><\/td>\n<td width=\"70%;\">Marcel Schaeben, Technical Infrastructure<\/td>\n<\/tr>\n<tr>\n<td width=\"30%;\"><\/td>\n<td width=\"70%;\">Philipp Schildkamp, Technical Infrastructure<\/td>\n<\/tr>\n<tr>\n<td width=\"30%;\"><\/td>\n<td width=\"70%;\">Christian Theisen, Web development<\/td>\n<\/tr>\n<\/tbody>\n<\/table>\n<hr \/>\n<table>\n<thead>\n<tr>\n<td width=\"30%;\">Webdesign<\/td>\n<td width=\"70%;\"><\/td>\n<\/tr>\n<\/thead>\n<tbody>\n<tr>\n<td width=\"30%;\"><\/td>\n<td width=\"70%;\"><a title=\"CGN Corporate\" href=\"http:\/\/www.cgn-corporate.com\/index.html\" target=\"_blank\" rel=\"noopener noreferrer\">CGN Corporate<\/a>, Peter Korthals<br \/>\nlogo, webdesign (sample CSS)<\/td>\n<\/tr>\n<\/tbody>\n<\/table>\n<\/div>\n<p><\/p>","protected":false},"excerpt":{"rendered":"<p>Project Team in Cologne Lead Prof. Dr. Karl Ubl, Universit\u00e4t zu K\u00f6ln Team Grigorii Borisov M. A. Dr. S\u00f6ren Kaschke Franziska Lingk Tobias Mercer, B. A. (Digital Humanities, CCeH) Dr. Britta Mischke Clara Oepen Daniela Schulz (elected MGH staff representative in the central board 2025-2027) External Editors Prof. Dr. Stefan Esders, Freie Universit\u00e4t Berlin Dr. [&hellip;]<\/p>\n","protected":false},"author":6,"featured_media":0,"parent":70,"menu_order":0,"comment_status":"closed","ping_status":"closed","template":"","meta":{"inline_featured_image":false,"footnotes":""},"categories":[],"tags":[],"class_list":["post-74","page","type-page","status-publish","hentry"],"_links":{"self":[{"href":"https:\/\/capitularia.uni-koeln.de\/en\/wp-json\/wp\/v2\/pages\/74","targetHints":{"allow":["GET"]}}],"collection":[{"href":"https:\/\/capitularia.uni-koeln.de\/en\/wp-json\/wp\/v2\/pages"}],"about":[{"href":"https:\/\/capitularia.uni-koeln.de\/en\/wp-json\/wp\/v2\/types\/page"}],"author":[{"embeddable":true,"href":"https:\/\/capitularia.uni-koeln.de\/en\/wp-json\/wp\/v2\/users\/6"}],"replies":[{"embeddable":true,"href":"https:\/\/capitularia.uni-koeln.de\/en\/wp-json\/wp\/v2\/comments?post=74"}],"version-history":[{"count":71,"href":"https:\/\/capitularia.uni-koeln.de\/en\/wp-json\/wp\/v2\/pages\/74\/revisions"}],"predecessor-version":[{"id":32643,"href":"https:\/\/capitularia.uni-koeln.de\/en\/wp-json\/wp\/v2\/pages\/74\/revisions\/32643"}],"up":[{"embeddable":true,"href":"https:\/\/capitularia.uni-koeln.de\/en\/wp-json\/wp\/v2\/pages\/70"}],"wp:attachment":[{"href":"https:\/\/capitularia.uni-koeln.de\/en\/wp-json\/wp\/v2\/media?parent=74"}],"wp:term":[{"taxonomy":"category","embeddable":true,"href":"https:\/\/capitularia.uni-koeln.de\/en\/wp-json\/wp\/v2\/categories?post=74"},{"taxonomy":"post_tag","embeddable":true,"href":"https:\/\/capitularia.uni-koeln.de\/en\/wp-json\/wp\/v2\/tags?post=74"}],"curies":[{"name":"wp","href":"https:\/\/api.w.org\/{rel}","templated":true}]}}