{"id":32563,"date":"2025-12-04T10:09:10","date_gmt":"2025-12-04T09:09:10","guid":{"rendered":"https:\/\/capitularia.uni-koeln.de\/mss\/paris-bn-lat-4636\/"},"modified":"2026-03-25T20:21:23","modified_gmt":"2026-03-25T19:21:23","slug":"paris-bn-lat-4636","status":"publish","type":"page","link":"https:\/\/capitularia.uni-koeln.de\/en\/mss\/paris-bn-lat-4636\/","title":{"rendered":"Paris, Biblioth\u00e8que nationale de France, Lat. 4636"},"content":{"rendered":"<div class=\"xsl-output\">\n<div class=\"tei-TEI mss-header-xsl transkription-header\">\n<div class=\"tei-fileDesc\">\n<h4 id=\"description\" class=\"tei-titleStmt\">Manuscript description according to Mordek<\/h4>\n<div class=\"tei-msDesc\">\n<div id=\"identification\">\n<div class=\"tei-msIdentifier\">\n<h5>Repository<\/h5>\n<p>Paris<br \/>Biblioth\u00e8que nationale de France<br \/> Lat. 4636<\/p>\n<div>\n<div class=\"tei-msNames\"><u>Name:<\/u> Codex Cangianus<\/div>\n<div class=\"tei-altIdentifier\"><u>Siglum<\/u> <span class=\"italic\">P17<\/span><\/div>\n<\/p><\/div>\n<\/p><\/div>\n<div class=\"tei-facsimile\">Digital image available at<br \/>\n               <a class=\"external\" href=\"http:\/\/gallica.bnf.fr\/ark:\/12148\/btv1b10033370n\" title=\"Gallica\" target=\"_blank\">Gallica<\/a>\n               <\/div>\n<\/p><\/div>\n<div class=\"page-break\"><\/div>\n<div class=\"tei-history\">\n<h5 id=\"_origin\">Origin and history<\/h5>\n<div class=\"tei-origin\">\n<h6>Origin:<\/h6>\n<p>\n                   9. Jh., etwa Mitte<br \/>\n                  (Mordek),  9. Jh., 2.<br \/>\n                  Drittel (Bischoff);  Tours (Mordek, Bischoff). <\/p>\n<\/p><\/div>\n<div class=\"tei-provenance\">\n<h6>Provenance:<\/h6>\n<p>\n                  Ch\u00e2tre de Cang\u00e9 Nr. 144 (2v: Besitzvermerk September 1729; auf<br \/>\n                  der R\u00fcckseite des Papierschutzblattes vorn: undatierter Besitzvermerk)<br \/>\n                  (Codex Cangianus). Alte Signatur: Regius 4243.3.3.\n                  <\/p>\n<\/p><\/div>\n<\/p><\/div>\n<div class=\"page-break\"><\/div>\n<div class=\"tei-physDesc\">\n<h5 id=\"_description\">Physical description<\/h5>\n<table class=\"tei-physDesc-table\">\n<tbody>\n<tr>\n<th class=\"value\">Material:<\/th>\n<td class=\"text\">\n                        Pergament\n                        <\/td>\n<\/tr>\n<tr>\n<th class=\"value\">Number:<\/th>\n<td class=\"text\">140 foll. (3-142; unten rechts Z\u00e4hlung 1-140) (Blattverlust) und 4<br \/>\n                        neuzeitliche Bl\u00e4tter mit Inhaltsangabe u. \u00e4. (1-2, 143-144) <\/p>\n<\/td>\n<\/tr>\n<tr>\n<th class=\"value\">Size:<\/th>\n<td class=\"text\">250-255 \u00d7 200-205 mm<\/td>\n<\/tr>\n<tr>\n<th class=\"value\">Body text:<\/th>\n<td class=\"text\">215-225 \u00d7 165-170 mm<\/td>\n<\/tr>\n<tr>\n<th class=\"value\">Quires:<\/th>\n<td class=\"text\">Die erste Lage fehlt, einige Bl\u00e4tter sind herausgerissen oder<br \/>\n                        abgeschnitten, so da\u00df nur noch Falze, z. T. mit Schriftresten, erhalten<br \/>\n                        sind (vor 32: 3 Bl\u00e4tter, vor 35, 75, 84 und 95 je 1 Blatt), von den<br \/>\n                        Bl\u00e4ttern 3-8 ist jeweils das obere \u00e4u\u00dfere F\u00fcnftel abhanden gekommen,<br \/>\n                        andere Bl\u00e4tter sind nur geringf\u00fcgig besch\u00e4digt. <\/p>\n<div>Alte<br \/>\n                           Kustoden: <span class=\"tei-hi rend-italic\">XII<\/span> (82<span class=\"tei-hi rend-super\">v<\/span>), <span class=\"tei-hi rend-italic\">XVI<\/span> (106<span class=\"tei-hi rend-super\">v<\/span>), <span class=\"tei-hi rend-italic\">XVII<\/span> (114<span class=\"tei-hi rend-super\">v<\/span>), j\u00fcngere<br \/>\n                           Kustoden: <span class=\"tei-hi rend-italic\">I<\/span> (8<span class=\"tei-hi rend-super\">v<\/span>), <span class=\"tei-hi rend-italic\">III<\/span> (36<span class=\"tei-hi rend-super\">v<\/span>), <span class=\"tei-hi rend-italic\">IIII<\/span> (44<span class=\"tei-hi rend-super\">v<\/span>), <span class=\"tei-hi rend-italic\">VI<\/span> (67<span class=\"tei-hi rend-super\">v<\/span>) bis <span class=\"tei-hi rend-italic\">XIIII<\/span> (142<span class=\"tei-hi rend-super\">v<\/span>).<\/div>\n<\/td>\n<\/tr>\n<tr>\n<th class=\"value\">Condition:<\/th>\n<td class=\"text\">Pergament vor allem oben stark beschnitten<\/td>\n<\/tr>\n<tr>\n<th class=\"value\">Lines:<\/th>\n<td class=\"text\">30 Zeilen<\/td>\n<\/tr>\n<tr>\n<th class=\"value\">Columns:<\/th>\n<td class=\"text\">meist einspaltig<\/td>\n<\/tr>\n<tr>\n<th class=\"value\">Script:<\/th>\n<td class=\"text\">\n                        karolingische Minuskel\n                        <\/td>\n<\/tr>\n<tr>\n<th class=\"value\">Scribe(s):<\/th>\n<td class=\"text\">\n                        mehrere H\u00e4nde\n                        <\/td>\n<\/tr>\n<tr>\n<th class=\"value\">Decoration:<\/th>\n<td class=\"text\">\n<p>Rubriken (Capitalis rustica, Unziale und Minuskel), Initialen, Zahlen und<br \/>\n                           Text: alles in brauner Tinte.<\/p>\n<\/td>\n<\/tr>\n<tr>\n<th class=\"value\">Binding:<\/th>\n<td class=\"text\">\n<p>Dunkelbrauner Ledereinband mit verziertem R\u00fccken (Aufschrift: <span class=\"tei-hi rend-italic\">CAPITULAIRES DE CHARLEMAGNE).<\/span>\n                           <\/p>\n<\/p>\n<\/td>\n<\/tr>\n<\/tbody>\n<\/table><\/div>\n<div class=\"page-break\"><\/div>\n<div class=\"tei-msContents\">\n<h5 id=\"_content\">Contents<\/h5>\n<div class=\"tei-summary\">\n<h6>Note:<\/h6>\n<p>Die umfangreiche Kapitularienrezeption der Hs. Paris Lat. 4636, welche die<br \/>\n                  mehrteiligen Werke des Ansegis und des Benedictus Levita zusammen tradiert,<br \/>\n                  ist \u201eeng verwandt\u201c mit der \u00dcberlieferung in <a class=\"internal\" href=\"\/mss\/paris-bn-lat-4634\" title=\"&#091;:de&#093;Zur Handschrift&#091;:en&#093;To the manuscript&#091;:&#093;\"> Cod. Paris Lat. 4634<\/a> (W. A.<br \/>\n                  Eckhardt), die ihrerseits zusammenh\u00e4ngt mit den Codd. St. Gallen 727 und <a class=\"internal\" href=\"\/mss\/paris-bn-lat-4637\" title=\"&#091;:de&#093;Zur Handschrift&#091;:en&#093;To the manuscript&#091;:&#093;\">Paris Lat.<br \/>\n                     4637<\/a>. Nach G. Schmitz f\u00fchrt sie sich auf die gleiche Vorlage zur\u00fcck wie <a class=\"internal\" href=\"\/mss\/paris-bn-lat-18237\" title=\"&#091;:de&#093;Zur Handschrift&#091;:en&#093;To the manuscript&#091;:&#093;\">Cod. Paris<br \/>\n                     Lat. 18237<\/a>; von dieser Vorlage h\u00e4ngt indirekt auch die Ansegis-Version in<br \/>\n                  den Hss. <a class=\"internal\" href=\"\/mss\/newhaven-bl-413\" title=\"&#091;:de&#093;Zur Handschrift&#091;:en&#093;To the manuscript&#091;:&#093;\">New<br \/>\n                     Haven 413<\/a> und <a class=\"internal\" href=\"\/mss\/paris-bn-lat-4634\" title=\"&#091;:de&#093;Zur Handschrift&#091;:en&#093;To the manuscript&#091;:&#093;\">Vatikan Reg. Lat. 1036 <\/a> ab.<br \/>Cod. Paris Lat. 4636 d\u00fcrfte besonders<br \/>\n                  deshalb von Bedeutung sein, weil wir in ihm wohl die \u00e4lteste \u00dcberlieferung<br \/>\n                  der Falschen Kapitularien des Benedictus Levita fassen, die nahe an die<br \/>\n                  Entstehungszeit des Werkes herankommt &#8211; ein optisch unauff\u00e4lliges Exemplar<br \/>\n                  ohne jeden farblichen Schmuck.<\/p>\n<\/p><\/div>\n<ul class=\"bare\">\n<li class=\"tei-msItem\">\n<p>\n                     <span class=\"rend-semibold\">3r-24v<\/span><br \/>\n                     <span class=\"rend-semibold\" title=\"BK\u00a0183\">Ansegisi abbatis capitularium collectio<\/span><br \/>\n                     (Klasse C, ohne den Namen Lothars), B\u00fccher 1-4 und Appendices 1-3, beginnt<br \/>\n                     fragmentarisch mit 1, 99 <span class=\"tei-hi rend-italic\">quod si post haec<\/span>;<br \/>\n                     Teilblatt- und Textverlust foll. 3-8 (siehe oben), Blattverlust zwischen<br \/>\n                     fol. 8 (nach 2, 25 <span class=\"tei-hi rend-italic\">nouioma)<\/span> und fol. 9 (vor 2, 29 <span class=\"tei-hi rend-italic\">nosodomium)<\/span> (MGH Capit. 1, S. 408-419, 421-450). <\/p>\n<\/li>\n<li class=\"tei-msItem\">\n<p>\n                     <span class=\"rend-semibold\">24v- 142v<\/span><br \/> Benedicti Levitae capitularium collectio, B\u00fccher<br \/>\n                     1-3 und Additiones 1-4, bricht fragmentarisch ab Add. 4, 8 <span class=\"tei-hi rend-italic\">Et dominus per prophetam monet<\/span>&#8230;; auch sonst sind Bl\u00e4tter<br \/>\n                     herausgerissen (siehe oben); Additio 2, c. 24 neu einsetzende Z\u00e4hlung (MGH<br \/>\n                     LL 2, 2, S. 39-158; Additio 1 = Collectio capitularis Benedicti monastica:<br \/>\n                     Kapitulariensammlung, deren cc. 1-79 aus den Capitularia monastica I [a.<br \/>\n                     816] und III [a. 818\/819?] zusammengestellt und vom F\u00e4lscher mit Rubriken<br \/>\n                     versehen sind; das Schlu\u00dfkapitel 80 bringt unter der \u00dcberschrift <span class=\"tei-hi rend-italic\">De disciplin\u0119<\/span> (Kauda nachgetragen?) <span class=\"tei-hi rend-italic\">modo<\/span> ein schon in den alten Codd. Paris Lat. 1603, K\u00f6ln 91, Br\u00fcssel<br \/>\n                     10127-44 und Stuttgart HB VI 109, partiell auch Paris Lat. 10588 der<br \/>\n                     Collectio Vetus Gallica [XLVI, 33-37] tradiertes Exzerpt aus cc. 2, 3, 28,<br \/>\n                     67 und 70 der Benediktregel [CCM 1, S. 545-554 und <span class=\"rend-semibold\" title=\"BK\u00a0170\"><\/span> MGH Capit. 1, Nr. 170,<br \/>\n                     S. 344-348, jeweils ohne Capitulatio; Vetus-Gallica-Text ed. <span class=\"tei-hi rend-smallcaps\">Mordek, <\/span>Kirchenrecht und Reform, S. 543-545]). <\/p>\n<\/li>\n<\/ul><\/div>\n<div class=\"page-break\"><\/div>\n<div class=\"tei-listBibl tei-listBibl-not-type\">\n<h5 id=\"_bibliography\">Bibliography<\/h5>\n<div class=\"tei-listBibl tei-listBibl-lit\">\n<h6>References:<\/h6>\n<ul>\n<li class=\"tei-bibl\"><a class=\"internal bib\" href=\"\/resources\/biblio\/#Boretius_1897\" title=\"&#091;:de&#093;Zum bibliographischen Eintrag&#091;:en&#093;To the bibliographic entry&#091;:&#093;\">Boretius 1897, S. XXIII<\/a><\/li>\n<li class=\"tei-bibl\"><a class=\"internal bib\" href=\"\/resources\/biblio\/#Seckel_1914\" title=\"&#091;:de&#093;Zum bibliographischen Eintrag&#091;:en&#093;To the bibliographic entry&#091;:&#093;\"> Seckel 1914, S. 378 f. <\/a><\/li>\n<li class=\"tei-bibl\"><a class=\"internal bib\" href=\"\/resources\/biblio\/#Christ_1937\" title=\"&#091;:de&#093;Zum bibliographischen Eintrag&#091;:en&#093;To the bibliographic entry&#091;:&#093;\"> Christ 1937, S. 316 <\/a><\/li>\n<li class=\"tei-bibl\"><a class=\"internal bib\" href=\"\/resources\/biblio\/#Eckhardt_W_1959\" title=\"&#091;:de&#093;Zum bibliographischen Eintrag&#091;:en&#093;To the bibliographic entry&#091;:&#093;\"> Eckhardt W 1959, S. 140 <\/a><\/li>\n<li class=\"tei-bibl\"><a class=\"internal bib\" href=\"\/resources\/biblio\/#Semmler_1960\" title=\"&#091;:de&#093;Zum bibliographischen Eintrag&#091;:en&#093;To the bibliographic entry&#091;:&#093;\"> Semmler 1960 S. 369 <\/a><\/li>\n<li class=\"tei-bibl\"> CCM 1, S. 539<\/li>\n<li class=\"tei-bibl\"><a class=\"internal bib\" href=\"\/resources\/biblio\/#Dolezalek_1972\" title=\"&#091;:de&#093;Zum bibliographischen Eintrag&#091;:en&#093;To the bibliographic entry&#091;:&#093;\"> Dolezalek 2 1972<\/a><\/li>\n<li class=\"tei-bibl\"><a class=\"internal bib\" href=\"\/resources\/biblio\/#Mordek_1975\" title=\"&#091;:de&#093;Zum bibliographischen Eintrag&#091;:en&#093;To the bibliographic entry&#091;:&#093;\"> Mordek 1975 S. S. 194 Anm.<br \/>\n                        491.<\/a><\/li>\n<\/ul><\/div>\n<div class=\"tei-listBibl tei-listBibl-cat\">\n<h6>Catalogues:<\/h6>\n<ul>\n<li class=\"tei-bibl\">Catalogus codicum manuscriptorum Bibliothecae Regiae 3, 3 (Paris 1744)<br \/>\n                     S. 617.<\/li>\n<\/ul><\/div>\n<\/p><\/div>\n<\/p><\/div>\n<div class=\"footnotes-wrapper\"><\/div>\n<\/p><\/div>\n<div class=\"page-break\"><\/div>\n<\/p><\/div>\n<\/div>\n<p><br \/>\n<\/p>\n<div class=\"xsl-output\">\n<div class=\"tei-TEI mss-transcript-xsl transkription-body\">\n<div class=\"tei-text\">\n<h4 id=\"transcription\">Transcription<\/h4>\n<div class=\"tei-front\">\n<h5 id=\"editorial-preface\" data-cap-dyn-menu-caption=\"Editorial Preface\">\n        Editorial Preface to the Transcription<br \/>\n      <\/h5>\n<div class=\"italic tei-encodingDesc\">\n<p class=\"tei-p\">Transkriptionsvorlage:<\/p>\n<\/p><\/div>\n<\/div>\n<div id=\"inhaltsverzeichnis\" style=\"display: none\"><a data-level=\"5\" href=\"#start-of-text\"><br \/>\n          Contents (Rubrics)<br \/>\n        <\/a><a data-level=\"5\" href=\"#start-of-text\"><br \/>\n          Contents (BK-Nos.)<br \/>\n        <\/a><\/div>\n<div class=\"page-break\"><\/div>\n<div class=\"tei-body\" id=\"start-of-text\" data-shortcuts=\"1\">\n<div class=\"glossa-nota-wrapper\" data-shortcuts=\"0\"><\/div>\n<div class=\"corresp-wrapper\" data-shortcuts=\"0\"><\/div>\n<div lang=\"la\" class=\"ab ab-text\"><span> \u00a0<\/span><\/div>\n<div class=\"footnotes-wrapper\"><\/div>\n<div class=\"page-break\"><\/div>\n<div class=\"page-break\"><\/div>\n<\/div>\n<\/div>\n<\/div>\n<\/div>\n<p><br \/>\n<\/p>\n<div class=\"xsl-output\">\n<div class=\"tei-TEI mss-footer-xsl transkription-footer\">\n<h4 id=\"info\">Notes<\/h4>\n<div id=\"legend\">\n<h5>Key<\/h5>\n<table>\n<col class=\"legend-col-1\">\n<col class=\"legend-col-2\">\n<tr>\n<th>Symbols used<\/th>\n<th>Meaning<\/th>\n<\/tr>\n<tr>\n<td>\u00b7\u2003\u02d9\u2003:\u2003.&#8217;\u2003\/<br \/>\n               \u00b7,\u00b7\u2003:\/\u2003,\u2003;\u2003\u2234<\/td>\n<td>Punctuation (as used in<br \/>\n               the mss.)<\/td>\n<\/tr>\n<tr>\n<td><sup>*<\/sup><\/td>\n<td>Footnote (text<br \/>\n               of note appears on mouseover)<\/td>\n<\/tr>\n<tr>\n<td>Bold type (words, phrases)<\/td>\n<td>Rubrics, headings;<br \/>\n               differently rendered by using another font or other visual features<\/td>\n<\/tr>\n<tr>\n<td>Bold type (single letters)<\/td>\n<td>Initials<\/td>\n<\/tr>\n<tr>\n<td>Red<\/td>\n<td>Use of coloured ink<br \/>\n               (of any kind)<\/td>\n<\/tr>\n<tr>\n<td>[xyz]<\/td>\n<td>Uncertain reading,<br \/>\n               text hard to decipher<\/td>\n<\/tr>\n<tr>\n<td>[\u2026]<\/td>\n<td>Illegible text. The number of dots<br \/>\n               indicates the (estimated) number of characters missing<\/td>\n<\/tr>\n<tr>\n<td>\u2020\u2020\u2020<\/td>\n<td>Deleted<br \/>\n               text. The number of crosses indicates the (estimated) number of characters<br \/>\n               missing<\/td>\n<\/tr>\n<tr>\n<td>[\u2020]<\/td>\n<td>Place holder for deleted, non-reconstructable<br \/>\n               passages (<span class=\"italic\">without<\/span> indication of estimated number<br \/>\n               of characters missing)<\/td>\n<\/tr>\n<tr>\n<td>&#8211; &#8211; &#8211;<\/td>\n<td>Space left blank intentionally within a line in the ms.<\/td>\n<\/tr>\n<tr>\n<td>[!]<\/td>\n<td>sic<\/td>\n<\/tr>\n<tr>\n<td>|<\/td>\n<td>Line break<\/td>\n<\/tr>\n<tr>\n<td>[BK 139 c. 1]<\/td>\n<td>Reference to the<br \/>\n               Boretius\/Krause edition<\/td>\n<\/tr>\n<tr>\n<td>[fol. 123r], [p. 123]<\/td>\n<td>Page break<br \/>\n               (fol. or p.) or column break in the ms.<\/td>\n<\/tr>\n<tr>\n<td>\n<div class=\"glossa-nota-wrapper\">\n<div class=\"glossa\"><\/div>\n<\/p><\/div>\n<\/td>\n<td>Glossation<\/td>\n<\/tr>\n<tr>\n<td>\n<div class=\"glossa-nota-wrapper\">\n<div class=\"nota\"><\/div>\n<\/p><\/div>\n<\/td>\n<td>Annotation signs (e.g. nota signs)<\/td>\n<\/tr>\n<\/table>\n<div class=\"hr\"><\/div>\n<\/p><\/div>\n<div class=\"citation\">\n<h5>How to cite<\/h5>\n<div><span class=\"title\">Paris, Biblioth\u00e8que nationale de France, Lat. 4636<\/span>,<\/p>\n<p>         <br \/>\n         in: Capitularia. Edition of the Frankish Capitularies,<br \/>\n         ed. by Karl Ubl and collaborators, Cologne 2014 ff.<br \/>\n         URL: https:\/\/capitularia.uni-koeln.de\/en\/mss\/paris-bn-lat-4636\/ (accessed on April 15, 2026)<br \/>\n         \n         <\/p><\/div>\n<\/p><\/div>\n<div class=\"hr\"><\/div>\n<div id=\"downloads\">\n<h5>Downloads<\/h5>\n<ul class=\"downloads\">\n<li class=\"download-icon\"><a class=\"screen-only ssdone\" href=\"\/cap\/publ\/mss\/paris-bn-lat-4636.xml\" title='&#091;:de&#093;Rechtsklick zum \"Speichern unter\"&#091;:en&#093;right button click to save file&#091;:&#093;'>File in XML<\/a>\n<div class=\"print-only\">File in XML \/cap\/publ\/mss\/paris-bn-lat-4636.xml<\/div>\n<\/li>\n<\/ul><\/div>\n<div class=\"hr\"><\/div>\n<div class=\"tei-revisionDesc\">\n<h5>Revision history<\/h5>\n<table>\n<thead>\n<tr>\n<th class=\"col-1\">Date<\/th>\n<th>Change<\/th>\n<\/tr>\n<\/thead>\n<tbody>\n<tr>\n<td class=\"col1\">2020-12-11<\/td>\n<td>Verortung und Datierung der Handschrift<br \/>\n                  nach Bischoff 1998\/2004\/2014 erg\u00e4nzt<\/td>\n<\/tr>\n<tr>\n<td class=\"col1\">2016<\/td>\n<td><\/td>\n<\/tr>\n<\/tbody>\n<\/table><\/div>\n<\/div>\n<\/div>\n<p><\/p>","protected":false},"excerpt":{"rendered":"","protected":false},"author":10,"featured_media":0,"parent":58,"menu_order":0,"comment_status":"closed","ping_status":"closed","template":"","meta":{"inline_featured_image":false,"footnotes":""},"categories":[],"tags":[8],"class_list":["post-32563","page","type-page","status-publish","hentry","tag-xml"],"_links":{"self":[{"href":"https:\/\/capitularia.uni-koeln.de\/en\/wp-json\/wp\/v2\/pages\/32563","targetHints":{"allow":["GET"]}}],"collection":[{"href":"https:\/\/capitularia.uni-koeln.de\/en\/wp-json\/wp\/v2\/pages"}],"about":[{"href":"https:\/\/capitularia.uni-koeln.de\/en\/wp-json\/wp\/v2\/types\/page"}],"author":[{"embeddable":true,"href":"https:\/\/capitularia.uni-koeln.de\/en\/wp-json\/wp\/v2\/users\/10"}],"replies":[{"embeddable":true,"href":"https:\/\/capitularia.uni-koeln.de\/en\/wp-json\/wp\/v2\/comments?post=32563"}],"version-history":[{"count":0,"href":"https:\/\/capitularia.uni-koeln.de\/en\/wp-json\/wp\/v2\/pages\/32563\/revisions"}],"up":[{"embeddable":true,"href":"https:\/\/capitularia.uni-koeln.de\/en\/wp-json\/wp\/v2\/pages\/58"}],"wp:attachment":[{"href":"https:\/\/capitularia.uni-koeln.de\/en\/wp-json\/wp\/v2\/media?parent=32563"}],"wp:term":[{"taxonomy":"category","embeddable":true,"href":"https:\/\/capitularia.uni-koeln.de\/en\/wp-json\/wp\/v2\/categories?post=32563"},{"taxonomy":"post_tag","embeddable":true,"href":"https:\/\/capitularia.uni-koeln.de\/en\/wp-json\/wp\/v2\/tags?post=32563"}],"curies":[{"name":"wp","href":"https:\/\/api.w.org\/{rel}","templated":true}]}}