{"id":32487,"date":"2025-11-04T21:15:53","date_gmt":"2025-11-04T20:15:53","guid":{"rendered":"https:\/\/capitularia.uni-koeln.de\/mss\/karlsruhe-blb-aug-29\/"},"modified":"2026-04-16T21:46:28","modified_gmt":"2026-04-16T19:46:28","slug":"karlsruhe-blb-aug-29","status":"publish","type":"page","link":"https:\/\/capitularia.uni-koeln.de\/en\/mss\/karlsruhe-blb-aug-29\/","title":{"rendered":"Karlsruhe, Badische Landesbibliothek, Aug. perg. 29"},"content":{"rendered":"<div class=\"xsl-output\">\n<div class=\"tei-TEI mss-header-xsl transkription-header\">\n<div class=\"tei-fileDesc\">\n<h4 id=\"description\" class=\"tei-titleStmt\">Manuscript description according to Mordek<\/h4>\n<div class=\"tei-msDesc\">\n<div id=\"identification\">\n<div class=\"tei-msIdentifier\">\n<h5>Repository<\/h5>\n<p>Karlsruhe<br \/>Badische Landesbibliothek<br \/> Aug. perg. 29<\/p>\n<div>\n<div class=\"tei-altIdentifier\"><u>Siglum<\/u> <span class=\"italic\">Ka1<\/span><\/div>\n<\/p><\/div>\n<\/p><\/div>\n<div class=\"tei-facsimile\">Digital image available at<br \/>\n               <a class=\"external\" href=\"http:\/\/digital.blb-karlsruhe.de\/id\/509090\" title=\"Badische Landesbibliothek\" target=\"_blank\">Badische Landesbibliothek<\/a>\n               <\/div>\n<\/p><\/div>\n<div class=\"page-break\"><\/div>\n<div class=\"tei-history\">\n<h5 id=\"_origin\">Origin and history<\/h5>\n<div class=\"tei-origin\">\n<h6>Origin:<\/h6>\n<p>\n                  9. Jh., 1. Viertel<br \/>\n                  (Mordek), 9. Jh., 2.<br \/>\n                  Viertel (Bischoff);  St. Gallen (Mordek),  Reichenau<br \/>\n                  (Bischoff).<\/p>\n<\/p><\/div>\n<div class=\"tei-provenance\">\n<h6>Provenance:<\/h6>\n<p>Reichenau, vielleicht schon zur Zeit Abt Heitos (im Amt 806-823; \u2020836)<br \/>\n                  auf die Insel transferiert.<\/p>\n<\/p><\/div>\n<\/p><\/div>\n<div class=\"page-break\"><\/div>\n<div class=\"tei-physDesc\">\n<h5 id=\"_description\">Physical description<\/h5>\n<table class=\"tei-physDesc-table\">\n<tbody>\n<tr>\n<th class=\"value\">Material:<\/th>\n<td class=\"text\">\n                        Pergament\n                        <\/td>\n<\/tr>\n<tr>\n<th class=\"value\">Number:<\/th>\n<td class=\"text\">83 foll.<\/p>\n<\/td>\n<\/tr>\n<tr>\n<th class=\"value\">Size:<\/th>\n<td class=\"text\">400-405 \u00d7  310 mm<\/td>\n<\/tr>\n<tr>\n<th class=\"value\">Body text:<\/th>\n<td class=\"text\">305-310 \u00d7  225 mm<\/td>\n<\/tr>\n<tr>\n<th class=\"value\">Quires:<\/th>\n<td class=\"text\">\n<div>6 IV<span class=\"tei-hi rend-super\">48<\/span> + III<span class=\"tei-hi rend-super\">54<\/span> + 2 IV<span class=\"tei-hi rend-super\">70<\/span> + (IV-4)<span class=\"tei-hi rend-super\">74<\/span> + III<span class=\"tei-hi rend-super\">80<\/span> + (III-3)<span class=\"tei-hi rend-super\">83<\/span>\n                           <\/div>\n<div>Kustoden: am Anfang der Lagen Buchstaben<br \/>\n                           r\u00fcckw\u00e4rts im Alphabet von <span class=\"tei-hi rend-italic\">s<\/span> (1<span class=\"tei-hi rend-super\">r<\/span>) bis <span class=\"tei-hi rend-italic\">k<\/span> (63<span class=\"tei-hi rend-super\">r<\/span>).<\/div>\n<\/td>\n<\/tr>\n<tr>\n<th class=\"value\">Lines:<\/th>\n<td class=\"text\">34<\/td>\n<\/tr>\n<tr>\n<th class=\"value\">Columns:<\/th>\n<td class=\"text\">2<\/td>\n<\/tr>\n<tr>\n<th class=\"value\">Script:<\/th>\n<td class=\"text\">\n                        karolingische Minuskel\n                        <\/td>\n<\/tr>\n<tr>\n<th class=\"value\">Decoration:<\/th>\n<td class=\"text\">\n<p>Rubriken meist in roter Unziale oder Capitalis, z. T. mit farbigen<br \/>\n                           F\u00fcllungen, 3v und 4r in Capitalis abwechselnd rot und schwarz (= oxydiertes<br \/>\n                           Silber), teilweise mit gelben, goldenen oder gr\u00fcnen F\u00fcllungen; Initialen in<br \/>\n                           Minium und in brauner Texttinte mit gelben, goldenen oder gr\u00fcnen F\u00fcllungen,<br \/>\n                           gr\u00f6\u00dfere Initialen mit Blatt- und Bandmuster verziert, zuweilen in der Form<br \/>\n                           von Fischen und Tierk\u00f6pfen.<\/p>\n<\/td>\n<\/tr>\n<tr>\n<th class=\"value\">Binding:<\/th>\n<td class=\"text\">\n<p>Hellbraun-r\u00f6tlicher Ledereinband um Holzdeckel mit 2 Schlie\u00dfen, vorn 1<br \/>\n                           Metallbuckel, hinten 5 Metallbuckel (1965 restauriert).<\/p>\n<\/p>\n<\/td>\n<\/tr>\n<\/tbody>\n<\/table><\/div>\n<div class=\"page-break\"><\/div>\n<div class=\"tei-msContents\">\n<h5 id=\"_content\">Contents<\/h5>\n<div class=\"tei-summary\">\n<h6>Note:<\/h6>\n<p>Die k\u00fcnstlerisch hochwertige, nur noch fragmentarisch erhaltene Hs. mit dem<br \/>\n                  Homiliar des Paulus Diaconus (Winterteil; der Sommerteil in Cod. Karlsruhe<br \/>\n                  Aug. 19; siehe auch Cod. Leiden VLF 4, foll.<br \/>\n                  1-3; weitere \u00dcberlieferungen bei <span class=\"tei-hi rend-smallcaps\">Wiegand,<\/span> Das<br \/>\n                  Homiliarium Karls des Grossen, S. 7 ff. und <span class=\"tei-hi rend-smallcaps\">Gr\u00e9goire,<\/span> Hom\u00e9liaires liturgiques, S. 425) bringt nach dem<br \/>\n                  Widmungsgedicht an den Herrscher (fol. 2v; davor 1r und 2r j\u00fcngere Nachtr\u00e4ge<br \/>\n                  10. und 11. Jh.) den empfehlenden Rundbrief Karls des Gro\u00dfen an seinen<br \/>\n                  Klerus:<\/p>\n<\/p><\/div>\n<ul class=\"bare\">\n<li class=\"tei-msItem\">\n<p>\n                     <span class=\"rend-semibold\">3ra-rb<\/span><br \/>\n                     <span class=\"rend-semibold\" title=\"BK\u00a030\">Karoli Magni epistola generalis<\/span> (a. 786\/801):<br \/>\n                     <span class=\"tei-hi rend-italic\">CAROLVS DEI FRETUS AUXILIO REX FRANCORUM ET<br \/>\n                        LANGOBARDORUM AC PATRICIUS ROMANORUM Religiosis lectoribus nostrae<br \/>\n                        ditioni subiectis. Cum nos divina semper domi forisque clementia<\/span> &#8211;<br \/>\n                     <span class=\"tei-hi rend-italic\">in christi ecclesiis tradimus ad legendum<\/span> (MGH<br \/>\n                     Capit. 1, Nr. 30, S. 80 Z. 20 &#8211; S. 81 Z. 9; F. Wiegand [Ed.], Das<br \/>\n                     Homiliarium Karls des Grossen [Studien zur Geschichte der Theologie und der<br \/>\n                     Kirche 1, 2, Leipzig 1897] S. 15 f.; K. Gamber, Codices liturgici latini<br \/>\n                     antiquiores 2 [Spicilegii Friburgensis subsidia 1, 2, Freiburg\/ Schweiz <span class=\"tei-hi rend-super\">2<\/span>1968] S. 599 f., Nr. 1660 und ders., Codices liturgici<br \/>\n                     latini antiquiores\/Supplementum [Spicilegii Friburgensis subsidia 1 A,<br \/>\n                     Freiburg\/Schweiz 1988] S. 162, Nr. 1660). <\/p>\n<\/li>\n<\/ul><\/div>\n<div class=\"page-break\"><\/div>\n<div class=\"tei-listBibl tei-listBibl-not-type\">\n<h5 id=\"_bibliography\">Bibliography<\/h5>\n<div class=\"tei-listBibl tei-listBibl-lit\">\n<h6>References:<\/h6>\n<ul>\n<li class=\"tei-bibl\"> A. Merton, Die Buchmalerei in St. Gallen vom neunten bis zum elften<br \/>\n                     Jahrhundert (Leipzig <span class=\"tei-hi rend-super\">2<\/span>1923) S. 25, 27<\/li>\n<li class=\"tei-bibl\"> M. Krimmenau, Die Stilentwicklung in der St. Galler Ornamentik des 9.<br \/>\n                     und fr\u00fchen l0. Jhs. (Diss. M\u00fcnchen 1951, Ms.) S. 36-37., 110<\/li>\n<li class=\"tei-bibl\">E. J. Beer, Initial und Miniatur. Buchmalerei aus neun Jahrhunderten<br \/>\n                     in Handschriften der Badischen Landesbibliothek (Basel <span class=\"tei-hi rend-super\">2<\/span>1965) S. 21 Nr. 12<\/li>\n<li class=\"tei-bibl\">Suevia sacra. Fr\u00fche Kunst in Schwaben (Augsburg <span class=\"tei-hi rend-super\">2<\/span>1973) S. 166 Nr. 149.<\/li>\n<li class=\"tei-bibl\"><a class=\"internal bib\" href=\"\/resources\/biblio\/#Boretius_1897\" title=\"&#091;:de&#093;Zum bibliographischen Eintrag&#091;:en&#093;To the bibliographic entry&#091;:&#093;\">Boretius 1897, S. XIV.<\/a><\/li>\n<li class=\"tei-bibl\">H. Ehrensberger, Bibliotheca liturgica manuscripta. Nach Hss. d.<br \/>\n                     Gro\u00dfherzogl. Badischen Hof- und Landesbibliothek (Karlsruhe 1889) S. 19-20<\/li>\n<li class=\"tei-bibl\">F. Wiegand, Ein Vorl\u00e4ufer des Paulushomiliars, in: Theologische<br \/>\n                     Studien und Kritiken 75 (1902) S. 193<\/li>\n<li class=\"tei-bibl\"> K. Neff, Die Gedichte des Paulus Diaconus (M\u00fcnchen 1908) S.<br \/>\n                     131-134<\/li>\n<li class=\"tei-bibl\"><a class=\"internal bib\" href=\"\/resources\/biblio\/#Beeson_1913\" title=\"&#091;:de&#093;Zum bibliographischen Eintrag&#091;:en&#093;To the bibliographic entry&#091;:&#093;\">Beeson 1913, S. 105, 115<\/a><\/li>\n<li class=\"tei-bibl\">C. L. Smetana, Aelfric and the early medievalhomiliary, in: Traditio<br \/>\n                     15 (1959) S. 164-180<\/li>\n<li class=\"tei-bibl\">R. Gr\u00e9goire, Les hom\u00e9liaires du moyen \u00e2ge. Inventaire et analyse des<br \/>\n                     manuscrits (Rerum ecclesiasticarum documenta. Series Maior. Fontes 6, Rom<br \/>\n                     1966) S. 71<\/li>\n<li class=\"tei-bibl\">R. Gr\u00e9goire, Hom\u00e9liaires liturgiques m\u00e9di\u00e9vaux. Analyse de manuscrits<br \/>\n                     (Biblioteca degli \u00abStudi medievali\u00bb 12, Spoleto 1980) S. 425, 434.<\/li>\n<\/ul><\/div>\n<div class=\"tei-listBibl tei-listBibl-cat\">\n<h6>Catalogues:<\/h6>\n<ul>\n<li class=\"tei-bibl\">A. Holder, Die Reichenauer Handschriften 1: Die Pergamenthandschriften<br \/>\n                     (Handschriften der Gro\u00dfherzoglich Badischen Hof- und Landesbibliothek in<br \/>\n                     Karlsruhe 5, Leipzig 1906, Neudruck mit bibliographischen Nachtr\u00e4gen<br \/>\n                     Wiesbaden 1970) S. 107-114, 648.<\/li>\n<\/ul><\/div>\n<div class=\"tei-listBibl tei-listBibl-abb\">\n<h6>Images:<\/h6>\n<ul>\n<li class=\"tei-bibl\"> Merton, Die Buchmalerei in St. Gallen, Taf. XIII Nr. 2 (fol. 6r,<br \/>\n                     Ausschnitt bei Merton fehlerhafte Legende)<\/li>\n<li class=\"tei-bibl\">Suevia sacra, Abb. 138 (fol. 6r)<\/li>\n<li class=\"tei-bibl\"> Beer, Initial und Miniatur, S. 75 (fol. 6r, Ausschnitt).<\/li>\n<\/ul><\/div>\n<div class=\"tei-listBibl tei-listBibl-cap\">\n<h6>Project-specific references:<\/h6>\n<ul>\n<li class=\"tei-bibl\"><a class=\"internal bib\" href=\"\/resources\/biblio\/#Mordek_1995\" title=\"&#091;:de&#093;Zum bibliographischen Eintrag&#091;:en&#093;To the bibliographic entry&#091;:&#093;\">Mordek 1995, S. 185-187<\/a><\/li>\n<li class=\"tei-bibl\"><a class=\"internal bib\" href=\"\/resources\/biblio\/#Bierbrauer_1996\" title=\"&#091;:de&#093;Zum bibliographischen Eintrag&#091;:en&#093;To the bibliographic entry&#091;:&#093;\">Bierbrauer 1996, S. 56-57, mit Abb. 5 u. 6<br \/>\n                        auf S. 56 (fol. 48v, 54r)<\/a><\/li>\n<li class=\"tei-bibl\"><a class=\"internal bib\" href=\"\/resources\/biblio\/#Bischoff_1998\" title=\"&#091;:de&#093;Zum bibliographischen Eintrag&#091;:en&#093;To the bibliographic entry&#091;:&#093;\">Bischoff 1998, S. 333, Nr. 1592 (zsm. mit<br \/>\n                        Aug. 19)<\/a><\/li>\n<li class=\"tei-bibl\"><a class=\"internal bib\" href=\"\/resources\/biblio\/#Hoffmann_2004\" title=\"&#091;:de&#093;Zum bibliographischen Eintrag&#091;:en&#093;To the bibliographic entry&#091;:&#093;\">Hoffmann 2004, S. 211-212<\/a><\/li>\n<\/ul><\/div>\n<\/p><\/div>\n<\/p><\/div>\n<div class=\"footnotes-wrapper\"><\/div>\n<\/p><\/div>\n<div class=\"page-break\"><\/div>\n<\/p><\/div>\n<\/div>\n<p><br \/>\n<\/p>\n<div class=\"xsl-output\">\n<div class=\"tei-TEI mss-transcript-xsl transkription-body\">\n<div class=\"tei-text\">\n<h4 id=\"transcription\">Transcription<\/h4>\n<div class=\"tei-front\">\n<h5 id=\"editorial-preface\" data-cap-dyn-menu-caption=\"Editorial Preface\">\n        Editorial Preface to the Transcription<br \/>\n      <\/h5>\n<div class=\"italic tei-encodingDesc\">\n<p class=\"tei-p\">Transkriptionsvorlage:<\/p>\n<\/p><\/div>\n<\/div>\n<div id=\"inhaltsverzeichnis\" style=\"display: none\"><a data-level=\"5\" href=\"#start-of-text\"><br \/>\n          Contents (Rubrics)<br \/>\n        <\/a><a data-level=\"5\" href=\"#start-of-text\"><br \/>\n          Contents (BK-Nos.)<br \/>\n        <\/a><\/div>\n<div class=\"page-break\"><\/div>\n<div class=\"tei-body\" id=\"start-of-text\" data-shortcuts=\"1\">\n<div class=\"glossa-nota-wrapper\" data-shortcuts=\"0\"><\/div>\n<div class=\"corresp-wrapper\" data-shortcuts=\"0\"><\/div>\n<div lang=\"la\" class=\"ab ab-text\" id=\"xxx\"><span> \u00a0<\/span><\/div>\n<div class=\"footnotes-wrapper\"><\/div>\n<div class=\"page-break\"><\/div>\n<div class=\"page-break\"><\/div>\n<\/div>\n<\/div>\n<\/div>\n<\/div>\n<p><br \/>\n<\/p>\n<div class=\"xsl-output\">\n<div class=\"tei-TEI mss-footer-xsl transkription-footer\">\n<h4 id=\"info\">Notes<\/h4>\n<div id=\"legend\">\n<h5>Key<\/h5>\n<table>\n<col class=\"legend-col-1\">\n<col class=\"legend-col-2\">\n<tr>\n<th>Symbols used<\/th>\n<th>Meaning<\/th>\n<\/tr>\n<tr>\n<td>\u00b7\u2003\u02d9\u2003:\u2003.&#8217;\u2003\/<br \/>\n               \u00b7,\u00b7\u2003:\/\u2003,\u2003;\u2003\u2234<\/td>\n<td>Punctuation (as used in<br \/>\n               the mss.)<\/td>\n<\/tr>\n<tr>\n<td><sup>*<\/sup><\/td>\n<td>Footnote (text<br \/>\n               of note appears on mouseover)<\/td>\n<\/tr>\n<tr>\n<td>Bold type (words, phrases)<\/td>\n<td>Rubrics, headings;<br \/>\n               differently rendered by using another font or other visual features<\/td>\n<\/tr>\n<tr>\n<td>Bold type (single letters)<\/td>\n<td>Initials<\/td>\n<\/tr>\n<tr>\n<td>Red<\/td>\n<td>Use of coloured ink<br \/>\n               (of any kind)<\/td>\n<\/tr>\n<tr>\n<td>[xyz]<\/td>\n<td>Uncertain reading,<br \/>\n               text hard to decipher<\/td>\n<\/tr>\n<tr>\n<td>[\u2026]<\/td>\n<td>Illegible text. The number of dots<br \/>\n               indicates the (estimated) number of characters missing<\/td>\n<\/tr>\n<tr>\n<td>\u2020\u2020\u2020<\/td>\n<td>Deleted<br \/>\n               text. The number of crosses indicates the (estimated) number of characters<br \/>\n               missing<\/td>\n<\/tr>\n<tr>\n<td>[\u2020]<\/td>\n<td>Place holder for deleted, non-reconstructable<br \/>\n               passages (<span class=\"italic\">without<\/span> indication of estimated number<br \/>\n               of characters missing)<\/td>\n<\/tr>\n<tr>\n<td>&#8211; &#8211; &#8211;<\/td>\n<td>Space left blank intentionally within a line in the ms.<\/td>\n<\/tr>\n<tr>\n<td>[!]<\/td>\n<td>sic<\/td>\n<\/tr>\n<tr>\n<td>|<\/td>\n<td>Line break<\/td>\n<\/tr>\n<tr>\n<td>[BK 139 c. 1]<\/td>\n<td>Reference to the<br \/>\n               Boretius\/Krause edition<\/td>\n<\/tr>\n<tr>\n<td>[fol. 123r], [p. 123]<\/td>\n<td>Page break<br \/>\n               (fol. or p.) or column break in the ms.<\/td>\n<\/tr>\n<tr>\n<td>\n<div class=\"glossa-nota-wrapper\">\n<div class=\"glossa\"><\/div>\n<\/p><\/div>\n<\/td>\n<td>Glossation<\/td>\n<\/tr>\n<tr>\n<td>\n<div class=\"glossa-nota-wrapper\">\n<div class=\"nota\"><\/div>\n<\/p><\/div>\n<\/td>\n<td>Annotation signs (e.g. nota signs)<\/td>\n<\/tr>\n<\/table>\n<div class=\"hr\"><\/div>\n<\/p><\/div>\n<div class=\"citation\">\n<h5>How to cite<\/h5>\n<div><span class=\"title\">Karlsruhe, Badische Landesbibliothek, Aug. perg. 29<\/span>,<\/p>\n<p>         <br \/>\n         in: Capitularia. Edition of the Frankish Capitularies,<br \/>\n         ed. by Karl Ubl and collaborators, Cologne 2014 ff.<br \/>\n         URL: https:\/\/capitularia.uni-koeln.de\/en\/mss\/karlsruhe-blb-aug-29\/ (accessed on April 16, 2026)<br \/>\n         \n         <\/p><\/div>\n<\/p><\/div>\n<div class=\"hr\"><\/div>\n<div id=\"downloads\">\n<h5>Downloads<\/h5>\n<ul class=\"downloads\">\n<li class=\"download-icon\"><a class=\"screen-only ssdone\" href=\"\/cap\/publ\/mss\/karlsruhe-blb-aug-29.xml\" title='&#091;:de&#093;Rechtsklick zum \"Speichern unter\"&#091;:en&#093;right button click to save file&#091;:&#093;'>File in XML<\/a>\n<div class=\"print-only\">File in XML \/cap\/publ\/mss\/karlsruhe-blb-aug-29.xml<\/div>\n<\/li>\n<\/ul><\/div>\n<div class=\"hr\"><\/div>\n<div class=\"tei-revisionDesc\">\n<h5>Revision history<\/h5>\n<table>\n<thead>\n<tr>\n<th class=\"col-1\">Date<\/th>\n<th>Change<\/th>\n<\/tr>\n<\/thead>\n<tbody>\n<tr>\n<td class=\"col1\">2016<\/td>\n<td><\/td>\n<\/tr>\n<tr>\n<td class=\"col1\">2020-12-11<\/td>\n<td>Verortung und Datierung der Handschrift nach Bischoff<br \/>\n                  1998\/2004\/2014 erg\u00e4nzt<\/td>\n<\/tr>\n<\/tbody>\n<\/table><\/div>\n<\/div>\n<\/div>\n<p><\/p>","protected":false},"excerpt":{"rendered":"","protected":false},"author":10,"featured_media":0,"parent":58,"menu_order":0,"comment_status":"closed","ping_status":"closed","template":"","meta":{"inline_featured_image":false,"footnotes":""},"categories":[],"tags":[8],"class_list":["post-32487","page","type-page","status-publish","hentry","tag-xml"],"_links":{"self":[{"href":"https:\/\/capitularia.uni-koeln.de\/en\/wp-json\/wp\/v2\/pages\/32487","targetHints":{"allow":["GET"]}}],"collection":[{"href":"https:\/\/capitularia.uni-koeln.de\/en\/wp-json\/wp\/v2\/pages"}],"about":[{"href":"https:\/\/capitularia.uni-koeln.de\/en\/wp-json\/wp\/v2\/types\/page"}],"author":[{"embeddable":true,"href":"https:\/\/capitularia.uni-koeln.de\/en\/wp-json\/wp\/v2\/users\/10"}],"replies":[{"embeddable":true,"href":"https:\/\/capitularia.uni-koeln.de\/en\/wp-json\/wp\/v2\/comments?post=32487"}],"version-history":[{"count":0,"href":"https:\/\/capitularia.uni-koeln.de\/en\/wp-json\/wp\/v2\/pages\/32487\/revisions"}],"up":[{"embeddable":true,"href":"https:\/\/capitularia.uni-koeln.de\/en\/wp-json\/wp\/v2\/pages\/58"}],"wp:attachment":[{"href":"https:\/\/capitularia.uni-koeln.de\/en\/wp-json\/wp\/v2\/media?parent=32487"}],"wp:term":[{"taxonomy":"category","embeddable":true,"href":"https:\/\/capitularia.uni-koeln.de\/en\/wp-json\/wp\/v2\/categories?post=32487"},{"taxonomy":"post_tag","embeddable":true,"href":"https:\/\/capitularia.uni-koeln.de\/en\/wp-json\/wp\/v2\/tags?post=32487"}],"curies":[{"name":"wp","href":"https:\/\/api.w.org\/{rel}","templated":true}]}}