{"id":32378,"date":"2025-08-12T16:44:07","date_gmt":"2025-08-12T14:44:07","guid":{"rendered":"https:\/\/capitularia.uni-koeln.de\/mss\/paris-bn-nouv-acq-lat-1632\/"},"modified":"2026-03-26T06:10:52","modified_gmt":"2026-03-26T05:10:52","slug":"paris-bn-nouv-acq-lat-1632","status":"publish","type":"page","link":"https:\/\/capitularia.uni-koeln.de\/en\/mss\/paris-bn-nouv-acq-lat-1632\/","title":{"rendered":"Paris, Biblioth\u00e8que nationale de France, nouv. acq. Lat. 1632"},"content":{"rendered":"<div class=\"xsl-output\">\n<div class=\"tei-TEI mss-header-xsl transkription-header\">\n<div class=\"tei-fileDesc\">\n<h4 id=\"description\" class=\"tei-titleStmt\">Manuscript description according to Mordek<\/h4>\n<div class=\"tei-msDesc\">\n<div id=\"identification\">\n<div class=\"tei-msIdentifier\">\n<h5>Repository<\/h5>\n<p>Paris<br \/>Biblioth\u00e8que nationale de France<br \/> nouv. acq. Lat 1632, foll. 106-150<\/p>\n<div>\n<div class=\"tei-msNames\"><u>Name:<\/u> Codex Aurelianensis<\/div>\n<div class=\"tei-altIdentifier\"><u>Siglum<\/u> <span class=\"italic\">P29<\/span><\/div>\n<\/p><\/div>\n<\/p><\/div>\n<div class=\"tei-facsimile\">Digital image available at<br \/>\n               <a class=\"external\" href=\"https:\/\/gallica.bnf.fr\/ark:\/12148\/btv1b52506589n\" title=\"Gallica\" target=\"_blank\">Gallica<\/a>\n               <\/div>\n<\/p><\/div>\n<div class=\"page-break\"><\/div>\n<div class=\"tei-history\">\n<h5 id=\"_origin\">Origin and history<\/h5>\n<div class=\"tei-origin\">\n<h6>Origin:<\/h6>\n<p>\n                   10. Jh., 1.<br \/>\n                  H\u00e4lfte; wahrscheinlich Frankreich<\/p>\n<\/p><\/div>\n<div class=\"tei-provenance\">\n<h6>Provenance:<\/h6>\n<p>Provenienz der ganzen Hs.: Familie Prousteau, Orl\u00e9ans (Baluze verdankte die<br \/>\n                  Einsichtnahme der von ihm glossierten Hs. \u201eAymo Prustus \u00e0 Campoburgo<br \/>\n                  Consiliarius regius &amp; Antecessor Aurelianensis\u201c) (Codex Aurelianensis);<br \/>\n                  in die Biblioth\u00e8que municipale von Orl\u00e9ans (Signatur: 662) wohl<br \/>\n                  \u00fcber Guillaume Prousteau gelangt, den Bibliotheksgr\u00fcnder von 1714; gestohlen<br \/>\n                  von Graf Libri-Carrucci (dalla Somaia) (Nr. 41 im Fonds Libri;<br \/>\n                  gef\u00e4lschter Besitzvermerk fol. 150v: <span class=\"tei-hi rend-italic\">monasterii s. Zenonis<br \/>\n                     maioris Veronae<\/span>) und 1847 an Lord Ashburnham (\u2020 1878) verkauft; 1888<br \/>\n                  mit anderem Diebesgut Libris von der Biblioth\u00e8que Nationale zur\u00fcckerworben.<br \/>\n                  Zur irrigen Provenienzangabe Saint-Beno\u00eet-sur-Loire (Fleury) vgl. Christ,<br \/>\n                  Schlo\u00dfbibliothek von Nikolsburg, S. 317 Anm. 1.<\/p>\n<\/p><\/div>\n<\/p><\/div>\n<div class=\"page-break\"><\/div>\n<div class=\"tei-physDesc\">\n<h5 id=\"_description\">Physical description<\/h5>\n<table class=\"tei-physDesc-table\">\n<tbody>\n<tr>\n<th class=\"value\">Material:<\/th>\n<td class=\"text\">\n                        Pergament\n                        <\/td>\n<\/tr>\n<tr>\n<th class=\"value\">Number:<\/th>\n<td class=\"text\">unser Teil: 45 foll. (numeriert 106-150, in einer Sammelhs. von<br \/>\n                        insgesamt 152 foll.) <\/p>\n<\/td>\n<\/tr>\n<tr>\n<th class=\"value\">Size:<\/th>\n<td class=\"text\">260-265 \u00d7 190-195 mm<\/td>\n<\/tr>\n<tr>\n<th class=\"value\">Body text:<\/th>\n<td class=\"text\">220-225 \u00d7 145-150 mm<\/td>\n<\/tr>\n<tr>\n<th class=\"value\">Quires:<\/th>\n<td class=\"text\">\n<div>4 IV<span class=\"tei-hi rend-super\">137<\/span> + V<span class=\"tei-hi rend-super\">147<\/span> +<br \/>\n                           3<span class=\"tei-hi rend-super\">150<\/span>\n                           <\/div>\n<\/td>\n<\/tr>\n<tr>\n<th class=\"value\">Lines:<\/th>\n<td class=\"text\">35<\/td>\n<\/tr>\n<tr>\n<th class=\"value\">Columns:<\/th>\n<td class=\"text\">1<\/td>\n<\/tr>\n<tr>\n<th class=\"value\">Script:<\/th>\n<td class=\"text\">\n                        zierliche karolingische Minuskel\n                        <\/td>\n<\/tr>\n<tr>\n<th class=\"value\">Scribe(s):<\/th>\n<td class=\"text\">\n                        wenigstens zwei H\u00e4nde\n                        <\/td>\n<\/tr>\n<tr>\n<th class=\"value\">Decoration:<\/th>\n<td class=\"text\">\n<p>Rubriken (Capitalis rustica), Initialen, Zahlen und Text: alles in hell- und<br \/>\n                           dunkelbrauner Tinte. Einige Randrubriken 12. Jh.<\/p>\n<\/td>\n<\/tr>\n<tr>\n<th class=\"value\">Binding:<\/th>\n<td class=\"text\">\n<p>Dunkelbrauner Halbledereinband mit Holzdeckel und R\u00fcckenaufschrift: <span class=\"tei-hi rend-italic\">BEDA SENTENTIAE PATRUM. CONCILIUM MELDENSE. CAPITULARIA<br \/>\n                              REGUM FRANCORUM.<\/span>\n                           <\/p>\n<\/p>\n<\/td>\n<\/tr>\n<\/tbody>\n<\/table><\/div>\n<div class=\"page-break\"><\/div>\n<div class=\"tei-msContents\">\n<h5 id=\"_content\">Contents<\/h5>\n<div class=\"tei-summary\">\n<h6>Note:<\/h6>\n<p>Zur Einstufung des Ansegis siehe Cod. Barcelona Ripoll 40.<\/p>\n<\/p><\/div>\n<ul class=\"bare\">\n<li class=\"tei-msItem\">\n<p>\n                     <span class=\"rend-semibold\">106r- 119r<\/span><br \/>\n                     <span class=\"rend-semibold\" title=\"BK\u00a0293\">Konzil von Meaux-Paris<\/span> (a. 845-846), ohne<br \/>\n                     cc. 80 und 83 (MGH Capit. 2, S. 390-420; MGH Conc. 3, S. 81-127, zur Hs. S.<br \/>\n                     64; am Anfang sind die Kapitularien von Coulaines und Y\u00fctz [au\u00dfer c. 5]<br \/>\n                     rezipiert); von Baluze mit der Edition Sirmonds verglichen in Cod. Paris,<br \/>\n                     Biblioth\u00e8que Nationale, Baluze 9 (17. Jh.). <\/p>\n<\/li>\n<li class=\"tei-msItem\">\n<p>\n                     <span class=\"rend-semibold\">119v-147v<\/span><br \/>\n                     <span class=\"rend-semibold\" title=\"BK\u00a0183\">Ansegisi abbatis capitularium collectio<\/span>,<br \/>\n                     Praefatio, B\u00fccher 1-4, Appendices 1 und 2, doch ohne Buch 4, cc. 19-21 (in<br \/>\n                     der Capitulatio durchgestrichen) und cc. 70-74; die Praefatio Karls des<br \/>\n                     Gro\u00dfen zu Buch 1 ist an den Anfang gestellt (Verse und Incipit fehlen), dann<br \/>\n                     folgt die Praefatio des Ansegis unter der \u00dcberschrift <span class=\"tei-hi rend-italic\">Secunda PRAEFATIO GLORIOSISSIMORVM PRINCIPVM DOMNI LVDOWICI AVGVSTI ET<br \/>\n                        CHLOTARII CESARIS;<\/span> endet mit der Lage, also wohl fragmentarisch, in<br \/>\n                     App. 2, c. 34 <span class=\"tei-hi rend-italic\">licenciam habeat<\/span> (MGH Capit. 1, S.<br \/>\n                     394-449). <\/p>\n<\/li>\n<li class=\"tei-msItem\">\n<p>\n                     <span class=\"rend-semibold\">148r-150v<\/span><br \/> (Von anderer Hand) Kleine Kanonessammlung \u00fcber die<br \/>\n                     Anklage von Klerikern u. \u00e4., gesch\u00f6pft vor allem aus den Pseudoisidorischen<br \/>\n                     F\u00e4lschungen, aber auch aus echten Quellen. <\/p>\n<\/li>\n<\/ul><\/div>\n<div class=\"page-break\"><\/div>\n<div class=\"tei-listBibl tei-listBibl-not-type\">\n<h5 id=\"_bibliography\">Bibliography<\/h5>\n<div class=\"tei-listBibl tei-listBibl-lit\">\n<h6>References:<\/h6>\n<ul>\n<li class=\"tei-bibl\"> L. Delisle, Notice sur plusieurs manuscrits de la biblioth\u00e8que<br \/>\n                     d\u2019Orl\u00e9ans, in: Notices et extraits des manuscrits de la Biblioth\u00e8que<br \/>\n                     nationale et autres biblioth\u00e8ques 31, 1 (Paris 1884) S. 416-418<br \/>\n                     (Beschreibung von J. Havet) <\/li>\n<li class=\"tei-bibl\"><a class=\"internal bib\" href=\"\/resources\/biblio\/#Baluze_1677\" title=\"&#091;:de&#093;Zum bibliographischen Eintrag&#091;:en&#093;To the bibliographic entry&#091;:&#093;\">Baluze 1677, Sp. 1441 f.<\/a><\/li>\n<li class=\"tei-bibl\"><a class=\"internal bib\" href=\"\/resources\/biblio\/#Pertz_G_1835\" title=\"&#091;:de&#093;Zum bibliographischen Eintrag&#091;:en&#093;To the bibliographic entry&#091;:&#093;\">Pertz G 1835, S. 268 (Codex Aurelianensis)<\/a><\/li>\n<li class=\"tei-bibl\"><a class=\"internal bib\" href=\"\/resources\/biblio\/#Boretius_1897\" title=\"&#091;:de&#093;Zum bibliographischen Eintrag&#091;:en&#093;To the bibliographic entry&#091;:&#093;\">Boretius 1897, S. XXV f.<\/a><\/li>\n<li class=\"tei-bibl\"> Vorwiegend zu den anderen Teilen der Hs.: A. Wilmart, L\u2019admonition de<br \/>\n                     Jonas au roi P\u00e9pin et le floril\u00e8ge canonique d\u2019 Orl\u00e9ans, in: Rev. B\u00e9n. 45<br \/>\n                     (1933) S. 218 f. u. \u00f6.<\/li>\n<li class=\"tei-bibl\"> Ein karolingischer Konzilsbrief und der F\u00fcrstenspiegel Hincmars von<br \/>\n                     Reims. Aus dem Nachla\u00df Gerhard Laehrs hg. von C. Erdmann, in: NA 50<br \/>\n                     (1935) S. 107-109 u. \u00f6.<\/li>\n<li class=\"tei-bibl\"><a class=\"internal bib\" href=\"\/resources\/biblio\/#Christ_1937\" title=\"&#091;:de&#093;Zum bibliographischen Eintrag&#091;:en&#093;To the bibliographic entry&#091;:&#093;\"> Christ, Schlo\u00dfbibliothek von Nikolsburg, S. 317 mit Anm. 1<\/a><\/li>\n<li class=\"tei-bibl\"><a class=\"internal bib\" href=\"\/resources\/biblio\/#Eckhardt_W_1959\" title=\"&#091;:de&#093;Zum bibliographischen Eintrag&#091;:en&#093;To the bibliographic entry&#091;:&#093;\"> Eckhardt W 1959, S. 138<br \/>\n                        f.<\/a><\/li>\n<li class=\"tei-bibl\"><a class=\"internal bib\" href=\"\/resources\/biblio\/#Anton_1968\" title=\"&#091;:de&#093;Zum bibliographischen Eintrag&#091;:en&#093;To the bibliographic entry&#091;:&#093;\"> Anton 1968, S. 221 f.<\/a><\/li>\n<li class=\"tei-bibl\"><a class=\"internal bib\" href=\"\/resources\/biblio\/#Mordek_1975\" title=\"&#091;:de&#093;Zum bibliographischen Eintrag&#091;:en&#093;To the bibliographic entry&#091;:&#093;\"> Mordek 1975, S. 226 Anm. 60<\/a><\/li>\n<li class=\"tei-bibl\"><a class=\"internal bib\" href=\"\/resources\/biblio\/#McKitterick_1980\" title=\"&#091;:de&#093;Zum bibliographischen Eintrag&#091;:en&#093;To the bibliographic entry&#091;:&#093;\"> McKitterick 1980, S. 27<\/a><\/li>\n<\/ul><\/div>\n<div class=\"tei-listBibl tei-listBibl-cat\">\n<h6>Catalogues:<\/h6>\n<ul>\n<li class=\"tei-bibl\">L. Delisle, Catalogue des manuscrits des fonds Libri et Barrois (Paris<br \/>\n                     1888) S. 111-115 u. \u00f6.<\/li>\n<li class=\"tei-bibl\">Catalogue g\u00e9n\u00e9ral des manuscrits des biblioth\u00e8ques publiques de<br \/>\n                     France. D\u00e9partements 12 (Paris 1889) S. 270 (Ch. Cuissard)<\/li>\n<li class=\"tei-bibl\">Biblioth\u00e8que Nationale. Manuscrits latins et fran\u00e7ais ajout\u00e9s aux<br \/>\n                     fonds de Nouvelles Acquisitions pendant les ann\u00e9es 1875-1891. Inventaire<br \/>\n                     alphab\u00e9tique, von L. Delisle, 1 (Paris 1891) S. 94<\/li>\n<\/ul><\/div>\n<div class=\"tei-listBibl tei-listBibl-cap\">\n<h6>Project-specific references:<\/h6>\n<ul>\n<li class=\"tei-bibl\"><a class=\"internal bib\" href=\"\/resources\/biblio\/#Mostert_1989\" title=\"&#091;:de&#093;Zum bibliographischen Eintrag&#091;:en&#093;To the bibliographic entry&#091;:&#093;\">Mostert 1989, S. 247<\/a><\/li>\n<li class=\"tei-bibl\"><a class=\"internal bib\" href=\"\/resources\/biblio\/#Mordek_1995\" title=\"&#091;:de&#093;Zum bibliographischen Eintrag&#091;:en&#093;To the bibliographic entry&#091;:&#093;\">Mordek 1995, S. 624-625<\/a><\/li>\n<li class=\"tei-bibl\"><a class=\"internal bib\" href=\"\/resources\/biblio\/#Bischoff_2014\" title=\"&#091;:de&#093;Zum bibliographischen Eintrag&#091;:en&#093;To the bibliographic entry&#091;:&#093;\">Bischoff 2014, S. 244, Nr. 5109 u. 5110 (nur<br \/>\n                        zu den anderen, \u00e4lteren Teilen der Hs., fol. 1-67 u. fol. 68-105)<\/a><\/li>\n<\/ul><\/div>\n<\/p><\/div>\n<\/p><\/div>\n<div class=\"footnotes-wrapper\"><\/div>\n<\/p><\/div>\n<div class=\"page-break\"><\/div>\n<\/p><\/div>\n<\/div>\n<p><br \/>\n<\/p>\n<div class=\"xsl-output\">\n<div class=\"tei-TEI mss-transcript-xsl transkription-body\">\n<div class=\"tei-text\">\n<h4 id=\"transcription\">Transcription<\/h4>\n<div class=\"tei-front\">\n<h5 id=\"editorial-preface\" data-cap-dyn-menu-caption=\"Editorial Preface\">\n        Editorial Preface to the Transcription<br \/>\n      <\/h5>\n<div class=\"italic tei-encodingDesc\">\n<p class=\"tei-p\">Transkriptionsvorlage:<\/p>\n<\/p><\/div>\n<\/div>\n<div id=\"inhaltsverzeichnis\" style=\"display: none\"><a data-level=\"5\" href=\"#start-of-text\"><br \/>\n          Contents (Rubrics)<br \/>\n        <\/a><a data-level=\"5\" href=\"#start-of-text\"><br \/>\n          Contents (BK-Nos.)<br \/>\n        <\/a><\/div>\n<div class=\"page-break\"><\/div>\n<div class=\"tei-body\" id=\"start-of-text\" data-shortcuts=\"1\">\n<div class=\"glossa-nota-wrapper\" data-shortcuts=\"0\"><\/div>\n<div class=\"corresp-wrapper\" data-shortcuts=\"0\"><\/div>\n<div lang=\"la\" class=\"ab ab-text\"><span> \u00a0<\/span><\/div>\n<div class=\"footnotes-wrapper\"><\/div>\n<div class=\"page-break\"><\/div>\n<div class=\"page-break\"><\/div>\n<\/div>\n<\/div>\n<\/div>\n<\/div>\n<p><br \/>\n<\/p>\n<div class=\"xsl-output\">\n<div class=\"tei-TEI mss-footer-xsl transkription-footer\">\n<h4 id=\"info\">Notes<\/h4>\n<div id=\"legend\">\n<h5>Key<\/h5>\n<table>\n<col class=\"legend-col-1\">\n<col class=\"legend-col-2\">\n<tr>\n<th>Symbols used<\/th>\n<th>Meaning<\/th>\n<\/tr>\n<tr>\n<td>\u00b7\u2003\u02d9\u2003:\u2003.&#8217;\u2003\/<br \/>\n               \u00b7,\u00b7\u2003:\/\u2003,\u2003;\u2003\u2234<\/td>\n<td>Punctuation (as used in<br \/>\n               the mss.)<\/td>\n<\/tr>\n<tr>\n<td><sup>*<\/sup><\/td>\n<td>Footnote (text<br \/>\n               of note appears on mouseover)<\/td>\n<\/tr>\n<tr>\n<td>Bold type (words, phrases)<\/td>\n<td>Rubrics, headings;<br \/>\n               differently rendered by using another font or other visual features<\/td>\n<\/tr>\n<tr>\n<td>Bold type (single letters)<\/td>\n<td>Initials<\/td>\n<\/tr>\n<tr>\n<td>Red<\/td>\n<td>Use of coloured ink<br \/>\n               (of any kind)<\/td>\n<\/tr>\n<tr>\n<td>[xyz]<\/td>\n<td>Uncertain reading,<br \/>\n               text hard to decipher<\/td>\n<\/tr>\n<tr>\n<td>[\u2026]<\/td>\n<td>Illegible text. The number of dots<br \/>\n               indicates the (estimated) number of characters missing<\/td>\n<\/tr>\n<tr>\n<td>\u2020\u2020\u2020<\/td>\n<td>Deleted<br \/>\n               text. The number of crosses indicates the (estimated) number of characters<br \/>\n               missing<\/td>\n<\/tr>\n<tr>\n<td>[\u2020]<\/td>\n<td>Place holder for deleted, non-reconstructable<br \/>\n               passages (<span class=\"italic\">without<\/span> indication of estimated number<br \/>\n               of characters missing)<\/td>\n<\/tr>\n<tr>\n<td>&#8211; &#8211; &#8211;<\/td>\n<td>Space left blank intentionally within a line in the ms.<\/td>\n<\/tr>\n<tr>\n<td>[!]<\/td>\n<td>sic<\/td>\n<\/tr>\n<tr>\n<td>|<\/td>\n<td>Line break<\/td>\n<\/tr>\n<tr>\n<td>[BK 139 c. 1]<\/td>\n<td>Reference to the<br \/>\n               Boretius\/Krause edition<\/td>\n<\/tr>\n<tr>\n<td>[fol. 123r], [p. 123]<\/td>\n<td>Page break<br \/>\n               (fol. or p.) or column break in the ms.<\/td>\n<\/tr>\n<tr>\n<td>\n<div class=\"glossa-nota-wrapper\">\n<div class=\"glossa\"><\/div>\n<\/p><\/div>\n<\/td>\n<td>Glossation<\/td>\n<\/tr>\n<tr>\n<td>\n<div class=\"glossa-nota-wrapper\">\n<div class=\"nota\"><\/div>\n<\/p><\/div>\n<\/td>\n<td>Annotation signs (e.g. nota signs)<\/td>\n<\/tr>\n<\/table>\n<div class=\"hr\"><\/div>\n<\/p><\/div>\n<div class=\"citation\">\n<h5>How to cite<\/h5>\n<div><span class=\"title\">Paris, Biblioth\u00e8que nationale de France, nouv. acq. Lat. 1632<\/span>,<\/p>\n<p>         <br \/>\n         in: Capitularia. Edition of the Frankish Capitularies,<br \/>\n         ed. by Karl Ubl and collaborators, Cologne 2014 ff.<br \/>\n         URL: https:\/\/capitularia.uni-koeln.de\/en\/mss\/paris-bn-nouv-acq-lat-1632\/ (accessed on April 16, 2026)<br \/>\n         \n         <\/p><\/div>\n<\/p><\/div>\n<div class=\"hr\"><\/div>\n<div id=\"downloads\">\n<h5>Downloads<\/h5>\n<ul class=\"downloads\">\n<li class=\"download-icon\"><a class=\"screen-only ssdone\" href=\"\/cap\/publ\/mss\/paris-bn-nouv-acq-lat-1632.xml\" title='&#091;:de&#093;Rechtsklick zum \"Speichern unter\"&#091;:en&#093;right button click to save file&#091;:&#093;'>File in XML<\/a>\n<div class=\"print-only\">File in XML \/cap\/publ\/mss\/paris-bn-nouv-acq-lat-1632.xml<\/div>\n<\/li>\n<\/ul><\/div>\n<\/div>\n<\/div>\n<p><\/p>","protected":false},"excerpt":{"rendered":"","protected":false},"author":10,"featured_media":0,"parent":58,"menu_order":0,"comment_status":"closed","ping_status":"closed","template":"","meta":{"inline_featured_image":false,"footnotes":""},"categories":[],"tags":[8],"class_list":["post-32378","page","type-page","status-publish","hentry","tag-xml"],"_links":{"self":[{"href":"https:\/\/capitularia.uni-koeln.de\/en\/wp-json\/wp\/v2\/pages\/32378","targetHints":{"allow":["GET"]}}],"collection":[{"href":"https:\/\/capitularia.uni-koeln.de\/en\/wp-json\/wp\/v2\/pages"}],"about":[{"href":"https:\/\/capitularia.uni-koeln.de\/en\/wp-json\/wp\/v2\/types\/page"}],"author":[{"embeddable":true,"href":"https:\/\/capitularia.uni-koeln.de\/en\/wp-json\/wp\/v2\/users\/10"}],"replies":[{"embeddable":true,"href":"https:\/\/capitularia.uni-koeln.de\/en\/wp-json\/wp\/v2\/comments?post=32378"}],"version-history":[{"count":0,"href":"https:\/\/capitularia.uni-koeln.de\/en\/wp-json\/wp\/v2\/pages\/32378\/revisions"}],"up":[{"embeddable":true,"href":"https:\/\/capitularia.uni-koeln.de\/en\/wp-json\/wp\/v2\/pages\/58"}],"wp:attachment":[{"href":"https:\/\/capitularia.uni-koeln.de\/en\/wp-json\/wp\/v2\/media?parent=32378"}],"wp:term":[{"taxonomy":"category","embeddable":true,"href":"https:\/\/capitularia.uni-koeln.de\/en\/wp-json\/wp\/v2\/categories?post=32378"},{"taxonomy":"post_tag","embeddable":true,"href":"https:\/\/capitularia.uni-koeln.de\/en\/wp-json\/wp\/v2\/tags?post=32378"}],"curies":[{"name":"wp","href":"https:\/\/api.w.org\/{rel}","templated":true}]}}