{"id":32377,"date":"2025-08-12T16:43:42","date_gmt":"2025-08-12T14:43:42","guid":{"rendered":"https:\/\/capitularia.uni-koeln.de\/mss\/metz-bm-1154\/"},"modified":"2026-03-26T05:08:42","modified_gmt":"2026-03-26T04:08:42","slug":"metz-bm-1154","status":"publish","type":"page","link":"https:\/\/capitularia.uni-koeln.de\/en\/mss\/metz-bm-1154\/","title":{"rendered":"Metz, Biblioth\u00e8que municipale, 1154"},"content":{"rendered":"<div class=\"xsl-output\">\n<div class=\"tei-TEI mss-header-xsl transkription-header\">\n<div class=\"tei-fileDesc\">\n<h4 id=\"description\" class=\"tei-titleStmt\">Manuscript description according to Mordek<\/h4>\n<div class=\"tei-msDesc\">\n<div id=\"identification\">\n<div class=\"tei-msIdentifier\">\n<h5>Repository<\/h5>\n<p>Metz<br \/>Biblioth\u00e8que municipale<br \/> 1154, foll. 1-76<\/p>\n<div>\n<div class=\"tei-altIdentifier\"><u>Siglum<\/u> <span class=\"italic\">Mz<\/span><\/div>\n<\/p><\/div>\n<\/p><\/div>\n<div class=\"tei-facsimile\">Digital image available at<br \/>\n               <a class=\"external\" href=\"http:\/\/bvmm.irht.cnrs.fr\/resultRecherche\/resultRecherche.php?COMPOSITION_ID=20979\" title=\"Biblioth\u00e8que virtuelle\" target=\"_blank\">Biblioth\u00e8que virtuelle<\/a>\n               <\/div>\n<\/p><\/div>\n<div class=\"page-break\"><\/div>\n<div class=\"tei-history\">\n<h5 id=\"_origin\">Origin and history<\/h5>\n<div class=\"tei-origin\">\n<h6>Origin:<\/h6>\n<p>\n                  A. 1157; von<br \/>\n                  Paganus im Auftrag des Abts Johannes Strambus von Sant\u2019 Ilario (bei<br \/>\n                  Venedig) geschrieben (Eintr\u00e4ge fol. lr, Kolophon fol. 75r<br \/>\n                  etc.).<\/p>\n<\/p><\/div>\n<div class=\"tei-provenance\">\n<h6>Provenance:<\/h6>\n<p>Kloster Sant\u2019 Ilario (bei Venedig). Alte Signatur: Fonds Salis N\u00b0<br \/>\n                  8.\n                  <\/p>\n<\/p><\/div>\n<\/p><\/div>\n<div class=\"page-break\"><\/div>\n<div class=\"tei-msContents\">\n<h5 id=\"_content\">Contents<\/h5>\n<div class=\"tei-summary\">\n<h6>Note:<\/h6>\n<p>Das Nekrologium foll. 77-100 stammt aus dem 14. Jh., w\u00e4hrend fol. 101 mit<br \/>\n                  Professiones, Wappen und Federproben (ab Ende 13. Jh.) schon fr\u00fcher letztes<br \/>\n                  Blatt der Hs. gewesen sein d\u00fcrfte. <br \/>Wie h\u00e4ufig, so folgt auch in der<br \/>\n                  Metzer \u00dcberlieferung das Capitulare monasticum III Ludwigs des Frommen auf<br \/>\n                  die Benediktregel. Zusammen mit dem Martyrolog und dem sp\u00e4teren Nekrolog<br \/>\n                  d\u00fcrfte die Hs. einst als Kapiteloffiziumsbuch gedient haben.<\/p>\n<\/p><\/div>\n<ul class=\"bare\">\n<li class=\"tei-msItem\">\n<p>\n                     <span class=\"rend-semibold\">1r<\/span><br \/> Widmung, Datierung u. a. (vgl. hier wie zum Folgenden die<br \/>\n                     Mitteilungen Wilmarts). 1v-28v Martyrologium. <\/p>\n<\/li>\n<li class=\"tei-msItem\">\n<p>\n                     <span class=\"rend-semibold\">28v-73r<\/span><br \/> Benediktregel (CSEL 75, S. 1-181); daran angeh\u00e4ngt<br \/>\n                     zwei Formeln: <span class=\"tei-hi rend-italic\">Promissio regule<\/span> und <span class=\"tei-hi rend-italic\">Petitio nouitiorum<\/span>, fragmentarisch<br \/>\n                     abbrechend mit <span class=\"tei-hi rend-italic\">concessus<\/span> (Formulae extravagantes II,<br \/>\n                     30-31; MGH Formulae, S. 570 Z. 1-6). <\/p>\n<\/li>\n<li class=\"tei-msItem\">\n<p>\n                     <span class=\"rend-semibold\">73v-74r<\/span><br \/> (Von j\u00fcngerer Hand, auf Rasur) Offizium der Hl. Maria<br \/>\n                     Magdalena (neumiert). <\/p>\n<\/li>\n<li class=\"tei-msItem\">\n<p>\n                     <span class=\"rend-semibold\">74r-75r<\/span><br \/>\n                     <span class=\"rend-semibold\" title=\"BK\u00a0170\">Capitulare monasticum III<\/span> (a. 818\/819?), cc.<br \/>\n                     9-25 (Beginn nach Rasur fragmentarisch): <span class=\"tei-hi rend-italic\">Ut cum a<br \/>\n                        quo cumque priore suo increpatus<\/span> &#8211; <span class=\"tei-hi\"><br \/>\n                        rend=&#8221;italic&#8221;&gt;habeat potestatem<\/span> (CCM 1, S. 518-522, Sigle G10;<br \/>\n                     Transkription nach dieser Hs. bei <span class=\"tei-hi rend-smallcaps\">Wilmart, <\/span>Le<br \/>\n                     livre du Chapitre de Sant\u2019 Ilario, S. 240 f. [mit Nachtrag des 12. Jh.];<br \/>\n                     st\u00e4rker nach Benedictus Levita: MGH Capit. 1, Nr. 170, S. 344-346);<br \/>\n                     verwandte Hss. (Redaktion III) siehe bei Cod. Cod. Paris Lat. 1535. <\/p>\n<\/li>\n<li class=\"tei-msItem\">\n<p>\n                     <span class=\"rend-semibold\">75r<\/span><br \/> (Rote Tinte) Kolophon in Versen. <\/p>\n<\/li>\n<li class=\"tei-msItem\">\n<p>\n                     <span class=\"rend-semibold\">75v-76r<\/span><br \/> (Von verschiedenen H\u00e4nden) Mariengebete (neumiert),<br \/>\n                     Litterae dimissoriae von Sant\u2019 Ilario, Notizen zur Geschichte Venedigs und<br \/>\n                     Besitzvermerk. <\/p>\n<\/li>\n<\/ul><\/div>\n<div class=\"page-break\"><\/div>\n<div class=\"tei-listBibl tei-listBibl-not-type\">\n<h5 id=\"_bibliography\">Bibliography<\/h5>\n<div class=\"tei-listBibl tei-listBibl-lit\">\n<h6>References:<\/h6>\n<ul>\n<li class=\"tei-bibl\"> A. Wilmart, Le livre du Chapitre de Stant&#8217;Ilario pr\u00e8s Venice, in: Rev. B\u00e9n. 40 (1928)<br \/>\n                     S. 235-242<\/li>\n<li class=\"tei-bibl\"><a class=\"internal bib\" href=\"\/resources\/biblio\/#Semmler_1960\" title=\"&#091;:de&#093;Zum bibliographischen Eintrag&#091;:en&#093;To the bibliographic entry&#091;:&#093;\">Semmler 1960, S. 344<\/a><\/li>\n<li class=\"tei-bibl\"><a class=\"internal bib\" href=\"\/resources\/biblio\/#Semmler_1963\" title=\"&#091;:de&#093;Zum bibliographischen Eintrag&#091;:en&#093;To the bibliographic entry&#091;:&#093;\">Semmler 1963, S. 507, 512 f.<\/a><\/li>\n<\/ul><\/div>\n<div class=\"tei-listBibl tei-listBibl-cat\">\n<h6>Catalogues:<\/h6>\n<ul>\n<li class=\"tei-bibl\">E. Paulus, Suppl\u00e9ment au catalogue des manuscrits de la biblioth\u00e8que<br \/>\n                     de la ville de Metz (Collection Salis), in: Le bibliographe moderne 7<br \/>\n                     (1903) S. 403<\/li>\n<li class=\"tei-bibl\">Catalogue g\u00e9n\u00e9ral des manuscrits des biblioth\u00e8ques publiques de<br \/>\n                     France. D\u00e9partements 48 (Paris 1933) S. 394 (P. <span class=\"tei-hi rend-smallcaps\">Marot).<\/span>\n                     <\/li>\n<\/ul><\/div>\n<div class=\"tei-listBibl tei-listBibl-cap\">\n<h6>Project-specific references:<\/h6>\n<ul>\n<li class=\"tei-bibl\"><a class=\"internal bib\" href=\"\/resources\/biblio\/#Mordek_1995\" title=\"&#091;:de&#093;Zum bibliographischen Eintrag&#091;:en&#093;To the bibliographic entry&#091;:&#093;\">Mordek 1995 S. 254-255<\/a><\/li>\n<\/ul><\/div>\n<\/p><\/div>\n<\/p><\/div>\n<div class=\"footnotes-wrapper\"><\/div>\n<\/p><\/div>\n<div class=\"page-break\"><\/div>\n<\/p><\/div>\n<\/div>\n<p><br \/>\n<\/p>\n<div class=\"xsl-output\">\n<div class=\"tei-TEI mss-transcript-xsl transkription-body\">\n<div class=\"tei-text\">\n<h4 id=\"transcription\">Transcription<\/h4>\n<div class=\"tei-front\">\n<h5 id=\"editorial-preface\" data-cap-dyn-menu-caption=\"Editorial Preface\">\n        Editorial Preface to the Transcription<br \/>\n      <\/h5>\n<div class=\"italic tei-encodingDesc\">\n<p class=\"tei-p\">Transkriptionsvorlage:<\/p>\n<\/p><\/div>\n<\/div>\n<div id=\"inhaltsverzeichnis\" style=\"display: none\"><a data-level=\"5\" href=\"#start-of-text\"><br \/>\n          Contents (Rubrics)<br \/>\n        <\/a><a data-level=\"5\" href=\"#start-of-text\"><br \/>\n          Contents (BK-Nos.)<br \/>\n        <\/a><\/div>\n<div class=\"page-break\"><\/div>\n<div class=\"tei-body\" id=\"start-of-text\" data-shortcuts=\"1\">\n<div class=\"glossa-nota-wrapper\" data-shortcuts=\"0\"><\/div>\n<div class=\"corresp-wrapper\" data-shortcuts=\"0\"><\/div>\n<div lang=\"la\" class=\"ab ab-text\"><span> \u00a0<\/span><\/div>\n<div class=\"footnotes-wrapper\"><\/div>\n<div class=\"page-break\"><\/div>\n<div class=\"page-break\"><\/div>\n<\/div>\n<\/div>\n<\/div>\n<\/div>\n<p><br \/>\n<\/p>\n<div class=\"xsl-output\">\n<div class=\"tei-TEI mss-footer-xsl transkription-footer\">\n<h4 id=\"info\">Notes<\/h4>\n<div id=\"legend\">\n<h5>Key<\/h5>\n<table>\n<col class=\"legend-col-1\">\n<col class=\"legend-col-2\">\n<tr>\n<th>Symbols used<\/th>\n<th>Meaning<\/th>\n<\/tr>\n<tr>\n<td>\u00b7\u2003\u02d9\u2003:\u2003.&#8217;\u2003\/<br \/>\n               \u00b7,\u00b7\u2003:\/\u2003,\u2003;\u2003\u2234<\/td>\n<td>Punctuation (as used in<br \/>\n               the mss.)<\/td>\n<\/tr>\n<tr>\n<td><sup>*<\/sup><\/td>\n<td>Footnote (text<br \/>\n               of note appears on mouseover)<\/td>\n<\/tr>\n<tr>\n<td>Bold type (words, phrases)<\/td>\n<td>Rubrics, headings;<br \/>\n               differently rendered by using another font or other visual features<\/td>\n<\/tr>\n<tr>\n<td>Bold type (single letters)<\/td>\n<td>Initials<\/td>\n<\/tr>\n<tr>\n<td>Red<\/td>\n<td>Use of coloured ink<br \/>\n               (of any kind)<\/td>\n<\/tr>\n<tr>\n<td>[xyz]<\/td>\n<td>Uncertain reading,<br \/>\n               text hard to decipher<\/td>\n<\/tr>\n<tr>\n<td>[\u2026]<\/td>\n<td>Illegible text. The number of dots<br \/>\n               indicates the (estimated) number of characters missing<\/td>\n<\/tr>\n<tr>\n<td>\u2020\u2020\u2020<\/td>\n<td>Deleted<br \/>\n               text. The number of crosses indicates the (estimated) number of characters<br \/>\n               missing<\/td>\n<\/tr>\n<tr>\n<td>[\u2020]<\/td>\n<td>Place holder for deleted, non-reconstructable<br \/>\n               passages (<span class=\"italic\">without<\/span> indication of estimated number<br \/>\n               of characters missing)<\/td>\n<\/tr>\n<tr>\n<td>&#8211; &#8211; &#8211;<\/td>\n<td>Space left blank intentionally within a line in the ms.<\/td>\n<\/tr>\n<tr>\n<td>[!]<\/td>\n<td>sic<\/td>\n<\/tr>\n<tr>\n<td>|<\/td>\n<td>Line break<\/td>\n<\/tr>\n<tr>\n<td>[BK 139 c. 1]<\/td>\n<td>Reference to the<br \/>\n               Boretius\/Krause edition<\/td>\n<\/tr>\n<tr>\n<td>[fol. 123r], [p. 123]<\/td>\n<td>Page break<br \/>\n               (fol. or p.) or column break in the ms.<\/td>\n<\/tr>\n<tr>\n<td>\n<div class=\"glossa-nota-wrapper\">\n<div class=\"glossa\"><\/div>\n<\/p><\/div>\n<\/td>\n<td>Glossation<\/td>\n<\/tr>\n<tr>\n<td>\n<div class=\"glossa-nota-wrapper\">\n<div class=\"nota\"><\/div>\n<\/p><\/div>\n<\/td>\n<td>Annotation signs (e.g. nota signs)<\/td>\n<\/tr>\n<\/table>\n<div class=\"hr\"><\/div>\n<\/p><\/div>\n<div class=\"citation\">\n<h5>How to cite<\/h5>\n<div><span class=\"title\">Metz, Biblioth\u00e8que municipale, 1154<\/span>,<\/p>\n<p>         <br \/>\n         in: Capitularia. Edition of the Frankish Capitularies,<br \/>\n         ed. by Karl Ubl and collaborators, Cologne 2014 ff.<br \/>\n         URL: https:\/\/capitularia.uni-koeln.de\/en\/mss\/metz-bm-1154\/ (accessed on April 16, 2026)<br \/>\n         \n         <\/p><\/div>\n<\/p><\/div>\n<div class=\"hr\"><\/div>\n<div id=\"downloads\">\n<h5>Downloads<\/h5>\n<ul class=\"downloads\">\n<li class=\"download-icon\"><a class=\"screen-only ssdone\" href=\"\/cap\/publ\/mss\/metz-bm-1154.xml\" title='&#091;:de&#093;Rechtsklick zum \"Speichern unter\"&#091;:en&#093;right button click to save file&#091;:&#093;'>File in XML<\/a>\n<div class=\"print-only\">File in XML \/cap\/publ\/mss\/metz-bm-1154.xml<\/div>\n<\/li>\n<\/ul><\/div>\n<\/div>\n<\/div>\n<p><\/p>","protected":false},"excerpt":{"rendered":"","protected":false},"author":10,"featured_media":0,"parent":58,"menu_order":0,"comment_status":"closed","ping_status":"closed","template":"","meta":{"inline_featured_image":false,"footnotes":""},"categories":[],"tags":[8],"class_list":["post-32377","page","type-page","status-publish","hentry","tag-xml"],"_links":{"self":[{"href":"https:\/\/capitularia.uni-koeln.de\/en\/wp-json\/wp\/v2\/pages\/32377","targetHints":{"allow":["GET"]}}],"collection":[{"href":"https:\/\/capitularia.uni-koeln.de\/en\/wp-json\/wp\/v2\/pages"}],"about":[{"href":"https:\/\/capitularia.uni-koeln.de\/en\/wp-json\/wp\/v2\/types\/page"}],"author":[{"embeddable":true,"href":"https:\/\/capitularia.uni-koeln.de\/en\/wp-json\/wp\/v2\/users\/10"}],"replies":[{"embeddable":true,"href":"https:\/\/capitularia.uni-koeln.de\/en\/wp-json\/wp\/v2\/comments?post=32377"}],"version-history":[{"count":0,"href":"https:\/\/capitularia.uni-koeln.de\/en\/wp-json\/wp\/v2\/pages\/32377\/revisions"}],"up":[{"embeddable":true,"href":"https:\/\/capitularia.uni-koeln.de\/en\/wp-json\/wp\/v2\/pages\/58"}],"wp:attachment":[{"href":"https:\/\/capitularia.uni-koeln.de\/en\/wp-json\/wp\/v2\/media?parent=32377"}],"wp:term":[{"taxonomy":"category","embeddable":true,"href":"https:\/\/capitularia.uni-koeln.de\/en\/wp-json\/wp\/v2\/categories?post=32377"},{"taxonomy":"post_tag","embeddable":true,"href":"https:\/\/capitularia.uni-koeln.de\/en\/wp-json\/wp\/v2\/tags?post=32377"}],"curies":[{"name":"wp","href":"https:\/\/api.w.org\/{rel}","templated":true}]}}