{"id":32200,"date":"2025-03-21T16:22:46","date_gmt":"2025-03-21T15:22:46","guid":{"rendered":"https:\/\/capitularia.uni-koeln.de\/mss\/trier-sb-1098-14\/"},"modified":"2026-04-17T14:19:18","modified_gmt":"2026-04-17T12:19:18","slug":"trier-sb-1098-14","status":"publish","type":"page","link":"https:\/\/capitularia.uni-koeln.de\/en\/mss\/trier-sb-1098-14\/","title":{"rendered":"Trier, Stadtbibliothek, 1098\/14"},"content":{"rendered":"<div class=\"xsl-output\">\n<div class=\"tei-TEI mss-header-xsl transkription-header\">\n<div class=\"tei-fileDesc\">\n<h4 id=\"description\" class=\"tei-titleStmt\">Manuscript description according to Mordek<\/h4>\n<div class=\"tei-msDesc\">\n<div id=\"identification\">\n<div class=\"tei-msIdentifier\">\n<h5>Repository<\/h5>\n<p>Trier<br \/>Stadtbibliothek<br \/> 1098\/14, foll. 94-113<\/p>\n<div>\n<div class=\"tei-altIdentifier\"><u>Siglum<\/u> <span class=\"italic\">T4<\/span><\/div>\n<\/p><\/div>\n<\/p><\/div>\n<\/p><\/div>\n<div class=\"page-break\"><\/div>\n<div class=\"tei-history\">\n<h5 id=\"_origin\">Origin and history<\/h5>\n<div class=\"tei-origin\">\n<h6>Origin:<\/h6>\n<p>\n                   12. Jh., 2. H\u00e4lfte;<\/p>\n<p>                  vielleicht Westdeutschland<\/p>\n<\/p><\/div>\n<div class=\"tei-provenance\">\n<h6>Provenance:<\/h6>\n<p>Provenienzvermerke an anderen Stellen der mehrteiligen Sammelhs. (insgesamt<br \/>\n                  I + 115 Bl\u00e4tter: I, 1-24, 25-92, 93, 94-113, 114-115), die nach dem Alter der<br \/>\n                  Inhaltsangabe auf dem Vorsatzblatt verso sp\u00e4testens seit dem 15. Jh. die<br \/>\n                  heutigen Teile enthielt (unser Teil figuriert unter <span class=\"tei-hi rend-italic\">Item<br \/>\n                     Canones siue constituciones episcoporum vel conciliorum<\/span>): St.<br \/>\n                  Eucharius, Trier (fol. Iv quer: <span class=\"tei-hi rend-italic\">Libellus sancti<br \/>\n                     Eucharij<\/span> &#8230;, in Urkundenschrift des 12. Jh.); St. Martin, Trier<br \/>\n                  (fol. Iv: <span class=\"tei-hi rend-italic\">Codex mon. sancti martini<\/span>, 15. Jh.); St.<br \/>\n                  Matthias (Einband). Alte Signatur im Katalog von St. Matthias (16. Jh.):<br \/>\n                  F 204.<\/p>\n<\/p><\/div>\n<\/p><\/div>\n<div class=\"page-break\"><\/div>\n<div class=\"tei-physDesc\">\n<h5 id=\"_description\">Physical description<\/h5>\n<table class=\"tei-physDesc-table\">\n<tbody>\n<tr>\n<th class=\"value\">Material:<\/th>\n<td class=\"text\">\n                        Pergament\n                        <\/td>\n<\/tr>\n<tr>\n<th class=\"value\">Number:<\/th>\n<td class=\"text\">unser Teil: 20 foll. <\/p>\n<\/td>\n<\/tr>\n<tr>\n<th class=\"value\">Size:<\/th>\n<td class=\"text\">175 \u00d7 103  mm<\/td>\n<\/tr>\n<tr>\n<th class=\"value\">Body text:<\/th>\n<td class=\"text\">140 \u00d7 75 mm<\/td>\n<\/tr>\n<tr>\n<th class=\"value\">Quires:<\/th>\n<td class=\"text\">\n<div>2 IV<span class=\"tei-hi rend-super\">109<\/span> + (IV-I-2?)<span class=\"tei-hi rend-super\">113<\/span><\/div>\n<div>Kustoden (offenbar sp\u00e4ter): <span class=\"tei-hi rend-italic\">XII<\/span><br \/>\n                           (101<span class=\"tei-hi rend-super\">v<\/span>), <span class=\"tei-hi rend-italic\">XIII<\/span> (109<span class=\"tei-hi rend-super\">v<\/span>), <span class=\"tei-hi rend-italic\">XIIII<\/span> (113<span class=\"tei-hi rend-super\">v<\/span>)<\/div>\n<\/td>\n<\/tr>\n<tr>\n<th class=\"value\">Lines:<\/th>\n<td class=\"text\">31<\/td>\n<\/tr>\n<tr>\n<th class=\"value\">Columns:<\/th>\n<td class=\"text\">1<\/td>\n<\/tr>\n<tr>\n<th class=\"value\">Script:<\/th>\n<td class=\"text\">\n<p>Capitalis-Rubriken nur in Lage XIV<\/p>\n<\/td>\n<\/tr>\n<tr>\n<th class=\"value\">Decoration:<\/th>\n<td class=\"text\">\n<p>rote Initialen in den Lagen XII und XIII; Lage XIV alles in brauner<br \/>\n                           Texttinte<\/p>\n<\/td>\n<\/tr>\n<\/tbody>\n<\/table><\/div>\n<div class=\"page-break\"><\/div>\n<div class=\"tei-msContents\">\n<h5 id=\"_content\">Contents<\/h5>\n<div class=\"tei-summary\">\n<h6>Note:<\/h6>\n<p>Die im Katalog verk\u00fcndeten \u201eCapitularia\u201c f\u00fcr die Bl\u00e4tter 94-113 schrumpfen<br \/>\n                  bei n\u00e4herer Betrachtung zu einem knappen Exzerpt aus Buch 1 der<br \/>\n                  Kapitulariensammlung des Ansegis zusammen (foll. 94r-96v), dem sich rein<br \/>\n                  kirchenrechtliche Texte der Karolingerzeit bis fol. 110v anschlie\u00dfen. Ob vor<br \/>\n                  fol. 94 Teile der Sammlung fehlen, mu\u00df offenbleiben, denn vom Inhalt der<br \/>\n                  vermi\u00dften ersten elf Lagen (fol. 94 setzt laut Kustode die zw\u00f6lfte Lage ein)<br \/>\n                  haben wir keinerlei Kenntnis; immerhin beginnen die Ansegis-Exzerpte mit dem<br \/>\n                  gern am Anfang einger\u00fcckten Kapitel \u00fcber den rechten Glauben, so da\u00df auch<br \/>\n                  die ganze Sammlung so er\u00f6ffnet haben k\u00f6nnte. Nach dem Ansegis-Exzerpt sind<br \/>\n                  als Quellen noch ausgezogen (bis fol. 110v): Collectio Dacheriana<br \/>\n                  (pseudoisidorische Form B), Pseudo-Anaklet-Zitat aus der Collectio de<br \/>\n                  raptoribus Hinkmars von Reims in der Version des Synodalschreibens von Tusey<br \/>\n                  (a. 860) u. a., Capitula Angilramni, Kanones des Konzils von Worms (a. 868)<br \/>\n                  nach einer Vorlage wie Cod. <a class=\"internal\" href=\"\/mss\/strassburg-sb-c-v-6\" title=\"&#091;:de&#093;Zur Handschrift&#091;:en&#093;To the manuscript&#091;:&#093;\">Stra\u00dfburg \u2020 C. V. 6<\/a> (siehe auch dort),<br \/>\n                  wohl Collectio Anselmo dedicata, Buch 4 des Quadripartitus und Sendhandbuch<br \/>\n                  Reginos von Pr\u00fcm.<br \/> F\u00fcr die Ansegis-Texte benutzte der Exzerptor eine<br \/>\n                  Vorlage \u00e4hnlich Cod. <a class=\"internal\" href=\"\/mss\/stuttgart-wlb-iur-4-134\" title=\"&#091;:de&#093;Zur Handschrift&#091;:en&#093;To the manuscript&#091;:&#093;\">Stuttgart iur. 4\u00b0 134<\/a> oder <a class=\"internal\" href=\"\/mss\/stuttgart-wlb-hb-vi-112\" title=\"&#091;:de&#093;Zur Handschrift&#091;:en&#093;To the manuscript&#091;:&#093;\">Stuttgart<br \/>\n                     HB VI 112<\/a> (dazu nachgeordnete Verwandte des s\u00fcddeutschen<br \/>\n                  Raumes).<br \/>Zu einem anderen Ansegis-Exzerpt siehe Cod. <a class=\"internal\" href=\"\/mss\/leiden-bru-voss-lat-q-13\" title=\"&#091;:de&#093;Zur Handschrift&#091;:en&#093;To the manuscript&#091;:&#093;\">Leiden VLQ 13<\/a>.<\/p>\n<\/p><\/div>\n<ul class=\"bare\">\n<li class=\"tei-msItem\">\n<p>\n                     <span class=\"rend-semibold\">94r-96v<\/span><br \/>\n                     <span class=\"rend-semibold\" title=\"BK\u00a0183\">Ansegisi abbatis Capitularium collectio<\/span>,<br \/>\n                     Auszug mit den Kapiteln: 1, 58, 1. Teil, 60-62, 66-67, 75, 76, Einleitung,<br \/>\n                     84-85, 87, 92, 98-99, 100, 1. Teil, 101, 1. Teil, 102, 112, 118, 133-134,<br \/>\n                     138-139, 141, 145, 144, 146-151, 155 (MGH Capit. 1, S. 401 Z. 33-35;<br \/>\n                     Incipit-Explicit-Edition <a class=\"internal bib\" href=\"\/resources\/biblio\/#Mordek_1996\" title=\"&#091;:de&#093;Zum bibliographischen Eintrag&#091;:en&#093;To the bibliographic entry&#091;:&#093;\">Mordek, De fide catholica et primo precepto<br \/>\n                        legis<\/a>).<br \/>Folgende Texte sind eingeschoben: Capitula Angilramni 1,<br \/>\n                     1. Teil (nach Ansegis 1, 58, 1. Teil) und Collectio Dacheriana 1, 72 (nach<br \/>\n                     Ansegis 1, 99). <\/p>\n<\/li>\n<\/ul><\/div>\n<div class=\"page-break\"><\/div>\n<div class=\"tei-listBibl tei-listBibl-not-type\">\n<h5 id=\"_bibliography\">Bibliography<\/h5>\n<div class=\"tei-listBibl tei-listBibl-lit\">\n<h6>References:<\/h6>\n<ul>\n<li class=\"tei-bibl\"> J. Montebaur, Studien zur Geschichte der Bibliothek der Abtei St.<br \/>\n                     Eucharius-Matthias zu Trier (R\u00f6mische Quartalschrift, 26. Supplementheft,<br \/>\n                     Freiburg i. Br. 1931) S. 86 Nr. 375, dazu<\/li>\n<li class=\"tei-bibl\">V. Redlich, Zur Bibliotheks- und Geistesgeschichte der Trierer Abtei<br \/>\n                     St. Mathias, in: Studien und Mitteilungen zur Geschichte des Benediktiner-Ordens<br \/>\n                     und seiner Zweige 49 (= N. F. 18) (1931) S. 451<\/li>\n<li class=\"tei-bibl\">P. Becker, Notizen zur Bibliotheksgeschichte der Abtei St. Eucharius &#8211; St. Matthias,\n<p>                     in: Armaria Trevirensia. Beitr\u00e4ge zur Trierer Bibliotheksgeschichte (2., stark<br \/>\n                     erweiterte Aufl., hg. von G. Franz = Bibliotheca Trevirensis 1, Wiesbaden<br \/>\n                     1985) S. 48<\/li>\n<li class=\"tei-bibl\"><a class=\"internal bib\" href=\"\/resources\/biblio\/#Kr%C3%A4mer_1989a\" title=\"&#091;:de&#093;Zum bibliographischen Eintrag&#091;:en&#093;To the bibliographic entry&#091;:&#093;\">Kr\u00e4mer 1989a, S. 768 <\/a><\/li>\n<li class=\"tei-bibl\"><a class=\"internal bib\" href=\"\/resources\/biblio\/#Bernhard_1990\" title=\"&#091;:de&#093;Zum bibliographischen Eintrag&#091;:en&#093;To the bibliographic entry&#091;:&#093;\">Bernhard 1990, S. 538<\/a><\/li>\n<li class=\"tei-bibl\"><a class=\"internal bib\" href=\"\/resources\/biblio\/#Mordek_1996\" title=\"&#091;:de&#093;Zum bibliographischen Eintrag&#091;:en&#093;To the bibliographic entry&#091;:&#093;\">Mordek 1996<\/a><\/li>\n<\/ul><\/div>\n<div class=\"tei-listBibl tei-listBibl-cat\">\n<h6>Catalogues:<\/h6>\n<ul>\n<li class=\"tei-bibl\"> G. Kentenich, Die philologischen Handschriften der Stadtbibliothek zu<br \/>\n                     Trier (Beschreibendes Verzeichnis der Handschriften der Stadtbibliothek<br \/>\n                     zu Trier 10, Trier 1931) S. 29<\/li>\n<\/ul><\/div>\n<div class=\"tei-listBibl tei-listBibl-cap\">\n<h6>Project-specific references:<\/h6>\n<ul>\n<li class=\"tei-bibl\"><a class=\"internal bib\" href=\"\/resources\/biblio\/#Mordek_1995\" title=\"&#091;:de&#093;Zum bibliographischen Eintrag&#091;:en&#093;To the bibliographic entry&#091;:&#093;\"> Mordek 1995, S. 730-731<\/a><\/li>\n<\/ul><\/div>\n<\/p><\/div>\n<\/p><\/div>\n<div class=\"footnotes-wrapper\"><\/div>\n<\/p><\/div>\n<div class=\"page-break\"><\/div>\n<\/p><\/div>\n<\/div>\n<p><br \/>\n<\/p>\n<div class=\"xsl-output\">\n<div class=\"tei-TEI mss-transcript-xsl transkription-body\">\n<div class=\"tei-text\">\n<h4 id=\"transcription\">Transcription<\/h4>\n<div class=\"tei-front\">\n<h5 id=\"editorial-preface\" data-cap-dyn-menu-caption=\"Editorial Preface\">\n        Editorial Preface to the Transcription<br \/>\n      <\/h5>\n<div class=\"italic tei-encodingDesc\">\n<p class=\"tei-p\">Transkriptionsvorlage:<\/p>\n<\/p><\/div>\n<\/div>\n<div id=\"inhaltsverzeichnis\" style=\"display: none\"><a data-level=\"5\" href=\"#start-of-text\"><br \/>\n          Contents (Rubrics)<br \/>\n        <\/a><a data-level=\"5\" href=\"#start-of-text\"><br \/>\n          Contents (BK-Nos.)<br \/>\n        <\/a><\/div>\n<div class=\"page-break\"><\/div>\n<div class=\"tei-body\" id=\"start-of-text\" data-shortcuts=\"1\">\n<div class=\"glossa-nota-wrapper\" data-shortcuts=\"0\"><\/div>\n<div class=\"corresp-wrapper\" data-shortcuts=\"0\"><\/div>\n<div lang=\"la\" class=\"ab ab-text\"><span> \u00a0<\/span><\/div>\n<div class=\"footnotes-wrapper\"><\/div>\n<div class=\"page-break\"><\/div>\n<div class=\"page-break\"><\/div>\n<\/div>\n<\/div>\n<\/div>\n<\/div>\n<p><br \/>\n<\/p>\n<div class=\"xsl-output\">\n<div class=\"tei-TEI mss-footer-xsl transkription-footer\">\n<h4 id=\"info\">Notes<\/h4>\n<div id=\"legend\">\n<h5>Key<\/h5>\n<table>\n<col class=\"legend-col-1\">\n<col class=\"legend-col-2\">\n<tr>\n<th>Symbols used<\/th>\n<th>Meaning<\/th>\n<\/tr>\n<tr>\n<td>\u00b7\u2003\u02d9\u2003:\u2003.&#8217;\u2003\/<br \/>\n               \u00b7,\u00b7\u2003:\/\u2003,\u2003;\u2003\u2234<\/td>\n<td>Punctuation (as used in<br \/>\n               the mss.)<\/td>\n<\/tr>\n<tr>\n<td><sup>*<\/sup><\/td>\n<td>Footnote (text<br \/>\n               of note appears on mouseover)<\/td>\n<\/tr>\n<tr>\n<td>Bold type (words, phrases)<\/td>\n<td>Rubrics, headings;<br \/>\n               differently rendered by using another font or other visual features<\/td>\n<\/tr>\n<tr>\n<td>Bold type (single letters)<\/td>\n<td>Initials<\/td>\n<\/tr>\n<tr>\n<td>Red<\/td>\n<td>Use of coloured ink<br \/>\n               (of any kind)<\/td>\n<\/tr>\n<tr>\n<td>[xyz]<\/td>\n<td>Uncertain reading,<br \/>\n               text hard to decipher<\/td>\n<\/tr>\n<tr>\n<td>[\u2026]<\/td>\n<td>Illegible text. The number of dots<br \/>\n               indicates the (estimated) number of characters missing<\/td>\n<\/tr>\n<tr>\n<td>\u2020\u2020\u2020<\/td>\n<td>Deleted<br \/>\n               text. The number of crosses indicates the (estimated) number of characters<br \/>\n               missing<\/td>\n<\/tr>\n<tr>\n<td>[\u2020]<\/td>\n<td>Place holder for deleted, non-reconstructable<br \/>\n               passages (<span class=\"italic\">without<\/span> indication of estimated number<br \/>\n               of characters missing)<\/td>\n<\/tr>\n<tr>\n<td>&#8211; &#8211; &#8211;<\/td>\n<td>Space left blank intentionally within a line in the ms.<\/td>\n<\/tr>\n<tr>\n<td>[!]<\/td>\n<td>sic<\/td>\n<\/tr>\n<tr>\n<td>|<\/td>\n<td>Line break<\/td>\n<\/tr>\n<tr>\n<td>[BK 139 c. 1]<\/td>\n<td>Reference to the<br \/>\n               Boretius\/Krause edition<\/td>\n<\/tr>\n<tr>\n<td>[fol. 123r], [p. 123]<\/td>\n<td>Page break<br \/>\n               (fol. or p.) or column break in the ms.<\/td>\n<\/tr>\n<tr>\n<td>\n<div class=\"glossa-nota-wrapper\">\n<div class=\"glossa\"><\/div>\n<\/p><\/div>\n<\/td>\n<td>Glossation<\/td>\n<\/tr>\n<tr>\n<td>\n<div class=\"glossa-nota-wrapper\">\n<div class=\"nota\"><\/div>\n<\/p><\/div>\n<\/td>\n<td>Annotation signs (e.g. nota signs)<\/td>\n<\/tr>\n<\/table>\n<div class=\"hr\"><\/div>\n<\/p><\/div>\n<div class=\"citation\">\n<h5>How to cite<\/h5>\n<div><span class=\"title\">Trier, Stadtbibliothek, 1098\/14<\/span>,<\/p>\n<p>         <br \/>\n         in: Capitularia. Edition of the Frankish Capitularies,<br \/>\n         ed. by Karl Ubl and collaborators, Cologne 2014 ff.<br \/>\n         URL: https:\/\/capitularia.uni-koeln.de\/en\/mss\/trier-sb-1098-14\/ (accessed on April 17, 2026)<br \/>\n         \n         <\/p><\/div>\n<\/p><\/div>\n<div class=\"hr\"><\/div>\n<div id=\"downloads\">\n<h5>Downloads<\/h5>\n<ul class=\"downloads\">\n<li class=\"download-icon\"><a class=\"screen-only ssdone\" href=\"\/cap\/publ\/mss\/trier-sb-1098-14.xml\" title='&#091;:de&#093;Rechtsklick zum \"Speichern unter\"&#091;:en&#093;right button click to save file&#091;:&#093;'>File in XML<\/a>\n<div class=\"print-only\">File in XML \/cap\/publ\/mss\/trier-sb-1098-14.xml<\/div>\n<\/li>\n<\/ul><\/div>\n<\/div>\n<\/div>\n<p><\/p>","protected":false},"excerpt":{"rendered":"","protected":false},"author":10,"featured_media":0,"parent":58,"menu_order":0,"comment_status":"closed","ping_status":"closed","template":"","meta":{"inline_featured_image":false,"footnotes":""},"categories":[],"tags":[8],"class_list":["post-32200","page","type-page","status-publish","hentry","tag-xml"],"_links":{"self":[{"href":"https:\/\/capitularia.uni-koeln.de\/en\/wp-json\/wp\/v2\/pages\/32200","targetHints":{"allow":["GET"]}}],"collection":[{"href":"https:\/\/capitularia.uni-koeln.de\/en\/wp-json\/wp\/v2\/pages"}],"about":[{"href":"https:\/\/capitularia.uni-koeln.de\/en\/wp-json\/wp\/v2\/types\/page"}],"author":[{"embeddable":true,"href":"https:\/\/capitularia.uni-koeln.de\/en\/wp-json\/wp\/v2\/users\/10"}],"replies":[{"embeddable":true,"href":"https:\/\/capitularia.uni-koeln.de\/en\/wp-json\/wp\/v2\/comments?post=32200"}],"version-history":[{"count":0,"href":"https:\/\/capitularia.uni-koeln.de\/en\/wp-json\/wp\/v2\/pages\/32200\/revisions"}],"up":[{"embeddable":true,"href":"https:\/\/capitularia.uni-koeln.de\/en\/wp-json\/wp\/v2\/pages\/58"}],"wp:attachment":[{"href":"https:\/\/capitularia.uni-koeln.de\/en\/wp-json\/wp\/v2\/media?parent=32200"}],"wp:term":[{"taxonomy":"category","embeddable":true,"href":"https:\/\/capitularia.uni-koeln.de\/en\/wp-json\/wp\/v2\/categories?post=32200"},{"taxonomy":"post_tag","embeddable":true,"href":"https:\/\/capitularia.uni-koeln.de\/en\/wp-json\/wp\/v2\/tags?post=32200"}],"curies":[{"name":"wp","href":"https:\/\/api.w.org\/{rel}","templated":true}]}}