{"id":32018,"date":"2024-10-31T15:56:24","date_gmt":"2024-10-31T14:56:24","guid":{"rendered":"https:\/\/capitularia.uni-koeln.de\/mss\/hamburg-sub-theol-1717\/"},"modified":"2026-04-20T13:12:40","modified_gmt":"2026-04-20T11:12:40","slug":"hamburg-sub-theol-1717","status":"publish","type":"page","link":"https:\/\/capitularia.uni-koeln.de\/en\/mss\/hamburg-sub-theol-1717\/","title":{"rendered":"Hamburg, Staats- und Universit\u00e4tsbibliothek Carl von Ossietzky, theol. 1717"},"content":{"rendered":"<div class=\"xsl-output\">\n<div class=\"tei-TEI mss-header-xsl transkription-header\">\n<div class=\"tei-fileDesc\">Partially a copy<br \/>\n      of <a class=\"internal\" href=\"\/mss\/paris-bn-lat-10758\" title=\"&#091;:de&#093;Zur Handschrift&#091;:en&#093;To the manuscript&#091;:&#093;\">Paris,<br \/>\n         Biblioth\u00e8que Nationale, Lat. 10758<\/a><\/p>\n<h4 id=\"description\" class=\"tei-titleStmt\">Manuscript description according to Mordek<\/h4>\n<div class=\"tei-msDesc\">\n<div id=\"identification\">\n<div class=\"tei-msIdentifier\">\n<h5>Repository<\/h5>\n<p>Hamburg<br \/>Staats- und Universit\u00e4tsbibliothek Carl von Ossietzky<br \/> theol. 1717<\/p>\n<div>\n<div class=\"tei-altIdentifier\"><u>Siglum<\/u> <span class=\"italic\">H1<\/span><\/div>\n<\/p><\/div>\n<\/p><\/div>\n<\/p><\/div>\n<div class=\"page-break\"><\/div>\n<div class=\"tei-history\">\n<h5 id=\"_origin\">Origin and history<\/h5>\n<div class=\"tei-origin\">\n<h6>Origin:<\/h6>\n<p>\n                  A. 1604.<\/p>\n<\/p><\/div>\n<div class=\"tei-provenance\">\n<h6>Provenance:<\/h6>\n<p>F. Lindenbruch (Lindenbrog) (Vermerke Vorderspiegel und p. 1); seit 1649 in<br \/>\n                  der Staatsbibliothek Hamburg.<\/p>\n<\/p><\/div>\n<\/p><\/div>\n<div class=\"page-break\"><\/div>\n<div class=\"tei-physDesc\">\n<h5 id=\"_description\">Physical description<\/h5>\n<table class=\"tei-physDesc-table\">\n<tbody>\n<tr>\n<th class=\"value\">Material:<\/th>\n<td class=\"text\">\n                        Papier\n                        <\/td>\n<\/tr>\n<tr>\n<th class=\"value\">Number:<\/th>\n<td class=\"text\">14 foll. (paginiert 1-28),\n                        <\/td>\n<\/tr>\n<tr>\n<th class=\"value\">Size:<\/th>\n<td class=\"text\">205 \u00d7 150 mm<\/td>\n<\/tr>\n<tr>\n<th class=\"value\">Lines:<\/th>\n<td class=\"text\"><\/td>\n<\/tr>\n<tr>\n<th class=\"value\">Columns:<\/th>\n<td class=\"text\">1<\/td>\n<\/tr>\n<tr>\n<th class=\"value\">Scribe(s):<\/th>\n<td class=\"text\">\n                        au\u00dfer pp. 3-10 geschrieben von Friedrich Lindenbruch (Lindenbrog) (\u2020<br \/>\n                        1648)\n                        <\/td>\n<\/tr>\n<\/tbody>\n<\/table><\/div>\n<div class=\"page-break\"><\/div>\n<div class=\"tei-msContents\">\n<h5 id=\"_content\">Contents<\/h5>\n<div class=\"tei-summary\">\n<h6>Note:<\/h6>\n<p>Teilkopie von Cod. <a class=\"internal\" href=\"\/mss\/paris-bn-lat-10758\" title=\"&#091;:de&#093;Zur Handschrift&#091;:en&#093;To the manuscript&#091;:&#093;\">Paris, Biblioth\u00e8que Nationale, Lat.<br \/>\n                     10758<\/a>, mit Erl\u00e4uterungen (meist mitgeteilt von W. A. <span class=\"tei-hi rend-smallcaps\">Eckhardt, <\/span>Protokoll von Ravenna 877, S. 296<br \/>\n                  f.).<\/p>\n<\/p><\/div>\n<ul class=\"bare\">\n<li class=\"tei-msItem\">\n<p>\n                     <span class=\"rend-semibold\">1<\/span><br \/> Der Titel des Manuskripts, offenbar formuliert nach dem<br \/>\n                     letzten Lemma des Inhaltsverzeichnisses von Cod. Paris Lat. 10758 (p. Iv),<br \/>\n                     spricht nur einen Teil des Kopierten an und erw\u00e4hnt \u00fcberfl\u00fcssigerweise auch<br \/>\n                     Paulinus\u2019 Libellus sacrosyllabus, der gar nicht tradiert wird: <span class=\"tei-hi rend-italic\">SYNODVS KAROLI MAGNI IMP<\/span>. <span class=\"tei-hi rend-italic\">iussu<br \/>\n                        Aquisgrani habita: Et PAVLINI AQUILEIENSIS<br \/>\n                        EPISCOPI LIBELLVS Contra Felicem Vrgelitanum et Eliphandum Toletanum<br \/>\n                        Episcopos, qui male sentiebant de DOMINO NOSTRO IESU CHRISTO<\/span>; (nach<br \/>\n                     freier Zeile) <span class=\"tei-hi rend-italic\">Ex bibliotheca FR. LINDENBROGHI<\/span> J. C.<br \/>\n                     (\u00fcber <span class=\"tei-hi rend-italic\">J. C.<\/span> von anderer Hand: <span class=\"tei-hi rend-italic\">Hamburg);<\/span> (nach vier<br \/>\n                     freien Zeilen): <span class=\"tei-hi rend-italic\">AVGVST\u00c6 RAVRACORVM. MDCIIII<\/span> (in<br \/>\n                     r\u00f6mischen Ziffern der Zeit).<\/p>\n<\/li>\n<li class=\"tei-msItem\">\n<p>\n                     <span class=\"rend-semibold\">2<\/span><br \/> Annales qui dicuntur Einhardi zum Jahr 792, \u00fcber die<br \/>\n                     Regensburger Synode gegen Felix von Urgel und Elipandus von Toledo (ed. <span class=\"tei-hi rend-smallcaps\">F. Kurze, <\/span>MGH SS rer. Germ. [6] [Hannover 1895] S.<br \/>\n                     91). <\/p>\n<\/li>\n<li class=\"tei-msItem\">\n<p>\n                     <span class=\"rend-semibold\">3-12 <\/span><br \/>\n                     <span class=\"tei-hi rend-italic\">Cap<\/span>. <span class=\"tei-hi rend-italic\">I<\/span> &#8211; <span class=\"tei-hi rend-italic\">LVII Cap<\/span>. &#8211; <span class=\"rend-semibold\" title=\"BK\u00a028\">Capitulare<br \/>\n                        Franconofurtense<\/span> (a. 794): <span class=\"tei-hi rend-italic\">Coniungentibus Deo<br \/>\n                        fauente Apostolica authoritate<\/span> &#8211; <span class=\"tei-hi rend-italic\">in orationibus receperunt<\/span> (MGH Capit. 1, Nr. 28, S. 73<br \/>\n                     Z. 23 &#8211; S. 78 Z. 22; MGH Conc. 2, 1, S. 165-171); c. 2 nicht numeriert. Den<br \/>\n                     Z\u00e4hlfehler des Parisinus sucht die Hamburger Kopie zu korrigieren, indem sie<br \/>\n                     in c. 8 schlicht <span class=\"tei-hi rend-italic\">Arlatensis Ecclesia suffraganeas habere<br \/>\n                        deberet<\/span>&#8230; liest (ohne die im Parisinus als Kapitelzahl<br \/>\n                     mi\u00dfverstandene Ziffer VIIII vor <span class=\"tei-hi rend-italic\">suffraganeas) <\/span>und die<br \/>\n                     folgenden Kapitel zun\u00e4chst neu durchz\u00e4hlt (<span class=\"tei-hi rend-italic\">VIIII<\/span> \u00fcber<br \/>\n                     <span class=\"tei-hi rend-italic\">CAP X<\/span> bis <span class=\"tei-hi rend-italic\">XIIII<\/span> \u00fcber <span class=\"tei-hi rend-italic\">CAP. XV,<\/span> danach wie im Parisinus wieder <span class=\"tei-hi rend-italic\">CAP. XVI<\/span> etc.). Die erl\u00e4uternde Einf\u00fchrung p. 3<br \/>\n                     bezieht sich \u00fcbrigens nur auf Paulinus\u2019 Libellus sacrosyllabus (mit Incipit<br \/>\n                     und Explicit&#8230; <span class=\"tei-hi rend-italic\">moderantissimus gubernator auxiliante<br \/>\n                        Domino vt in codice Tilij sequitur<\/span>). <\/p>\n<\/li>\n<li class=\"tei-msItem\">\n<p>\n                     <span class=\"rend-semibold\">13-23<\/span><br \/> Protokoll der Kaiserkr\u00f6nung Karls des Kahlen (a. 877)<br \/>\n                     (ed. W. A. <span class=\"tei-hi rend-smallcaps\">Eckhardt, <\/span>Protokoll von Ravenna, S.<br \/>\n                     304-311). <\/p>\n<\/li>\n<li class=\"tei-msItem\">\n<p>\n                     <span class=\"rend-semibold\">23-28<\/span><br \/> Hinkmar von Reims, De villa Noviliaco (ed. <span class=\"tei-hi rend-smallcaps\">O. Holder-Egger<\/span>, MGH SS 15, 2 [Hannover 1888] S.<br \/>\n                     1167- 1169). <span class=\"tei-hi rend-italic\">Hactenus V. C.<\/span> (mit Strich \u00fcber <span class=\"tei-hi rend-italic\">V. C.<\/span>).<\/p>\n<\/li>\n<\/ul><\/div>\n<div class=\"page-break\"><\/div>\n<div class=\"tei-listBibl tei-listBibl-not-type\">\n<h5 id=\"_bibliography\">Bibliography<\/h5>\n<div class=\"tei-listBibl tei-listBibl-lit\">\n<h6>References:<\/h6>\n<ul>\n<li class=\"tei-bibl\">E. Horv\u00e1th, Friedrich Lindenbruch.<br \/>\n                     Sp\u00e4thumanist und Handschriftensammler des 17. Jahrhunderts. Ein Beitrag<br \/>\n                     zur Hamburger Bibliotheks- und Gelehrtengeschichte (phil. Diss. Hamburg<br \/>\n                     1988) S. 197-198<\/li>\n<li class=\"tei-bibl\"><a class=\"internal bib\" href=\"\/resources\/biblio\/#Eckhardt_W_1967\" title=\"&#091;:de&#093;Zum bibliographischen Eintrag&#091;:en&#093;To the bibliographic entry&#091;:&#093;\">Eckhardt W 1967, S. 21<\/a><\/li>\n<li class=\"tei-bibl\"><a class=\"internal bib\" href=\"\/resources\/biblio\/#Eckhardt_W_1967a\" title=\"&#091;:de&#093;Zum bibliographischen Eintrag&#091;:en&#093;To the bibliographic entry&#091;:&#093;\">Eckhardt W 1967a, S. 296-297<\/a><\/li>\n<\/ul><\/div>\n<div class=\"tei-listBibl tei-listBibl-cat\">\n<h6>Catalogues:<\/h6>\n<ul>\n<li class=\"tei-bibl\">N. <span class=\"tei-hi rend-smallcaps\">Kr\u00fcger, <\/span>Die theologischen Handschriften<br \/>\n                     der Staats- und Universit\u00e4tsbibliothek Hamburg 2. Quarthandschriften<br \/>\n                     (Cod. theol. 1252-1750) (Katalog der Handschriften der Staats- und<br \/>\n                     Universit\u00e4tsbibliothek Hamburg II, 2, Stuttgart 1985) S. 167-168<\/li>\n<\/ul><\/div>\n<div class=\"tei-listBibl tei-listBibl-cap\">\n<h6>Project-specific references:<\/h6>\n<ul>\n<li class=\"tei-bibl\"><a class=\"internal bib\" href=\"\/resources\/biblio\/#Mordek_1995\" title=\"&#091;:de&#093;Zum bibliographischen Eintrag&#091;:en&#093;To the bibliographic entry&#091;:&#093;\">Mordek 1995, S. 157-158<\/a><\/li>\n<\/ul><\/div>\n<\/p><\/div>\n<\/p><\/div>\n<div class=\"footnotes-wrapper\"><\/div>\n<\/p><\/div>\n<div class=\"page-break\"><\/div>\n<\/p><\/div>\n<\/div>\n<p><br \/>\n<\/p>\n<div class=\"xsl-output\">\n<div class=\"tei-TEI mss-transcript-xsl transkription-body\">\n<div class=\"tei-text\">\n<h4 id=\"transcription\">Transcription<\/h4>\n<div class=\"tei-front\">\n<h5 id=\"editorial-preface\" data-cap-dyn-menu-caption=\"Editorial Preface\">\n        Editorial Preface to the Transcription<br \/>\n      <\/h5>\n<div class=\"italic tei-encodingDesc\">\n<p class=\"tei-p\">Transkriptionsvorlage:<\/p>\n<\/p><\/div>\n<\/div>\n<div id=\"inhaltsverzeichnis\" style=\"display: none\"><a data-level=\"5\" href=\"#start-of-text\"><br \/>\n          Contents (Rubrics)<br \/>\n        <\/a><a data-level=\"5\" href=\"#start-of-text\"><br \/>\n          Contents (BK-Nos.)<br \/>\n        <\/a><\/div>\n<div class=\"page-break\"><\/div>\n<div class=\"tei-body\" id=\"start-of-text\" data-shortcuts=\"1\">\n<div class=\"glossa-nota-wrapper\" data-shortcuts=\"0\"><\/div>\n<div class=\"corresp-wrapper\" data-shortcuts=\"0\"><\/div>\n<div lang=\"la\" class=\"ab ab-text\"><span> \u00a0<\/span><\/div>\n<div class=\"footnotes-wrapper\"><\/div>\n<div class=\"page-break\"><\/div>\n<div class=\"page-break\"><\/div>\n<\/div>\n<\/div>\n<\/div>\n<\/div>\n<p><br \/>\n<\/p>\n<div class=\"xsl-output\">\n<div class=\"tei-TEI mss-footer-xsl transkription-footer\">\n<h4 id=\"info\">Notes<\/h4>\n<div id=\"legend\">\n<h5>Key<\/h5>\n<table>\n<col class=\"legend-col-1\">\n<col class=\"legend-col-2\">\n<tr>\n<th>Symbols used<\/th>\n<th>Meaning<\/th>\n<\/tr>\n<tr>\n<td>\u00b7\u2003\u02d9\u2003:\u2003.&#8217;\u2003\/<br \/>\n               \u00b7,\u00b7\u2003:\/\u2003,\u2003;\u2003\u2234<\/td>\n<td>Punctuation (as used in<br \/>\n               the mss.)<\/td>\n<\/tr>\n<tr>\n<td><sup>*<\/sup><\/td>\n<td>Footnote (text<br \/>\n               of note appears on mouseover)<\/td>\n<\/tr>\n<tr>\n<td>Bold type (words, phrases)<\/td>\n<td>Rubrics, headings;<br \/>\n               differently rendered by using another font or other visual features<\/td>\n<\/tr>\n<tr>\n<td>Bold type (single letters)<\/td>\n<td>Initials<\/td>\n<\/tr>\n<tr>\n<td>Red<\/td>\n<td>Use of coloured ink<br \/>\n               (of any kind)<\/td>\n<\/tr>\n<tr>\n<td>[xyz]<\/td>\n<td>Uncertain reading,<br \/>\n               text hard to decipher<\/td>\n<\/tr>\n<tr>\n<td>[\u2026]<\/td>\n<td>Illegible text. The number of dots<br \/>\n               indicates the (estimated) number of characters missing<\/td>\n<\/tr>\n<tr>\n<td>\u2020\u2020\u2020<\/td>\n<td>Deleted<br \/>\n               text. The number of crosses indicates the (estimated) number of characters<br \/>\n               missing<\/td>\n<\/tr>\n<tr>\n<td>[\u2020]<\/td>\n<td>Place holder for deleted, non-reconstructable<br \/>\n               passages (<span class=\"italic\">without<\/span> indication of estimated number<br \/>\n               of characters missing)<\/td>\n<\/tr>\n<tr>\n<td>&#8211; &#8211; &#8211;<\/td>\n<td>Space left blank intentionally within a line in the ms.<\/td>\n<\/tr>\n<tr>\n<td>[!]<\/td>\n<td>sic<\/td>\n<\/tr>\n<tr>\n<td>|<\/td>\n<td>Line break<\/td>\n<\/tr>\n<tr>\n<td>[BK 139 c. 1]<\/td>\n<td>Reference to the<br \/>\n               Boretius\/Krause edition<\/td>\n<\/tr>\n<tr>\n<td>[fol. 123r], [p. 123]<\/td>\n<td>Page break<br \/>\n               (fol. or p.) or column break in the ms.<\/td>\n<\/tr>\n<tr>\n<td>\n<div class=\"glossa-nota-wrapper\">\n<div class=\"glossa\"><\/div>\n<\/p><\/div>\n<\/td>\n<td>Glossation<\/td>\n<\/tr>\n<tr>\n<td>\n<div class=\"glossa-nota-wrapper\">\n<div class=\"nota\"><\/div>\n<\/p><\/div>\n<\/td>\n<td>Annotation signs (e.g. nota signs)<\/td>\n<\/tr>\n<\/table>\n<div class=\"hr\"><\/div>\n<\/p><\/div>\n<div class=\"citation\">\n<h5>How to cite<\/h5>\n<div><span class=\"title\">Hamburg, Staats- und Universit\u00e4tsbibliothek Carl von Ossietzky, theol. 1717<\/span>,<\/p>\n<p>         <br \/>\n         in: Capitularia. Edition of the Frankish Capitularies,<br \/>\n         ed. by Karl Ubl and collaborators, Cologne 2014 ff.<br \/>\n         URL: https:\/\/capitularia.uni-koeln.de\/en\/mss\/hamburg-sub-theol-1717\/ (accessed on April 30, 2026)<br \/>\n         \n         <\/p><\/div>\n<\/p><\/div>\n<div class=\"hr\"><\/div>\n<div id=\"downloads\">\n<h5>Downloads<\/h5>\n<ul class=\"downloads\">\n<li class=\"download-icon\"><a class=\"screen-only ssdone\" href=\"\/cap\/publ\/mss\/hamburg-sub-theol-1717.xml\" title='&#091;:de&#093;Rechtsklick zum \"Speichern unter\"&#091;:en&#093;right button click to save file&#091;:&#093;'>File in XML<\/a>\n<div class=\"print-only\">File in XML \/cap\/publ\/mss\/hamburg-sub-theol-1717.xml<\/div>\n<\/li>\n<\/ul><\/div>\n<div class=\"hr\"><\/div>\n<div class=\"tei-revisionDesc\">\n<h5>Revision history<\/h5>\n<table>\n<thead>\n<tr>\n<th class=\"col-1\">Date<\/th>\n<th>Change<\/th>\n<\/tr>\n<\/thead>\n<tbody>\n<tr>\n<td class=\"col1\">2024-11-01<\/td>\n<td>Datei ver\u00f6ffentlicht<\/td>\n<\/tr>\n<\/tbody>\n<\/table><\/div>\n<\/div>\n<\/div>\n<p><\/p>","protected":false},"excerpt":{"rendered":"","protected":false},"author":10,"featured_media":0,"parent":58,"menu_order":0,"comment_status":"closed","ping_status":"closed","template":"","meta":{"inline_featured_image":false,"footnotes":""},"categories":[],"tags":[8],"class_list":["post-32018","page","type-page","status-publish","hentry","tag-xml"],"_links":{"self":[{"href":"https:\/\/capitularia.uni-koeln.de\/en\/wp-json\/wp\/v2\/pages\/32018","targetHints":{"allow":["GET"]}}],"collection":[{"href":"https:\/\/capitularia.uni-koeln.de\/en\/wp-json\/wp\/v2\/pages"}],"about":[{"href":"https:\/\/capitularia.uni-koeln.de\/en\/wp-json\/wp\/v2\/types\/page"}],"author":[{"embeddable":true,"href":"https:\/\/capitularia.uni-koeln.de\/en\/wp-json\/wp\/v2\/users\/10"}],"replies":[{"embeddable":true,"href":"https:\/\/capitularia.uni-koeln.de\/en\/wp-json\/wp\/v2\/comments?post=32018"}],"version-history":[{"count":0,"href":"https:\/\/capitularia.uni-koeln.de\/en\/wp-json\/wp\/v2\/pages\/32018\/revisions"}],"up":[{"embeddable":true,"href":"https:\/\/capitularia.uni-koeln.de\/en\/wp-json\/wp\/v2\/pages\/58"}],"wp:attachment":[{"href":"https:\/\/capitularia.uni-koeln.de\/en\/wp-json\/wp\/v2\/media?parent=32018"}],"wp:term":[{"taxonomy":"category","embeddable":true,"href":"https:\/\/capitularia.uni-koeln.de\/en\/wp-json\/wp\/v2\/categories?post=32018"},{"taxonomy":"post_tag","embeddable":true,"href":"https:\/\/capitularia.uni-koeln.de\/en\/wp-json\/wp\/v2\/tags?post=32018"}],"curies":[{"name":"wp","href":"https:\/\/api.w.org\/{rel}","templated":true}]}}