{"id":32016,"date":"2024-10-31T15:56:03","date_gmt":"2024-10-31T14:56:03","guid":{"rendered":"https:\/\/capitularia.uni-koeln.de\/mss\/muenchen-bsb-lat-4639\/"},"modified":"2026-04-17T07:24:50","modified_gmt":"2026-04-17T05:24:50","slug":"muenchen-bsb-lat-4639","status":"publish","type":"page","link":"https:\/\/capitularia.uni-koeln.de\/en\/mss\/muenchen-bsb-lat-4639\/","title":{"rendered":"M\u00fcnchen, Bayerische Staatsbibliothek, Lat. 4639"},"content":{"rendered":"<div class=\"xsl-output\">\n<div class=\"tei-TEI mss-header-xsl transkription-header\">\n<div class=\"tei-fileDesc\">\n<h4 id=\"description\" class=\"tei-titleStmt\">Manuscript description according to Mordek<\/h4>\n<div class=\"tei-msDesc\">\n<div id=\"identification\">\n<div class=\"tei-msIdentifier\">\n<h5>Repository<\/h5>\n<p>M\u00fcnchen<br \/>Bayerische Staatsbibliothek<br \/> Lat. 4639, foll. 1-74<\/p>\n<div>\n<div class=\"tei-altIdentifier\"><u>Siglum<\/u> <span class=\"italic\">M24<\/span><\/div>\n<\/p><\/div>\n<\/p><\/div>\n<div class=\"tei-facsimile\">Digital image available at<br \/>\n               <a class=\"external\" href=\"http:\/\/daten.digitale-sammlungen.de\/~db\/0011\/bsb00112055\/images\/\" title=\"Bayerische Staatsbibliothek M\u00fcnchen\" target=\"_blank\">Bayerische Staatsbibliothek M\u00fcnchen<\/a>\n               <\/div>\n<\/p><\/div>\n<div class=\"page-break\"><\/div>\n<div class=\"tei-history\">\n<h5 id=\"_origin\">Origin and history<\/h5>\n<div class=\"tei-origin\">\n<h6>Origin:<\/h6>\n<p>\n                  12. Jh., 2. H\u00e4lfte;<br \/>\n                  Bayern. Der zweite Teil der Hs. (foll. 75-147) mit Summa<br \/>\n                  casuum conscientiae des Burchardus de Argentina stammt erst aus dem 14. Jh.<br \/>\n                  (foll. 76r-78v nachtr\u00e4gliche Exzerpte aus dem Liber Sextus).<\/p>\n<\/p><\/div>\n<div class=\"tei-provenance\">\n<h6>Provenance:<\/h6>\n<p>Kloster Benediktbeuern (Besitzvermerk fol. 4r oben: <span class=\"tei-hi rend-italic\">Monasterij Benedictoburanj)<\/span> (Ben. 139), als <span class=\"tei-hi rend-italic\">Leges<br \/>\n                     Tageberti<\/span> schon im Katalog um 1250 (MBK 3, 1, S. 76). Als vordere<br \/>\n                  und hintere Schutzbl\u00e4tter sind zwei Fragmente eines Lektionars (um 814,<br \/>\n                  Di\u00f6zese Augsburg) erhalten, das auch in anderen Benediktbeurer Einb\u00e4nden<br \/>\n                  verarbeitet wurde, vgl. Bischoff, Schreibschulen 2, S. 198 mit Bezug auf<br \/>\n                  Schreibschulen 1, S. 21 f. Alte M\u00fcnchener Signaturen: Cim. IV. 3.<br \/>\n                  f; Cim. 329.<\/p>\n<\/p><\/div>\n<\/p><\/div>\n<div class=\"page-break\"><\/div>\n<div class=\"tei-physDesc\">\n<h5 id=\"_description\">Physical description<\/h5>\n<table class=\"tei-physDesc-table\">\n<tbody>\n<tr>\n<th class=\"value\">Material:<\/th>\n<td class=\"text\">\n                        Pergament\n                        <\/td>\n<\/tr>\n<tr>\n<th class=\"value\">Number:<\/th>\n<td class=\"text\">unser Teil: 74 foll. (alte Tintenz\u00e4hlung 1<span class=\"tei-hi rend-super\">a-c<\/span>,<br \/>\n                        2-72, hier wird die j\u00fcngere Bleistiftz\u00e4hlung 1-74 benutzt) <\/p>\n<\/td>\n<\/tr>\n<tr>\n<th class=\"value\">Size:<\/th>\n<td class=\"text\">165 \u00d7 123 mm<\/td>\n<\/tr>\n<tr>\n<th class=\"value\">Body text:<\/th>\n<td class=\"text\">120-123 \u00d7 75-80 mm<\/td>\n<\/tr>\n<tr>\n<th class=\"value\">Quires:<\/th>\n<td class=\"text\">\n<div>(IV-1)<span class=\"tei-hi rend-super\">7<\/span> + 8 IV<span class=\"tei-hi rend-super\">71<\/span> + (II\u2014l)<span class=\"tei-hi rend-super\">74<\/span><\/div>\n<div>Kustoden: arabische Zahlen am Ende der Lagen von <span class=\"tei-hi rend-italic\">1<\/span> (7<span class=\"tei-hi rend-super\">v<\/span>) bis <span class=\"tei-hi rend-italic\">9<\/span> (71<span class=\"tei-hi rend-super\">v<\/span>)<\/div>\n<\/td>\n<\/tr>\n<tr>\n<th class=\"value\">Lines:<\/th>\n<td class=\"text\">18 und 19<\/td>\n<\/tr>\n<tr>\n<th class=\"value\">Columns:<\/th>\n<td class=\"text\">1<\/td>\n<\/tr>\n<tr>\n<th class=\"value\">Script:<\/th>\n<td class=\"text\">\n                        karolingische Minuskel\n                        <\/td>\n<\/tr>\n<tr>\n<th class=\"value\">Decoration:<\/th>\n<td class=\"text\">\n<p>Dunkelbraune Texttinte; dunkelrote Rubriken (Capitalis rustica und Minuskel)<br \/>\n                           und Zahlen; dunkel-, seltener orangerote Initialen, z. T. mit gelben oder<br \/>\n                           dunkelgr\u00fcnen F\u00fcllungen, dunkelrote Zahlen.<\/p>\n<\/td>\n<\/tr>\n<tr>\n<th class=\"value\">Binding:<\/th>\n<td class=\"text\">\n<p>Dunkelbrauner sp\u00e4tgotischer Ledereinband (um Holz) mit Zierpr\u00e4gung,<br \/>\n                           defekte Schlie\u00dfe. Restauriert 1950 und 1962.<\/p>\n<\/p>\n<\/td>\n<\/tr>\n<\/tbody>\n<\/table><\/div>\n<div class=\"page-break\"><\/div>\n<div class=\"tei-msContents\">\n<h5 id=\"_content\">Contents<\/h5>\n<div class=\"tei-summary\">\n<h6>Note:<\/h6>\n<p>Die Sammlung dieser kleinen Gebrauchshs. vereint ausschlie\u00dflich bayerisches<br \/>\n                  Material (Lex Baiuvariorum, Kanones = Kapitularien von Dingolfing und<br \/>\n                  Neuching) mit der wohl um 800 von Arn von Salzburg verfa\u00dften Instructio<br \/>\n                  pastoralis als j\u00fcngstem St\u00fcck. Sie d\u00fcrfte also in Bayern entstanden sein,<br \/>\n                  wohl schon in der Sp\u00e4tzeit Karls des Gro\u00dfen.<\/p>\n<\/p><\/div>\n<ul class=\"bare\">\n<li class=\"tei-msItem\">\n<p>\n                     <span class=\"rend-semibold\">1r<\/span><br \/> M\u00fcnchener Bibliotheksstempel und Signaturen. In der Mitte<br \/>\n                     aufgeklebter Papierzettel mit Initiale <span class=\"tei-hi rend-italic\">A<\/span> aus altem<br \/>\n                     Druck. <\/p>\n<\/li>\n<li class=\"tei-msItem\">\n<p>\n                     <span class=\"rend-semibold\">1v-2r<\/span><br \/> Lex Baiuvariorum, Capitulatio mit den Titeln III<br \/>\n                     (hier<span class=\"tei-hi rend-italic\"> Cap. I),<\/span> IV <span class=\"tei-hi rend-italic\">(Cap. II;<\/span><br \/>\n                     einschlie\u00dflich Rubriken zu den Einzelkapiteln au\u00dfer c. 26) und V<br \/>\n                     (unnumeriert) (MGH LL nat. Germ. 5, 2, S. 211-218); danach ein Drittel der<br \/>\n                     Seite frei. <\/p>\n<\/li>\n<li class=\"tei-msItem\">\n<p>\n                     <span class=\"rend-semibold\">2v-3r<\/span><br \/> Leer. <\/p>\n<\/li>\n<li class=\"tei-msItem\">\n<p>\n                     <span class=\"rend-semibold\">3v-60r<\/span><br \/> Lex Baiuvariorum (nach Merkel Klasse B, nach Krusch<br \/>\n                     Klasse A), Prolog und Text (MGH LL nat. Germ. 5, 2, S. 198 &#8211; 203, 267 &#8211; 473;<br \/>\n                     Sigle Bb [= B6 in der Edition Merkels]; zur Hs. S. 184). <\/p>\n<\/li>\n<li class=\"tei-msItem\">\n<p>\n                     <span class=\"rend-semibold\">60r-62r<\/span><br \/>\n                     <span class=\"tei-hi rend-italic\">CAPIT. PRIMUM &#8211; XII &#8211;<\/span><br \/>\n                     <span class=\"rend-semibold\" title=\"KonzilDingolfing\">Capitulare seu canones concilii<br \/>\n                        Dingolfingensis<\/span> (a. 770?): <span class=\"tei-hi rend-italic\">H\u0119c sunt decreta qu\u0119<br \/>\n                        constituit synodus (sancta<\/span> am Rand nachgetragen) <span class=\"tei-hi rend-italic\">in loco qui dicitur dingoluinga domino thessilone principe mediante. DE<br \/>\n                        die dominico ita constituit &#8211; non privetur ita constituit<\/span> (MGH Conc.<br \/>\n                     2, 1, S. 93 Z. 29 &#8211; S. 96 Z. 6). <\/p>\n<\/li>\n<li class=\"tei-msItem\">\n<p>\n                     <span class=\"rend-semibold\">62r-65v<\/span><br \/>\n                     <span class=\"tei-hi rend-italic\">Cap. I-VI, Cap. II-XIII &#8211;<\/span><br \/>\n                     <span class=\"rend-semibold\" title=\"KonzilNeuching\">Capitulare seu canones concilii<br \/>\n                        Neuchingensis<\/span> (a. 771\/772): <span class=\"tei-hi rend-italic\">H\u0119c sunt decreta<br \/>\n                        qu\u00e7 constituit sancta synodus in loco qui dicitur nivhinga sub principe<br \/>\n                        domino thessilone mediante de popularibus. Prenotatus princeps universo<br \/>\n                        concordante collegio &#8211; uel excommunicetur (i<\/span> \u00fcber der Zeile) (MGH<br \/>\n                     Conc. 2, 1, S. 99 Z. 28 &#8211; S. 103 Z. 15). <\/p>\n<\/li>\n<li class=\"tei-msItem\">\n<p>\n                     <span class=\"rend-semibold\">65v-74v<\/span><br \/> Arn von Salzburg, Instructio pastoralis (MGH Conc. 2,<br \/>\n                     1, S. 198-201 [nach dieser Hs.]; auf breiter \u00dcberlieferungsbasis ed. R. <span class=\"tei-hi rend-smallcaps\">\u00c9taix, <\/span>Un manuel de pastorale de l\u2019\u00e9poque<br \/>\n                     carolingienne <span class=\"tei-hi rend-italic\">(Clm<\/span> 27152), in: Rev. B\u00e9n. 91 [1981] S.<br \/>\n                     116-123). Fol. 71r reicht bis <span class=\"tei-hi rend-italic\">cottidie istam, <\/span>dann<br \/>\n                     sind mehr als die H\u00e4lfte der letzten Zeile und zwei Seiten freigelassen, auf<br \/>\n                     denen der hier fehlende Text wohl sp\u00e4ter nachgetragen werden sollte (foll.<br \/>\n                     71v-72r; die L\u00fccke entspricht <span class=\"tei-hi rend-smallcaps\">\u00c9taix, <\/span>S. 121 Z.<br \/>\n                     123- 140). <span class=\"tei-hi rend-italic\">Explicit.<\/span>\n                     <\/p>\n<\/li>\n<li class=\"tei-msItem\">\n<p>\n                     <span class=\"rend-semibold\">74v<\/span><br \/> Notiz \u00fcber die pastorale Verpflichtung der <span class=\"tei-hi rend-italic\">sacerdotes<\/span> (MGH Conc. 2, 1, S. 201 Z. 28-31). <\/p>\n<\/li>\n<\/ul><\/div>\n<div class=\"page-break\"><\/div>\n<div class=\"tei-listBibl tei-listBibl-not-type\">\n<h5 id=\"_bibliography\">Bibliography<\/h5>\n<div class=\"tei-listBibl tei-listBibl-lit\">\n<h6>References:<\/h6>\n<ul>\n<li class=\"tei-bibl\">H. Scholliner, Synodus Nivhingana sub Tassilone Bojariae Duce Anno<br \/>\n                     DCCLXXIIII. celebrata e codice Mst. Benedictoburano recens eruta, in: L.<br \/>\n                     Westenrieder (Hg.), Beytr\u00e4ge zur vaterl\u00e4ndischen Historie, Geographie,<br \/>\n                     Statistik und Landwirthschaft 1 (1788) S. 1-30<\/li>\n<li class=\"tei-bibl\"><a class=\"internal bib\" href=\"\/resources\/biblio\/#Merkel_1850\" title=\"&#091;:de&#093;Zum bibliographischen Eintrag&#091;:en&#093;To the bibliographic entry&#091;:&#093;\">Merkel 1850 S. 564 f.<\/a><\/li>\n<li class=\"tei-bibl\"> MGH LL 3, S. 187<\/li>\n<li class=\"tei-bibl\"><a class=\"internal bib\" href=\"\/resources\/biblio\/#Werminghoff_1910\" title=\"&#091;:de&#093;Zum bibliographischen Eintrag&#091;:en&#093;To the bibliographic entry&#091;:&#093;\">Werminghoff 1910 S. 51 f. Anm. 5<\/a><\/li>\n<li class=\"tei-bibl\"><a class=\"internal bib\" href=\"\/resources\/biblio\/#Krusch_1924\" title=\"&#091;:de&#093;Zum bibliographischen Eintrag&#091;:en&#093;To the bibliographic entry&#091;:&#093;\">Krusch 1924 S. 56<\/a><\/li>\n<li class=\"tei-bibl\"><a class=\"internal bib\" href=\"\/resources\/biblio\/#Kottje_1986\" title=\"&#091;:de&#093;Zum bibliographischen Eintrag&#091;:en&#093;To the bibliographic entry&#091;:&#093;\">Kottje 1986 S. 20, 22<\/a><\/li>\n<\/ul><\/div>\n<div class=\"tei-listBibl tei-listBibl-cat\">\n<h6>Catalogues:<\/h6>\n<ul>\n<li class=\"tei-bibl\"><a class=\"internal bib\" href=\"\/resources\/biblio\/#Halm_1894\" title=\"&#091;:de&#093;Zum bibliographischen Eintrag&#091;:en&#093;To the bibliographic entry&#091;:&#093;\">Halm 1894 S. 222 Nr. 1263<\/a><\/li>\n<li class=\"tei-bibl\"><a class=\"internal bib\" href=\"\/resources\/biblio\/#Glauche_1994\" title=\"&#091;:de&#093;Zum bibliographischen Eintrag&#091;:en&#093;To the bibliographic entry&#091;:&#093;\">Glauche 1994 S. 265 f.<\/a><\/li>\n<\/ul><\/div>\n<div class=\"tei-listBibl tei-listBibl-abb\">\n<h6>Images:<\/h6>\n<ul>\n<li class=\"tei-bibl\">MGH LL 3, Taf. III, 4 nach S. 260<\/li>\n<\/ul><\/div>\n<div class=\"tei-listBibl tei-listBibl-cap\">\n<h6>Project-specific references:<\/h6>\n<ul>\n<li class=\"tei-bibl\"><a class=\"internal bib\" href=\"\/resources\/biblio\/#Mordek_1995\" title=\"&#091;:de&#093;Zum bibliographischen Eintrag&#091;:en&#093;To the bibliographic entry&#091;:&#093;\">Mordek 1995 S. 312-314<\/a><\/li>\n<li class=\"tei-bibl\"><a class=\"internal bib\" href=\"\/resources\/biblio\/#Bischoff_2004\" title=\"&#091;:de&#093;Zum bibliographischen Eintrag&#091;:en&#093;To the bibliographic entry&#091;:&#093;\">Bischoff 2004, Nr. 2966, S. 227 (nur zum aus<br \/>\n                        dem 9. Jh. stammenden hint. u. vord. Deckelspiegel)<\/a><\/li>\n<li class=\"tei-bibl\">Bibliotheca legum regni Francorum manuscripta, Karl Ubl (Hrsg.) unter<br \/>\n                     der Mitarbeit von Dominik Trump und Daniela Schulz, K\u00f6ln 2012 <a class=\"external\" href=\"http:\/\/www.leges.uni-koeln.de\/mss\/handschrift\/muenchen-bsb-lat-4639\" target=\"_blank\" title=\"&#091;:de&#093;Zur Beschreibung auf der Bibliotheca legum-Webseite&#091;:en&#093;To the manuscript description on the Bibliotheca legum website&#091;:&#093;\"><\/a>\n                     <\/li>\n<\/ul><\/div>\n<\/p><\/div>\n<\/p><\/div>\n<div class=\"footnotes-wrapper\"><\/div>\n<\/p><\/div>\n<div class=\"page-break\"><\/div>\n<\/p><\/div>\n<\/div>\n<p><br \/>\n<\/p>\n<div class=\"xsl-output\">\n<div class=\"tei-TEI mss-transcript-xsl transkription-body\">\n<div class=\"tei-text\">\n<h4 id=\"transcription\">Transcription<\/h4>\n<div class=\"tei-front\">\n<h5 id=\"editorial-preface\" data-cap-dyn-menu-caption=\"Editorial Preface\">\n        Editorial Preface to the Transcription<br \/>\n      <\/h5>\n<div class=\"italic tei-encodingDesc\">\n<p class=\"tei-p\">Transkriptionsvorlage:<\/p>\n<\/p><\/div>\n<\/div>\n<div id=\"inhaltsverzeichnis\" style=\"display: none\"><a data-level=\"5\" href=\"#start-of-text\"><br \/>\n          Contents (Rubrics)<br \/>\n        <\/a><a data-level=\"5\" href=\"#start-of-text\"><br \/>\n          Contents (BK-Nos.)<br \/>\n        <\/a><\/div>\n<div class=\"page-break\"><\/div>\n<div class=\"tei-body\" id=\"start-of-text\" data-shortcuts=\"1\">\n<div class=\"glossa-nota-wrapper\" data-shortcuts=\"0\"><\/div>\n<div class=\"corresp-wrapper\" data-shortcuts=\"0\"><\/div>\n<div lang=\"la\" class=\"ab ab-text\"><span> \u00a0<\/span><\/div>\n<div class=\"footnotes-wrapper\"><\/div>\n<div class=\"page-break\"><\/div>\n<div class=\"page-break\"><\/div>\n<\/div>\n<\/div>\n<\/div>\n<\/div>\n<p><br \/>\n<\/p>\n<div class=\"xsl-output\">\n<div class=\"tei-TEI mss-footer-xsl transkription-footer\">\n<h4 id=\"info\">Notes<\/h4>\n<div id=\"legend\">\n<h5>Key<\/h5>\n<table>\n<col class=\"legend-col-1\">\n<col class=\"legend-col-2\">\n<tr>\n<th>Symbols used<\/th>\n<th>Meaning<\/th>\n<\/tr>\n<tr>\n<td>\u00b7\u2003\u02d9\u2003:\u2003.&#8217;\u2003\/<br \/>\n               \u00b7,\u00b7\u2003:\/\u2003,\u2003;\u2003\u2234<\/td>\n<td>Punctuation (as used in<br \/>\n               the mss.)<\/td>\n<\/tr>\n<tr>\n<td><sup>*<\/sup><\/td>\n<td>Footnote (text<br \/>\n               of note appears on mouseover)<\/td>\n<\/tr>\n<tr>\n<td>Bold type (words, phrases)<\/td>\n<td>Rubrics, headings;<br \/>\n               differently rendered by using another font or other visual features<\/td>\n<\/tr>\n<tr>\n<td>Bold type (single letters)<\/td>\n<td>Initials<\/td>\n<\/tr>\n<tr>\n<td>Red<\/td>\n<td>Use of coloured ink<br \/>\n               (of any kind)<\/td>\n<\/tr>\n<tr>\n<td>[xyz]<\/td>\n<td>Uncertain reading,<br \/>\n               text hard to decipher<\/td>\n<\/tr>\n<tr>\n<td>[\u2026]<\/td>\n<td>Illegible text. The number of dots<br \/>\n               indicates the (estimated) number of characters missing<\/td>\n<\/tr>\n<tr>\n<td>\u2020\u2020\u2020<\/td>\n<td>Deleted<br \/>\n               text. The number of crosses indicates the (estimated) number of characters<br \/>\n               missing<\/td>\n<\/tr>\n<tr>\n<td>[\u2020]<\/td>\n<td>Place holder for deleted, non-reconstructable<br \/>\n               passages (<span class=\"italic\">without<\/span> indication of estimated number<br \/>\n               of characters missing)<\/td>\n<\/tr>\n<tr>\n<td>&#8211; &#8211; &#8211;<\/td>\n<td>Space left blank intentionally within a line in the ms.<\/td>\n<\/tr>\n<tr>\n<td>[!]<\/td>\n<td>sic<\/td>\n<\/tr>\n<tr>\n<td>|<\/td>\n<td>Line break<\/td>\n<\/tr>\n<tr>\n<td>[BK 139 c. 1]<\/td>\n<td>Reference to the<br \/>\n               Boretius\/Krause edition<\/td>\n<\/tr>\n<tr>\n<td>[fol. 123r], [p. 123]<\/td>\n<td>Page break<br \/>\n               (fol. or p.) or column break in the ms.<\/td>\n<\/tr>\n<tr>\n<td>\n<div class=\"glossa-nota-wrapper\">\n<div class=\"glossa\"><\/div>\n<\/p><\/div>\n<\/td>\n<td>Glossation<\/td>\n<\/tr>\n<tr>\n<td>\n<div class=\"glossa-nota-wrapper\">\n<div class=\"nota\"><\/div>\n<\/p><\/div>\n<\/td>\n<td>Annotation signs (e.g. nota signs)<\/td>\n<\/tr>\n<\/table>\n<div class=\"hr\"><\/div>\n<\/p><\/div>\n<div class=\"citation\">\n<h5>How to cite<\/h5>\n<div><span class=\"title\">M\u00fcnchen, Bayerische Staatsbibliothek, Lat. 4639<\/span>,<\/p>\n<p>         <br \/>\n         in: Capitularia. Edition of the Frankish Capitularies,<br \/>\n         ed. by Karl Ubl and collaborators, Cologne 2014 ff.<br \/>\n         URL: https:\/\/capitularia.uni-koeln.de\/en\/mss\/muenchen-bsb-lat-4639\/ (accessed on April 17, 2026)<br \/>\n         \n         <\/p><\/div>\n<\/p><\/div>\n<div class=\"hr\"><\/div>\n<div id=\"downloads\">\n<h5>Downloads<\/h5>\n<ul class=\"downloads\">\n<li class=\"download-icon\"><a class=\"screen-only ssdone\" href=\"\/cap\/publ\/mss\/muenchen-bsb-lat-4639.xml\" title='&#091;:de&#093;Rechtsklick zum \"Speichern unter\"&#091;:en&#093;right button click to save file&#091;:&#093;'>File in XML<\/a>\n<div class=\"print-only\">File in XML \/cap\/publ\/mss\/muenchen-bsb-lat-4639.xml<\/div>\n<\/li>\n<\/ul><\/div>\n<div class=\"hr\"><\/div>\n<div class=\"tei-revisionDesc\">\n<h5>Revision history<\/h5>\n<table>\n<thead>\n<tr>\n<th class=\"col-1\">Date<\/th>\n<th>Change<\/th>\n<\/tr>\n<\/thead>\n<tbody>\n<tr>\n<td class=\"col1\">2024-11-01<\/td>\n<td>Datei ver\u00f6ffentlicht<\/td>\n<\/tr>\n<\/tbody>\n<\/table><\/div>\n<\/div>\n<\/div>\n<p><\/p>","protected":false},"excerpt":{"rendered":"","protected":false},"author":10,"featured_media":0,"parent":58,"menu_order":0,"comment_status":"closed","ping_status":"closed","template":"","meta":{"inline_featured_image":false,"footnotes":""},"categories":[],"tags":[8],"class_list":["post-32016","page","type-page","status-publish","hentry","tag-xml"],"_links":{"self":[{"href":"https:\/\/capitularia.uni-koeln.de\/en\/wp-json\/wp\/v2\/pages\/32016","targetHints":{"allow":["GET"]}}],"collection":[{"href":"https:\/\/capitularia.uni-koeln.de\/en\/wp-json\/wp\/v2\/pages"}],"about":[{"href":"https:\/\/capitularia.uni-koeln.de\/en\/wp-json\/wp\/v2\/types\/page"}],"author":[{"embeddable":true,"href":"https:\/\/capitularia.uni-koeln.de\/en\/wp-json\/wp\/v2\/users\/10"}],"replies":[{"embeddable":true,"href":"https:\/\/capitularia.uni-koeln.de\/en\/wp-json\/wp\/v2\/comments?post=32016"}],"version-history":[{"count":0,"href":"https:\/\/capitularia.uni-koeln.de\/en\/wp-json\/wp\/v2\/pages\/32016\/revisions"}],"up":[{"embeddable":true,"href":"https:\/\/capitularia.uni-koeln.de\/en\/wp-json\/wp\/v2\/pages\/58"}],"wp:attachment":[{"href":"https:\/\/capitularia.uni-koeln.de\/en\/wp-json\/wp\/v2\/media?parent=32016"}],"wp:term":[{"taxonomy":"category","embeddable":true,"href":"https:\/\/capitularia.uni-koeln.de\/en\/wp-json\/wp\/v2\/categories?post=32016"},{"taxonomy":"post_tag","embeddable":true,"href":"https:\/\/capitularia.uni-koeln.de\/en\/wp-json\/wp\/v2\/tags?post=32016"}],"curies":[{"name":"wp","href":"https:\/\/api.w.org\/{rel}","templated":true}]}}