{"id":31294,"date":"2023-08-16T14:30:26","date_gmt":"2023-08-16T12:30:26","guid":{"rendered":"https:\/\/capitularia.uni-koeln.de\/?page_id=31294"},"modified":"2023-10-06T17:35:51","modified_gmt":"2023-10-06T15:35:51","slug":"stemma-bk191","status":"publish","type":"page","link":"https:\/\/capitularia.uni-koeln.de\/en\/stemmata\/stemma-bk191\/","title":{"rendered":"Stemma for the Capitulare Wormatiense (829)"},"content":{"rendered":"<p class=\"qtranxs-available-languages-message qtranxs-available-languages-message-en\">Sorry, this entry is only available in <a href=\"https:\/\/capitularia.uni-koeln.de\/de\/wp-json\/wp\/v2\/pages\/31294\" class=\"qtranxs-available-language-link qtranxs-available-language-link-de\" title=\"Deutsch\">Deutsch<\/a>.<\/p><p><\/p>\n<p>F\u00fcr das Stemma wurden nur die vollst\u00e4ndigen \u00dcberlieferungen von <a title=\"zum Kapitular\" href=\"http:\/\/capitularia.uni-koeln.de\/capit\/ldf\/bk-nr-191\/\" target=\"blank_\" rel=\"noopener noreferrer\">BK 191<\/a> herangezogen. Es wird nicht zwischen klar erkennbaren Filiationen und nur hypothetischen Abh\u00e4ngigkeiten unterschieden.<\/p>\n<p>&nbsp;<\/p>\n<div class=\"pan-zoom-container border border-primary\">\n<p><img decoding=\"async\" class=\"svg-pan-zoom wp-image-31294\" src=\"\/wp-content\/uploads\/2023\/08\/Stemma-828_829.svg\" alt=\"Stemma-829\" width=\"100%\" height=\"500px\" \/><\/p>\n<\/div>\n<p><\/p>","protected":false},"excerpt":{"rendered":"<p>Sorry, this entry is only available in Deutsch. F\u00fcr das Stemma wurden nur die vollst\u00e4ndigen \u00dcberlieferungen von BK 191 herangezogen. Es wird nicht zwischen klar erkennbaren Filiationen und nur hypothetischen Abh\u00e4ngigkeiten unterschieden. &nbsp;<\/p>\n","protected":false},"author":21,"featured_media":0,"parent":29754,"menu_order":0,"comment_status":"closed","ping_status":"closed","template":"","meta":{"inline_featured_image":false,"footnotes":""},"categories":[],"tags":[],"class_list":["post-31294","page","type-page","status-publish","hentry"],"_links":{"self":[{"href":"https:\/\/capitularia.uni-koeln.de\/en\/wp-json\/wp\/v2\/pages\/31294","targetHints":{"allow":["GET"]}}],"collection":[{"href":"https:\/\/capitularia.uni-koeln.de\/en\/wp-json\/wp\/v2\/pages"}],"about":[{"href":"https:\/\/capitularia.uni-koeln.de\/en\/wp-json\/wp\/v2\/types\/page"}],"author":[{"embeddable":true,"href":"https:\/\/capitularia.uni-koeln.de\/en\/wp-json\/wp\/v2\/users\/21"}],"replies":[{"embeddable":true,"href":"https:\/\/capitularia.uni-koeln.de\/en\/wp-json\/wp\/v2\/comments?post=31294"}],"version-history":[{"count":4,"href":"https:\/\/capitularia.uni-koeln.de\/en\/wp-json\/wp\/v2\/pages\/31294\/revisions"}],"predecessor-version":[{"id":31314,"href":"https:\/\/capitularia.uni-koeln.de\/en\/wp-json\/wp\/v2\/pages\/31294\/revisions\/31314"}],"up":[{"embeddable":true,"href":"https:\/\/capitularia.uni-koeln.de\/en\/wp-json\/wp\/v2\/pages\/29754"}],"wp:attachment":[{"href":"https:\/\/capitularia.uni-koeln.de\/en\/wp-json\/wp\/v2\/media?parent=31294"}],"wp:term":[{"taxonomy":"category","embeddable":true,"href":"https:\/\/capitularia.uni-koeln.de\/en\/wp-json\/wp\/v2\/categories?post=31294"},{"taxonomy":"post_tag","embeddable":true,"href":"https:\/\/capitularia.uni-koeln.de\/en\/wp-json\/wp\/v2\/tags?post=31294"}],"curies":[{"name":"wp","href":"https:\/\/api.w.org\/{rel}","templated":true}]}}