{"id":31257,"date":"2023-08-03T09:34:36","date_gmt":"2023-08-03T07:34:36","guid":{"rendered":"https:\/\/capitularia.uni-koeln.de\/mss\/colmar-adhr-gd-n-139\/"},"modified":"2026-04-17T22:07:32","modified_gmt":"2026-04-17T20:07:32","slug":"colmar-adhr-gd-n-139","status":"publish","type":"page","link":"https:\/\/capitularia.uni-koeln.de\/en\/mss\/colmar-adhr-gd-n-139\/","title":{"rendered":"Colmar, Archives du Haut-Rhin, Grand Document N\u00b0 139"},"content":{"rendered":"<div class=\"xsl-output\">\n<div class=\"tei-TEI mss-header-xsl transkription-header\">\n<div class=\"tei-fileDesc\">\n<h4 id=\"description\" class=\"tei-titleStmt\">Manuscript description according to Mordek<\/h4>\n<div class=\"tei-msDesc\">\n<div id=\"identification\">\n<div class=\"tei-msIdentifier\">\n<h5>Repository<\/h5>\n<p>Colmar<br \/>Archives du Haut-Rhin<br \/> Grand Document N\u00b0 139<\/p>\n<div>\n<div class=\"tei-altIdentifier\"><u>Siglum<\/u> <span class=\"italic\">Co<\/span><\/div>\n<\/p><\/div>\n<\/p><\/div>\n<\/p><\/div>\n<div class=\"page-break\"><\/div>\n<div class=\"tei-history\">\n<h5 id=\"_origin\">Origin and history<\/h5>\n<div class=\"tei-origin\">\n<h6>Origin:<\/h6>\n<p>\n                  Um 816 (Mordek,<br \/>\n                  Bischoff);  Frankreich (Mordek), wohl Westdeutschland<br \/>\n                  (Bischoff).<\/p>\n<\/p><\/div>\n<div class=\"tei-provenance\">\n<h6>Provenance:<\/h6>\n<p>sp\u00e4testens in der zweiten H\u00e4lfte des 10. Jh. im Elsa\u00df, zuletzt in Murbach.<br \/>\n                  Alte Signatur: 10 G (nicht 10 C) Actes G\u00e9n\u00e9raux, Lad. 12 N\u00b0 4;<br \/>\n                  damit wird heute eine Papierkopie des Rotels wohl aus dem 18. Jh.<br \/>\n                  bezeichnet.<\/p>\n<\/p><\/div>\n<\/p><\/div>\n<div class=\"page-break\"><\/div>\n<div class=\"tei-physDesc\">\n<h5 id=\"_description\">Physical description<\/h5>\n<table class=\"tei-physDesc-table\">\n<tbody>\n<tr>\n<th class=\"value\">Material:<\/th>\n<td class=\"text\">\n                        Pergamentrotulus\n                        <\/td>\n<\/tr>\n<tr>\n<th class=\"value\">Number:<\/th>\n<td class=\"text\">4 zusammengen\u00e4hte Teile (L\u00e4ngen: 485 mm, 500 mm, 550 mm und 165<br \/>\n                        mm)<\/p>\n<\/td>\n<\/tr>\n<tr>\n<th class=\"value\">Size:<\/th>\n<td class=\"text\">ca. 1700 \u00d7 185-195 mm<\/td>\n<\/tr>\n<tr>\n<th class=\"value\">Body text:<\/th>\n<td class=\"text\">ca.  \u00d7 165-170 mm<\/td>\n<\/tr>\n<tr>\n<th class=\"value\">Lines:<\/th>\n<td class=\"text\"><\/td>\n<\/tr>\n<tr>\n<th class=\"value\">Columns:<\/th>\n<td class=\"text\">1<\/td>\n<\/tr>\n<tr>\n<th class=\"value\">Script:<\/th>\n<td class=\"text\">\n                        karolingische Minuskel\n                        <\/td>\n<\/tr>\n<tr>\n<th class=\"value\">Decoration:<\/th>\n<td class=\"text\">\n<p>Text in brauner Tinte, schmucklos.<\/p>\n<\/td>\n<\/tr>\n<\/tbody>\n<\/table><\/div>\n<div class=\"page-break\"><\/div>\n<div class=\"tei-msContents\">\n<h5 id=\"_content\">Contents<\/h5>\n<div class=\"tei-summary\">\n<h6>Note:<\/h6>\n<p>Eine der ganz wenigen erhaltenen Erstschriften aus dem Entstehungsproze\u00df von<br \/>\n                  Kapitularien und daher besonders bedeutsam.<br \/> Wie aus einem<br \/>\n                  Bibliothekskatalog des 11. Jahrhunderts hervorgeht, verwahrte das<br \/>\n                  lothringische Kloster Gorze unter seinen Best\u00e4nden <span class=\"tei-hi rend-italic\">Rotula<br \/>\n                     officii sancti baptiste grece compositi et Capitulare nouarum<br \/>\n                     consuetudin[ar]um monachorum ex consensu Hludouuici regis<\/span> (Cod.<br \/>\n                  Reims 427 [aus Saint-Thierry, Reims], fol. 13v, ed. G. <span class=\"tei-hi rend-smallcaps\">Morin, <\/span>Le catalogue des manuscrits de l\u2019 abbaye de Gorze au XI<span class=\"tei-hi rend-super\">e<\/span> si\u00e8cle, in: Rev. B\u00e9n. 22 [1905] S. 10). Vermutlich<br \/>\n                  war auch dieser Textzeuge der monastischen Gesetzgebung Ludwigs in Rotelform<br \/>\n                  gehalten.<\/p>\n<\/p><\/div>\n<ul class=\"bare\">\n<li class=\"tei-msItem\">\n<p>\n                     <span class=\"rend-semibold\">recto<\/span><br \/>\n                     <span class=\"rend-semibold\" title=\"StatutaCapitularia\">Statuta capitularia per totum ordinem<br \/>\n                        sancti Benedicti = Actuum praeliminarium synodi Aquisgranensis<br \/>\n                        commentationes sive statuta capitularia Murbacensia<\/span> (a. 816),<br \/>\n                     d.i. eine kommentierte Mitschrift jenes Aachener Synodaltextes, den Ludwig<br \/>\n                     der Fromme wenig sp\u00e4ter in modifizierter Form als Kapitular (Capitulare<br \/>\n                     monasticum I) bekanntmachte: <span class=\"tei-hi rend-italic\">Ad memoriam uestram fratres<br \/>\n                        karissimi<\/span> &#8211; <span class=\"tei-hi rend-italic\">horrea reportent<\/span> (CCM 1, S.<br \/>\n                     441-450). <\/p>\n<\/li>\n<li class=\"tei-msItem\">\n<p>\n                     <span class=\"rend-semibold\">verso<\/span><br \/> Mittelalterlicher Titel der Statuta Murbacensia (nur<br \/>\n                     mit Quarzlampe zu lesen): <span class=\"tei-hi rend-italic\">st&lt;a&gt;t&lt;u&gt;ta<br \/>\n                        capitularia per totum o&lt;rdi&gt;nem sancti benedicti<\/span>.<br \/>Formulae<br \/>\n                     Sangallenses miscellaneae, Nr. 6 und 18 sowie Collectio Sangallensis, Nr. 16<br \/>\n                     und 17 (MGH Formulae, S. 382 f., 388, 406). <\/p>\n<\/li>\n<\/ul><\/div>\n<div class=\"page-break\"><\/div>\n<div class=\"tei-listBibl tei-listBibl-not-type\">\n<h5 id=\"_bibliography\">Bibliography<\/h5>\n<div class=\"tei-listBibl tei-listBibl-lit\">\n<h6>References:<\/h6>\n<ul>\n<li class=\"tei-bibl\">E. <span class=\"tei-hi rend-smallcaps\">Bonvalet, <\/span>Nouvelles formules alsatiques,<br \/>\n                     in: Revue historique de droit fran\u00e7ais et \u00e9tranger, 1\u00e8re s\u00e9r., 9 (1863)<br \/>\n                     S. 420<\/li>\n<li class=\"tei-bibl\">Ch. <span class=\"tei-hi rend-smallcaps\">Wilsdorf, <\/span>Le manuscrit et l\u2019auteur des<br \/>\n                     statuts dits de Murbach, in: Revue d\u2019Alsace 100 (1961) S. 102-110<\/li>\n<li class=\"tei-bibl\"><a class=\"internal bib\" href=\"\/resources\/biblio\/#Semmler_1963\" title=\"&#091;:de&#093;Zum bibliographischen Eintrag&#091;:en&#093;To the bibliographic entry&#091;:&#093;\"><br \/>\n                        <span class=\"tei-hi rend-smallcaps\">Semmler <\/span>1963, S. 18 f.<\/a><\/li>\n<li class=\"tei-bibl\"> CCM 1 (1963), S. 439 f.<\/li>\n<li class=\"tei-bibl\"> Mordek 1986a, S. 32 f.<\/li>\n<\/ul><\/div>\n<div class=\"tei-listBibl tei-listBibl-abb\">\n<h6>Images:<\/h6>\n<ul>\n<li class=\"tei-bibl\"><a class=\"internal bib\" href=\"\/resources\/biblio\/#Mordek_1986a\" title=\"&#091;:de&#093;Zum bibliographischen Eintrag&#091;:en&#093;To the bibliographic entry&#091;:&#093;\"> Mordek 1986a, Abb. III separat am Ende des<br \/>\n                        Bandes (volle Wiedergabe des Textes, recto und verso).<\/a><\/li>\n<\/ul><\/div>\n<div class=\"tei-listBibl tei-listBibl-cap\">\n<h6>Project-specific references:<\/h6>\n<ul>\n<li class=\"tei-bibl\"><a class=\"internal bib\" href=\"\/resources\/biblio\/#Mordek_1995\" title=\"&#091;:de&#093;Zum bibliographischen Eintrag&#091;:en&#093;To the bibliographic entry&#091;:&#093;\">Mordek 1995, S. 112-113<\/a><\/li>\n<li class=\"tei-bibl\"><a class=\"internal bib\" href=\"\/resources\/biblio\/#Bischoff_1998\" title=\"&#091;:de&#093;Zum bibliographischen Eintrag&#091;:en&#093;To the bibliographic entry&#091;:&#093;\">Bischoff 1998, S. 203, Nr. 931<\/a><\/li>\n<li class=\"tei-bibl\"><a class=\"internal bib\" href=\"\/resources\/biblio\/#Hoffmann_2004\" title=\"&#091;:de&#093;Zum bibliographischen Eintrag&#091;:en&#093;To the bibliographic entry&#091;:&#093;\">Hoffmann 2004, S. 204<\/a><\/li>\n<\/ul><\/div>\n<\/p><\/div>\n<\/p><\/div>\n<div class=\"footnotes-wrapper\"><\/div>\n<\/p><\/div>\n<div class=\"page-break\"><\/div>\n<\/p><\/div>\n<\/div>\n<p><br \/>\n<\/p>\n<div class=\"xsl-output\">\n<div class=\"tei-TEI mss-transcript-xsl transkription-body\">\n<div class=\"tei-text\">\n<h4 id=\"transcription\">Transcription<\/h4>\n<div class=\"tei-front\">\n<h5 id=\"editorial-preface\" data-cap-dyn-menu-caption=\"Editorial Preface\">\n        Editorial Preface to the Transcription<br \/>\n      <\/h5>\n<div class=\"italic tei-encodingDesc\">\n<p class=\"tei-p\">Transkriptionsvorlage:<\/p>\n<\/p><\/div>\n<\/div>\n<div id=\"inhaltsverzeichnis\" style=\"display: none\"><a data-level=\"5\" href=\"#start-of-text\"><br \/>\n          Contents (Rubrics)<br \/>\n        <\/a><a data-level=\"5\" href=\"#start-of-text\"><br \/>\n          Contents (BK-Nos.)<br \/>\n        <\/a><\/div>\n<div class=\"page-break\"><\/div>\n<div class=\"tei-body\" id=\"start-of-text\" data-shortcuts=\"1\">\n<div class=\"glossa-nota-wrapper\" data-shortcuts=\"0\"><\/div>\n<div class=\"corresp-wrapper\" data-shortcuts=\"0\"><\/div>\n<div lang=\"la\" class=\"ab ab-text\"><span> \u00a0<\/span><\/div>\n<div class=\"footnotes-wrapper\"><\/div>\n<div class=\"page-break\"><\/div>\n<div class=\"page-break\"><\/div>\n<\/div>\n<\/div>\n<\/div>\n<\/div>\n<p><br \/>\n<\/p>\n<div class=\"xsl-output\">\n<div class=\"tei-TEI mss-footer-xsl transkription-footer\">\n<h4 id=\"info\">Notes<\/h4>\n<div id=\"legend\">\n<h5>Key<\/h5>\n<table>\n<col class=\"legend-col-1\">\n<col class=\"legend-col-2\">\n<tr>\n<th>Symbols used<\/th>\n<th>Meaning<\/th>\n<\/tr>\n<tr>\n<td>\u00b7\u2003\u02d9\u2003:\u2003.&#8217;\u2003\/<br \/>\n               \u00b7,\u00b7\u2003:\/\u2003,\u2003;\u2003\u2234<\/td>\n<td>Punctuation (as used in<br \/>\n               the mss.)<\/td>\n<\/tr>\n<tr>\n<td><sup>*<\/sup><\/td>\n<td>Footnote (text<br \/>\n               of note appears on mouseover)<\/td>\n<\/tr>\n<tr>\n<td>Bold type (words, phrases)<\/td>\n<td>Rubrics, headings;<br \/>\n               differently rendered by using another font or other visual features<\/td>\n<\/tr>\n<tr>\n<td>Bold type (single letters)<\/td>\n<td>Initials<\/td>\n<\/tr>\n<tr>\n<td>Red<\/td>\n<td>Use of coloured ink<br \/>\n               (of any kind)<\/td>\n<\/tr>\n<tr>\n<td>[xyz]<\/td>\n<td>Uncertain reading,<br \/>\n               text hard to decipher<\/td>\n<\/tr>\n<tr>\n<td>[\u2026]<\/td>\n<td>Illegible text. The number of dots<br \/>\n               indicates the (estimated) number of characters missing<\/td>\n<\/tr>\n<tr>\n<td>\u2020\u2020\u2020<\/td>\n<td>Deleted<br \/>\n               text. The number of crosses indicates the (estimated) number of characters<br \/>\n               missing<\/td>\n<\/tr>\n<tr>\n<td>[\u2020]<\/td>\n<td>Place holder for deleted, non-reconstructable<br \/>\n               passages (<span class=\"italic\">without<\/span> indication of estimated number<br \/>\n               of characters missing)<\/td>\n<\/tr>\n<tr>\n<td>&#8211; &#8211; &#8211;<\/td>\n<td>Space left blank intentionally within a line in the ms.<\/td>\n<\/tr>\n<tr>\n<td>[!]<\/td>\n<td>sic<\/td>\n<\/tr>\n<tr>\n<td>|<\/td>\n<td>Line break<\/td>\n<\/tr>\n<tr>\n<td>[BK 139 c. 1]<\/td>\n<td>Reference to the<br \/>\n               Boretius\/Krause edition<\/td>\n<\/tr>\n<tr>\n<td>[fol. 123r], [p. 123]<\/td>\n<td>Page break<br \/>\n               (fol. or p.) or column break in the ms.<\/td>\n<\/tr>\n<tr>\n<td>\n<div class=\"glossa-nota-wrapper\">\n<div class=\"glossa\"><\/div>\n<\/p><\/div>\n<\/td>\n<td>Glossation<\/td>\n<\/tr>\n<tr>\n<td>\n<div class=\"glossa-nota-wrapper\">\n<div class=\"nota\"><\/div>\n<\/p><\/div>\n<\/td>\n<td>Annotation signs (e.g. nota signs)<\/td>\n<\/tr>\n<\/table>\n<div class=\"hr\"><\/div>\n<\/p><\/div>\n<div class=\"citation\">\n<h5>How to cite<\/h5>\n<div><span class=\"title\">Colmar, Archives du Haut-Rhin, Grand Document N\u00b0 139<\/span>,<\/p>\n<p>         <br \/>\n         in: Capitularia. Edition of the Frankish Capitularies,<br \/>\n         ed. by Karl Ubl and collaborators, Cologne 2014 ff.<br \/>\n         URL: https:\/\/capitularia.uni-koeln.de\/en\/mss\/colmar-adhr-gd-n-139\/ (accessed on April 30, 2026)<br \/>\n         \n         <\/p><\/div>\n<\/p><\/div>\n<div class=\"hr\"><\/div>\n<div id=\"downloads\">\n<h5>Downloads<\/h5>\n<ul class=\"downloads\">\n<li class=\"download-icon\"><a class=\"screen-only ssdone\" href=\"\/cap\/publ\/mss\/colmar-adhr-gd-n-139.xml\" title='&#091;:de&#093;Rechtsklick zum \"Speichern unter\"&#091;:en&#093;right button click to save file&#091;:&#093;'>File in XML<\/a>\n<div class=\"print-only\">File in XML \/cap\/publ\/mss\/colmar-adhr-gd-n-139.xml<\/div>\n<\/li>\n<\/ul><\/div>\n<div class=\"hr\"><\/div>\n<div class=\"tei-revisionDesc\">\n<h5>Revision history<\/h5>\n<table>\n<thead>\n<tr>\n<th class=\"col-1\">Date<\/th>\n<th>Change<\/th>\n<\/tr>\n<\/thead>\n<tbody>\n<tr>\n<td class=\"col1\">2020-12-11<\/td>\n<td>Verortung und Datierung der Handschrift nach Bischoff<br \/>\n                  1998\/2004\/2014 erg\u00e4nzt<\/td>\n<\/tr>\n<tr>\n<td class=\"col1\">2023-08-03<\/td>\n<td>Datei ver\u00f6ffentlicht<\/td>\n<\/tr>\n<\/tbody>\n<\/table><\/div>\n<\/div>\n<\/div>\n<p><\/p>","protected":false},"excerpt":{"rendered":"","protected":false},"author":8,"featured_media":0,"parent":58,"menu_order":0,"comment_status":"closed","ping_status":"closed","template":"","meta":{"inline_featured_image":false,"footnotes":""},"categories":[],"tags":[8],"class_list":["post-31257","page","type-page","status-publish","hentry","tag-xml"],"_links":{"self":[{"href":"https:\/\/capitularia.uni-koeln.de\/en\/wp-json\/wp\/v2\/pages\/31257","targetHints":{"allow":["GET"]}}],"collection":[{"href":"https:\/\/capitularia.uni-koeln.de\/en\/wp-json\/wp\/v2\/pages"}],"about":[{"href":"https:\/\/capitularia.uni-koeln.de\/en\/wp-json\/wp\/v2\/types\/page"}],"author":[{"embeddable":true,"href":"https:\/\/capitularia.uni-koeln.de\/en\/wp-json\/wp\/v2\/users\/8"}],"replies":[{"embeddable":true,"href":"https:\/\/capitularia.uni-koeln.de\/en\/wp-json\/wp\/v2\/comments?post=31257"}],"version-history":[{"count":0,"href":"https:\/\/capitularia.uni-koeln.de\/en\/wp-json\/wp\/v2\/pages\/31257\/revisions"}],"up":[{"embeddable":true,"href":"https:\/\/capitularia.uni-koeln.de\/en\/wp-json\/wp\/v2\/pages\/58"}],"wp:attachment":[{"href":"https:\/\/capitularia.uni-koeln.de\/en\/wp-json\/wp\/v2\/media?parent=31257"}],"wp:term":[{"taxonomy":"category","embeddable":true,"href":"https:\/\/capitularia.uni-koeln.de\/en\/wp-json\/wp\/v2\/categories?post=31257"},{"taxonomy":"post_tag","embeddable":true,"href":"https:\/\/capitularia.uni-koeln.de\/en\/wp-json\/wp\/v2\/tags?post=31257"}],"curies":[{"name":"wp","href":"https:\/\/api.w.org\/{rel}","templated":true}]}}