{"id":31,"date":"2014-06-06T18:07:56","date_gmt":"2014-06-06T18:07:56","guid":{"rendered":"http:\/\/capitularia.uni-koeln.de\/?page_id=31"},"modified":"2026-03-06T16:16:24","modified_gmt":"2026-03-06T15:16:24","slug":"contact","status":"publish","type":"page","link":"https:\/\/capitularia.uni-koeln.de\/en\/contact\/","title":{"rendered":"Contact"},"content":{"rendered":"<p><\/p>\n<div align=\"justify\">\n<table width=\"auto\">\n<tbody>\n<tr>\n<td width=\"40%\"><span style=\"font-weight: bold;\">Contact:<\/span><\/td>\n<td width=\"60%\">Dr. Britta Mischke<\/td>\n<\/tr>\n<tr>\n<td width=\"40%\"><\/td>\n<td width=\"60%\">Tel. (0221) 470 6852<\/td>\n<\/tr>\n<tr>\n<td width=\"40%\"><\/td>\n<td width=\"60%\">bmischke[at]uni-koeln.de<\/td>\n<\/tr>\n<\/tbody>\n<\/table>\n<div>\n<hr \/>\n<\/div>\n<table width=\"auto\">\n<tbody>\n<tr>\n<td width=\"40%\"><span style=\"font-weight: bold;\">Visiting address:<\/span><\/td>\n<td align=\"left\" width=\"60%\">Arbeitsstelle \u201eEdition der fr\u00e4nkischen Herrschererlasse\u201c<\/td>\n<\/tr>\n<tr>\n<td width=\"40%\"><\/td>\n<td width=\"60%\">Historisches Institut<\/td>\n<\/tr>\n<tr>\n<td width=\"40%\"><\/td>\n<td width=\"60%\">Universit\u00e4t zu K\u00f6ln<\/td>\n<\/tr>\n<tr>\n<td width=\"40%\"><\/td>\n<td width=\"60%\">Meister-Ekkehart-Str. 11, Room 1.12a<\/td>\n<\/tr>\n<tr>\n<td width=\"40%\"><\/td>\n<td width=\"60%\">50937 K\u00f6ln<\/td>\n<\/tr>\n<\/tbody>\n<\/table>\n<div>\n<hr \/>\n<\/div>\n<table width=\"auto\">\n<tbody>\n<tr>\n<td width=\"40%\"><span style=\"font-weight: bold;\">Postal address:<\/span><\/td>\n<td width=\"60%\">Historisches Institut<\/td>\n<\/tr>\n<tr>\n<td width=\"40%\"><\/td>\n<td width=\"60%\">Universit\u00e4t zu K\u00f6ln<\/td>\n<\/tr>\n<tr>\n<td width=\"40%\"><\/td>\n<td width=\"60%\">Albertus-Magnus-Platz<\/td>\n<\/tr>\n<tr>\n<td width=\"40%\"><\/td>\n<td width=\"60%\">50923 K\u00f6ln<\/td>\n<\/tr>\n<\/tbody>\n<\/table>\n<\/div>\n<p><\/p>","protected":false},"excerpt":{"rendered":"<p>Contact: Dr. Britta Mischke Tel. (0221) 470 6852 bmischke[at]uni-koeln.de Visiting address: Arbeitsstelle \u201eEdition der fr\u00e4nkischen Herrschererlasse\u201c Historisches Institut Universit\u00e4t zu K\u00f6ln Meister-Ekkehart-Str. 11, Room 1.12a 50937 K\u00f6ln Postal address: Historisches Institut Universit\u00e4t zu K\u00f6ln Albertus-Magnus-Platz 50923 K\u00f6ln<\/p>\n","protected":false},"author":34,"featured_media":0,"parent":0,"menu_order":0,"comment_status":"closed","ping_status":"open","template":"","meta":{"inline_featured_image":false,"footnotes":""},"categories":[],"tags":[],"class_list":["post-31","page","type-page","status-publish","hentry"],"_links":{"self":[{"href":"https:\/\/capitularia.uni-koeln.de\/en\/wp-json\/wp\/v2\/pages\/31","targetHints":{"allow":["GET"]}}],"collection":[{"href":"https:\/\/capitularia.uni-koeln.de\/en\/wp-json\/wp\/v2\/pages"}],"about":[{"href":"https:\/\/capitularia.uni-koeln.de\/en\/wp-json\/wp\/v2\/types\/page"}],"author":[{"embeddable":true,"href":"https:\/\/capitularia.uni-koeln.de\/en\/wp-json\/wp\/v2\/users\/34"}],"replies":[{"embeddable":true,"href":"https:\/\/capitularia.uni-koeln.de\/en\/wp-json\/wp\/v2\/comments?post=31"}],"version-history":[{"count":2,"href":"https:\/\/capitularia.uni-koeln.de\/en\/wp-json\/wp\/v2\/pages\/31\/revisions"}],"predecessor-version":[{"id":32613,"href":"https:\/\/capitularia.uni-koeln.de\/en\/wp-json\/wp\/v2\/pages\/31\/revisions\/32613"}],"wp:attachment":[{"href":"https:\/\/capitularia.uni-koeln.de\/en\/wp-json\/wp\/v2\/media?parent=31"}],"wp:term":[{"taxonomy":"category","embeddable":true,"href":"https:\/\/capitularia.uni-koeln.de\/en\/wp-json\/wp\/v2\/categories?post=31"},{"taxonomy":"post_tag","embeddable":true,"href":"https:\/\/capitularia.uni-koeln.de\/en\/wp-json\/wp\/v2\/tags?post=31"}],"curies":[{"name":"wp","href":"https:\/\/api.w.org\/{rel}","templated":true}]}}