{"id":30945,"date":"2022-11-14T09:29:16","date_gmt":"2022-11-14T08:29:16","guid":{"rendered":"https:\/\/capitularia.uni-koeln.de\/mss\/paris-bn-lat-4278\/"},"modified":"2026-03-25T23:30:53","modified_gmt":"2026-03-25T22:30:53","slug":"paris-bn-lat-4278","status":"publish","type":"page","link":"https:\/\/capitularia.uni-koeln.de\/en\/mss\/paris-bn-lat-4278\/","title":{"rendered":"Paris, Biblioth\u00e8que nationale de France, Lat. 4278"},"content":{"rendered":"<div class=\"xsl-output\">\n<div class=\"tei-TEI mss-header-xsl transkription-header\">\n<div class=\"tei-fileDesc\">\n<h4 id=\"description\" class=\"tei-titleStmt\">Manuscript description according to Trump<\/h4>\n<div class=\"tei-msDesc\">\n<div id=\"identification\">\n<div class=\"tei-msIdentifier\">\n<h5>Repository<\/h5>\n<p>Paris<br \/>Biblioth\u00e8que nationale de France<br \/> Lat. 4278<\/p>\n<div>\n<div class=\"tei-altIdentifier\"><u>Siglum<\/u> <span class=\"italic\">P65<\/span><\/div>\n<\/p><\/div>\n<\/p><\/div>\n<\/p><\/div>\n<div class=\"page-break\"><\/div>\n<div class=\"tei-history\">\n<h5 id=\"_origin\">Origin and history<\/h5>\n<div class=\"tei-origin\">\n<h6>Origin:<\/h6>\n<p>\n                  9. Jh., 2. H\u00e4lfte<br \/>\n                  (foll. 1-127; Mordek\/Bischoff), 10. Jh., Ende\/11. Jh., Anfang (foll. 128-167; K\u00e9ry);<br \/>\n                  Frankreich\n                  <\/p>\n<\/p><\/div>\n<div class=\"tei-provenance\">\n<h6>Provenance:<\/h6>\n<p>Reims, Saint-Thierry; fr\u00fchere Besitzer: Claude Fouchet und Nicolas Le<br \/>\n               Febvre.<\/p><\/div>\n<\/p><\/div>\n<div class=\"page-break\"><\/div>\n<div class=\"tei-physDesc\">\n<h5 id=\"_description\">Physical description<\/h5>\n<table class=\"tei-physDesc-table\">\n<tbody>\n<tr>\n<th class=\"value\">Material:<\/th>\n<td class=\"text\">\n                        Pergament\n                        <\/td>\n<\/tr>\n<tr>\n<th class=\"value\">Number:<\/th>\n<td class=\"text\">167 foll.\n                        <\/td>\n<\/tr>\n<tr>\n<th class=\"value\">Columns:<\/th>\n<td class=\"text\">1<\/td>\n<\/tr>\n<tr>\n<th class=\"value\">Script:<\/th>\n<td class=\"text\">\n                        karolingische Minuskel\n                        <\/td>\n<\/tr>\n<tr>\n<th class=\"value\">Scribe(s):<\/th>\n<td class=\"text\">\n                        mehrere H\u00e4nde\n                        <\/td>\n<\/tr>\n<\/tbody>\n<\/table><\/div>\n<div class=\"page-break\"><\/div>\n<div class=\"tei-msContents\">\n<h5 id=\"_content\">Contents<\/h5>\n<div class=\"tei-summary\">\n<h6>Note:<\/h6>\n<p>Der Codex umfasst zwei gro\u00dfe Kirchenrechtssammlungen: die Collectio<br \/>\n                  Dionysio-Hadriana (foll. 1-127) und die sp\u00e4ter hinzugef\u00fcgte Collectio 309<br \/>\n                  capitulorum (foll. 128-167). Direkt zu Beginn der Collectio 309 capitulorum<br \/>\n                  steht Benedictus Levita 1, 279.<\/p>\n<\/p><\/div>\n<ul class=\"bare\">\n<li class=\"tei-msItem\">\n<p>\n                     <span class=\"rend-semibold\">128r<\/span><br \/>\n                     <span class=\"rend-semibold\" title=\"Benedictus\u00a0Levita\u00a01\u00a0279\">Benedictus Levita 1, 279<\/span><br \/>\n                     (ohne Z\u00e4hlung): <span class=\"tei-hi rend-italic\">VT INTELLEGATVR IN QVO FACTO INMVNITAS<br \/>\n                        FRANGATVR. Peruenit ad uos quod qu\u0119dam \u0119cclesi\u0119 &#8211; fecisse conuictus<br \/>\n                        fuerit<\/span> (<a class=\"internal bib\" href=\"\/resources\/biblio\/#Schmitz_G_2014\" title=\"&#091;:de&#093;Zum bibliographischen Eintrag&#091;:en&#093;To the bibliographic entry&#091;:&#093;\">Schmitz G 2014<\/a>, Buch<br \/>\n                     1, S. 89 Z. 14 &#8211; S. 90 Z. 18). <\/p>\n<\/li>\n<\/ul><\/div>\n<div class=\"page-break\"><\/div>\n<div class=\"tei-listBibl tei-listBibl-not-type\">\n<h5 id=\"_bibliography\">Bibliography<\/h5>\n<div class=\"tei-listBibl tei-listBibl-cap\">\n<h6>Project-specific references:<\/h6>\n<ul>\n<li class=\"tei-bibl\"><a class=\"internal bib\" href=\"\/resources\/biblio\/#Rambaud-Buhot_1956\" title=\"&#091;:de&#093;Zum bibliographischen Eintrag&#091;:en&#093;To the bibliographic entry&#091;:&#093;\">Rambaud-Buhot 1956<\/a><\/li>\n<li class=\"tei-bibl\"><a class=\"internal bib\" href=\"\/resources\/biblio\/#Mordek_1995\" title=\"&#091;:de&#093;Zum bibliographischen Eintrag&#091;:en&#093;To the bibliographic entry&#091;:&#093;\">Mordek 1995, S. 333, 1035<\/a><\/li>\n<li class=\"tei-bibl\"><a class=\"internal bib\" href=\"\/resources\/biblio\/#K%C3%A9ry_1999\" title=\"&#091;:de&#093;Zum bibliographischen Eintrag&#091;:en&#093;To the bibliographic entry&#091;:&#093;\">K\u00e9ry 1999, S. 16, 165<\/a><\/li>\n<li class=\"tei-bibl\"><a class=\"internal bib\" href=\"\/resources\/biblio\/#Bischoff_2014\" title=\"&#091;:de&#093;Zum bibliographischen Eintrag&#091;:en&#093;To the bibliographic entry&#091;:&#093;\">Bischoff 2014, Nr. 4295, S. 93<\/a><\/li>\n<\/ul><\/div>\n<\/p><\/div>\n<\/p><\/div>\n<div class=\"footnotes-wrapper\"><\/div>\n<\/p><\/div>\n<div class=\"page-break\"><\/div>\n<\/p><\/div>\n<\/div>\n<p><br \/>\n<\/p>\n<div class=\"xsl-output\">\n<div class=\"tei-TEI mss-transcript-xsl transkription-body\">\n<div class=\"tei-text\">\n<h4 id=\"transcription\">Transcription<\/h4>\n<div class=\"tei-front\">\n<h5 id=\"editorial-preface\" data-cap-dyn-menu-caption=\"&#091;:de&#093;Editorische Vorbemerkung&#091;:en&#093;Editorial Preface&#091;:&#093;\">\n        Editorial Preface to the Transcription<br \/>\n      <\/h5>\n<div class=\"italic tei-encodingDesc\">\n<p class=\"tei-p\">Transkriptionsvorlage: Gutes Schwarz-Wei\u00df-Digitalisat der Folioseite.<\/p>\n<\/p><\/div>\n<div class=\"tei-front-div\">\n<h6>       Schreiber<\/h6>\n<p class=\"tei-p\">Der Schreiber kopierte den Text in einer sauberen karolingischen Minuskel.<\/p>\n<\/div>\n<div class=\"tei-front-div\">\n<h6>    Gliederungsmerkmale<\/h6>\n<p class=\"tei-p\">Der Collectio 309 capitulorum ist das wohl aus Benedictus Levita entnommene Kapitel<br \/>\n               vorgeschaltet. Die Kapitel\u00fcberschrift wurde in Capitalis rustica verfasst. Eine<br \/>\n               schlichte, zwei Zeilen hohe Initiale leitet den Text ein, der erst in der sechsten<br \/>\n               Zeile der Seite beginnt. Die Zeilen davor sind freigeblieben.<\/p>\n<\/div>\n<div class=\"tei-front-div\">\n<h6>  Benutzungsspuren<\/h6>\n<p class=\"tei-p\">Zu Beginn des Kapitels steht am rechten Seitenrand eine Notiz, die auf die<br \/>\n               neuzeitliche Ansegis- und Benedictus Levita-Edition von Pithou aus dem Jahr 1588<br \/>\n               verweist (Pithou 1588a, S. 143-144).<\/p>\n<\/div>\n<\/div>\n<div id=\"inhaltsverzeichnis\" style=\"display: none\"><a data-level=\"5\" href=\"#start-of-text\"><br \/>\n          Contents (Rubrics)<br \/>\n        <\/a><\/p>\n<ul>\n<li class=\"toc\"><a href=\"#paris-bn-lat-4278-128r-1\" data-level=\"6\"><br \/>\n                  VT INTELLEGATVR IN QVO<br \/>\n                  FACTO INMVNITAS FRANGATVR<\/a><\/li>\n<\/ul>\n<p>         <a data-level=\"5\" href=\"#start-of-text\"><br \/>\n          Contents (BK-Nos.)<br \/>\n        <\/a><\/div>\n<div class=\"page-break\"><\/div>\n<div class=\"tei-body\" id=\"start-of-text\" data-shortcuts=\"1\">\n<p>          <span class=\"tei-cb\"><\/span><span class=\"folio\" data-shortcuts=\"0\">[fol.\u00a0128r]<\/span><br \/>\n          <span class=\"tei-lb\"><\/span><span class=\"line-number\" data-shortcuts=\"0\">[6]<\/span><\/p>\n<p>         <a id=\"Benedictus_Levita\" class=\"milestone milestone-capitular\"><\/a><a id=\"x-menu-d4e495\" class=\"milestone\" data-shortcuts=\"0\" data-level=\"6\" data-cap-dyn-menu-caption=\"Benedictus Levita\"><\/a><\/p>\n<p>         <a id=\"Benedictus_Levita_1_279_inscriptio\" class=\"milestone milestone-chapter\"><\/a><\/p>\n<div class=\"glossa-nota-wrapper\" data-shortcuts=\"0\">\n<div class=\"glossa\" title=\"&#091;:de&#093;Der Textabschnitt ist glossiert.&#091;:en&#093;The section is glossed.&#091;:&#093;\"><\/div>\n<\/div>\n<div class=\"corresp-wrapper\" data-shortcuts=\"0\"><\/div>\n<div lang=\"la\" class=\"ab ab-meta-text rend-glossa\" id=\"paris-bn-lat-4278-128r-1\">VT INTELLEGATVR IN QVO FACTO<br \/>\n            INMVNITAS FRANGATVR<span class=\"tei-note annotation annotation-editorial\" data-shortcuts=\"0\" data-note-id=\"d2e500\"><a class=\"annotation-ref ssdone tei-note annotation annotation-editorial\" id=\"d2e500-ref\" href=\"#d2e500-content\" data-shortcuts=\"0\"><span class=\"print-only footnote-number-ref\">1<\/span><span class=\"screen-only footnote-siglum\">*<\/span><\/a><\/span>\u00a0\u00b7<br \/>\n             <span class=\"tei-lb\"><\/span><br \/>\n         <span> \u00a0<\/span><\/div>\n<p>         <a id=\"Benedictus_Levita_1_279\" class=\"milestone milestone-chapter\"><\/a><a id=\"x-menu-d4e507\" class=\"milestone milestone-chapter\" data-shortcuts=\"0\" data-fold-menu-entry=\"1\" data-level=\"7\" data-cap-dyn-menu-caption=\"Benedictus Levita 1,279\"><\/a><\/p>\n<div class=\"glossa-nota-wrapper\" data-shortcuts=\"0\"><\/div>\n<div class=\"corresp-wrapper\" data-shortcuts=\"0\">\n<div class=\"corresp\">[Benedictus Levita 1,279]<\/div>\n<\/div>\n<div lang=\"la\" class=\"ab ab-text\" id=\"paris-bn-lat-4278-128r-2\">\n            <span class=\"initial-word-wrapper\"><span class=\"initial\" title=\"Initiale\">P<\/span>eruenit<\/span> ad uos quod qu\u0119dam \u0119cclesi\u0119 ac monasteria nostra  <span class=\"tei-lb tei-lb-show\"><\/span><br \/>\n            predecessorum nostrorum immunitates habentia multa<br \/>\n               preiuditia<br \/>\n             <span class=\"tei-lb tei-lb-show\"><\/span> et infestationes a quibusdam patiantur\u00a0\u00b7 et nec per easdem immu<span class=\"tei-lb tei-lb-show\"><\/span>nitates ullam defensionis tuitionem habere ualeant\u00a0\u00b7 propter  <span class=\"tei-lb tei-lb-show\"><\/span> quod ab eisdem<br \/>\n            immunitatum temeratoribus dicatur\u00a0\u00b7 non plus  <span class=\"tei-lb tei-lb-show\"><\/span> nomine complecti quam claustra<br \/>\n            monasterii\u00a0\u00b7 c\u0119tera quoque  <span class=\"tei-lb tei-lb-show\"><\/span> quamuis ad easdem \u0119cclesias uel monasteria pertineant\u00a0.&#8217;<br \/>\n            extra  <span class=\"tei-lb tei-lb-show\"><\/span> immunitatem esse\u00a0\u00b7 Propter hoc uolumus atque decernimus\u00a0\u00b7  <span class=\"tei-lb tei-lb-show\"><\/span> ut omnes<br \/>\n            intellegant non solum claustra monasterii\u00a0\u00b7 uel \u0119cclesi\u0119  <span class=\"tei-lb tei-lb-show\"><\/span> atque casticia<br \/>\n            \u0119cclesiarum sub immunitatis defensione subsis<span class=\"tei-lb tei-lb-show\"><\/span>tere\u00a0\u00b7 uerum etiam domus et<br \/>\n            uillas\u00a0\u00b7 et septa uillarum et pisca<span class=\"tei-lb tei-lb-show\"><\/span>toria manu facta\u00a0\u00b7 et quicquid fossis<br \/>\n            aut sepibus uel etiam  <span class=\"tei-lb tei-lb-show\"><\/span> alio clausurarum genere pr\u0119cingitur\u00a0\u00b7 eodem immunitatis<br \/>\n             <span class=\"tei-lb tei-lb-show\"><\/span> nomine contineri\u00a0\u00b7 et quicquid intra huiusmodi munimenta  <span class=\"tei-lb tei-lb-show\"><\/span> ad ius e<span class=\"tei-subst\" data-note-id=\"d2e547\"><span class=\"tei-del\"><\/span><span class=\"tei-add\">arundem<\/span><\/span><a class=\"annotation-ref ssdone tei-subst relocated\" id=\"d2e547-ref\" href=\"#d2e547-content\" data-shortcuts=\"0\"><span class=\"print-only footnote-number-ref\">2<\/span><span class=\"screen-only footnote-siglum\">*<\/span><\/a> \u0119cclesiarum uel monasteriorum pertinentia a quo<span class=\"tei-lb tei-lb-show\"><\/span>libet homine<br \/>\n            nocendi\u00a0\u00b7 uel dampnum inferendi causa spontanea  <span class=\"tei-lb tei-lb-show\"><\/span> uoluntate<br \/>\n               committitur\u00a0\u00b7 In hoc facto immunitas fracta iudicatur\u00a0\u00b7  <span class=\"tei-lb tei-lb-show\"><\/span> Quod<br \/>\n            uero in agros et campos et siluas qu\u0119 sine laborationibus <span class=\"tei-choice\">sunt<\/span><span class=\"tei-choice\" data-note-id=\"d2e559\"><\/span><a class=\"annotation-ref ssdone tei-choice relocated\" id=\"d2e559-ref\" href=\"#d2e559-content\" data-shortcuts=\"0\"><span class=\"print-only footnote-number-ref\">3<\/span><span class=\"screen-only footnote-siglum\">*<\/span><\/a>\u00a0\u00b7 et  <span class=\"tei-lb tei-lb-show\"><\/span> nullo modo munitione cingitur\u00a0\u00b7 casu sicut fieri solet a<br \/>\n            quibuslibet  <span class=\"tei-lb tei-lb-show\"><\/span> hominibus quiddam dampnum factum fuerit\u00a0\u00b7 <span class=\"tei-choice\">quamuis<\/span><span class=\"tei-choice\" data-note-id=\"d2e568\"><\/span><a class=\"annotation-ref ssdone tei-choice relocated\" id=\"d2e568-ref\" href=\"#d2e568-content\" data-shortcuts=\"0\"><span class=\"print-only footnote-number-ref\">4<\/span><span class=\"screen-only footnote-siglum\">*<\/span><\/a><br \/>\n            <span class=\"tei-choice\">idem<\/span><span class=\"tei-choice\" data-note-id=\"d2e572\"><\/span><a class=\"annotation-ref ssdone tei-choice relocated\" id=\"d2e572-ref\" href=\"#d2e572-content\" data-shortcuts=\"0\"><span class=\"print-only footnote-number-ref\">5<\/span><span class=\"screen-only footnote-siglum\">*<\/span><\/a> ager aut campus  <span class=\"tei-lb tei-lb-show\"><\/span> aut silua ad \u0119cclesiam uel monasterium<br \/>\n               preceptum immunitati<span class=\"tei-add\" data-note-id=\"d2e581\">s<\/span><a class=\"annotation-ref ssdone tei-add relocated\" id=\"d2e581-ref\" href=\"#d2e581-content\" data-shortcuts=\"0\"><span class=\"print-only footnote-number-ref\">6<\/span><span class=\"screen-only footnote-siglum\">*<\/span><\/a> habentem  <span class=\"tei-lb tei-lb-show\"><\/span> pertineat\u00a0\u00b7 non tamen<br \/>\n            in hoc immunitas fracta iudicanda est\u00a0\u00b7 Et ideo  <span class=\"tei-lb tei-lb-show\"><\/span> non sexcentorum solidorum<br \/>\n               compositionem\u00a0\u00b7 sed secundum legem qu\u0119 in eodem  <span class=\"tei-lb tei-lb-show\"><\/span> loco tenetur\u00a0\u00b7<br \/>\n            multanda\u00a0\u00b7 est\u00a0.&#8217; quia scandalum\u00a0\u00b7 uel dampnum in tali  <span class=\"tei-lb tei-lb-show\"><\/span> loco fecisse conuictus<br \/>\n            fuerit\u00a0\u00b7 <span> \u00a0<\/span><\/div>\n<div class=\"footnotes-wrapper\">\n<div id=\"d2e500-content\" class=\"annotation-content\"><a class=\"annotation-backref ssdone\" href=\"#d2e500-ref\" data-shortcuts=\"0\"><span class=\"print-only footnote-number-backref\">1<\/span><span class=\"screen-only footnote-siglum\">*<\/span><\/a><\/p>\n<div class=\"annotation-text\" data-shortcuts=\"0\">Am rechten Seitenrand der Verweis auf die<br \/>\n               Edition von Pithou: <span class=\"tei-mentioned\">Capitul. Karoli lib. V. 148.<\/span><\/div>\n<\/div>\n<div id=\"d2e547-content\" class=\"annotation-content\"><a class=\"annotation-backref ssdone\" href=\"#d2e547-ref\" data-shortcuts=\"0\"><span class=\"print-only footnote-number-backref\">2<\/span><span class=\"screen-only footnote-siglum\">*<\/span><\/a><\/p>\n<div class=\"annotation-text\"><span class=\"generated\" data-shortcuts=\"0\"> korr. aus <\/span><span class=\"tei-mentioned\">e[\u2020]<\/span><\/div>\n<\/div>\n<div id=\"d2e559-content\" class=\"annotation-content\"><a class=\"annotation-backref ssdone\" href=\"#d2e559-ref\" data-shortcuts=\"0\"><span class=\"print-only footnote-number-backref\">3<\/span><span class=\"screen-only footnote-siglum\">*<\/span><\/a><\/p>\n<div class=\"annotation-text\"><span class=\"generated\" data-shortcuts=\"0\"> gek. <\/span><span class=\"tei-mentioned\">st<\/span><\/div>\n<\/div>\n<div id=\"d2e568-content\" class=\"annotation-content\"><a class=\"annotation-backref ssdone\" href=\"#d2e568-ref\" data-shortcuts=\"0\"><span class=\"print-only footnote-number-backref\">4<\/span><span class=\"screen-only footnote-siglum\">*<\/span><\/a><\/p>\n<div class=\"annotation-text\"><span class=\"generated\" data-shortcuts=\"0\"> gek. <\/span><span class=\"tei-mentioned\">quis<\/span><\/div>\n<\/div>\n<div id=\"d2e572-content\" class=\"annotation-content\"><a class=\"annotation-backref ssdone\" href=\"#d2e572-ref\" data-shortcuts=\"0\"><span class=\"print-only footnote-number-backref\">5<\/span><span class=\"screen-only footnote-siglum\">*<\/span><\/a><\/p>\n<div class=\"annotation-text\"><span class=\"generated\" data-shortcuts=\"0\"> gek. <\/span><span class=\"tei-mentioned\">ide<\/span><\/div>\n<\/div>\n<div id=\"d2e581-content\" class=\"annotation-content\"><a class=\"annotation-backref ssdone\" href=\"#d2e581-ref\" data-shortcuts=\"0\"><span class=\"print-only footnote-number-backref\">6<\/span><span class=\"screen-only footnote-siglum\">*<\/span><\/a><\/p>\n<div class=\"annotation-text\"><span class=\"tei-mentioned\">s<\/span><span class=\"generated\" data-shortcuts=\"0\"> erg\u00e4nzt<\/span><\/div>\n<\/div>\n<\/div>\n<div class=\"page-break\"><\/div>\n<div class=\"page-break\"><\/div>\n<\/div>\n<\/div>\n<\/div>\n<\/div>\n<p><br \/>\n<\/p>\n<div class=\"xsl-output\">\n<div class=\"tei-TEI mss-footer-xsl transkription-footer\">\n<h4 id=\"info\">Notes<\/h4>\n<div id=\"legend\">\n<h5>Key<\/h5>\n<table>\n<col class=\"legend-col-1\">\n<col class=\"legend-col-2\">\n<tr>\n<th>Symbols used<\/th>\n<th>Meaning<\/th>\n<\/tr>\n<tr>\n<td>\u00b7\u2003\u02d9\u2003:\u2003.&#8217;\u2003\/<br \/>\n               \u00b7,\u00b7\u2003:\/\u2003,\u2003;\u2003\u2234<\/td>\n<td>Punctuation (as used in<br \/>\n               the mss.)<\/td>\n<\/tr>\n<tr>\n<td><sup>*<\/sup><\/td>\n<td>Footnote (text<br \/>\n               of note appears on mouseover)<\/td>\n<\/tr>\n<tr>\n<td>Bold type (words, phrases)<\/td>\n<td>Rubrics, headings;<br \/>\n               differently rendered by using another font or other visual features<\/td>\n<\/tr>\n<tr>\n<td>Bold type (single letters)<\/td>\n<td>Initials<\/td>\n<\/tr>\n<tr>\n<td>Red<\/td>\n<td>Use of coloured ink<br \/>\n               (of any kind)<\/td>\n<\/tr>\n<tr>\n<td>[xyz]<\/td>\n<td>Uncertain reading,<br \/>\n               text hard to decipher<\/td>\n<\/tr>\n<tr>\n<td>[\u2026]<\/td>\n<td>Illegible text. The number of dots<br \/>\n               indicates the (estimated) number of characters missing<\/td>\n<\/tr>\n<tr>\n<td>\u2020\u2020\u2020<\/td>\n<td>Deleted<br \/>\n               text. The number of crosses indicates the (estimated) number of characters<br \/>\n               missing<\/td>\n<\/tr>\n<tr>\n<td>[\u2020]<\/td>\n<td>Place holder for deleted, non-reconstructable<br \/>\n               passages (<span class=\"italic\">without<\/span> indication of estimated number<br \/>\n               of characters missing)<\/td>\n<\/tr>\n<tr>\n<td>&#8211; &#8211; &#8211;<\/td>\n<td>Space left blank intentionally within a line in the ms.<\/td>\n<\/tr>\n<tr>\n<td>[!]<\/td>\n<td>sic<\/td>\n<\/tr>\n<tr>\n<td>|<\/td>\n<td>Line break<\/td>\n<\/tr>\n<tr>\n<td>[BK 139 c. 1]<\/td>\n<td>Reference to the<br \/>\n               Boretius\/Krause edition<\/td>\n<\/tr>\n<tr>\n<td>[fol. 123r], [p. 123]<\/td>\n<td>Page break<br \/>\n               (fol. or p.) or column break in the ms.<\/td>\n<\/tr>\n<tr>\n<td>\n<div class=\"glossa-nota-wrapper\">\n<div class=\"glossa\"><\/div>\n<\/p><\/div>\n<\/td>\n<td>Glossation<\/td>\n<\/tr>\n<tr>\n<td>\n<div class=\"glossa-nota-wrapper\">\n<div class=\"nota\"><\/div>\n<\/p><\/div>\n<\/td>\n<td>Annotation signs (e.g. nota signs)<\/td>\n<\/tr>\n<\/table>\n<div class=\"hr\"><\/div>\n<\/p><\/div>\n<div class=\"citation\">\n<h5>How to cite<\/h5>\n<div><span class=\"title\">Paris, Biblioth\u00e8que nationale de France, Lat. 4278<\/span>,<\/p>\n<p>         <br \/>\n         in: Capitularia. Edition of the Frankish Capitularies,<br \/>\n         ed. by Karl Ubl and collaborators, Cologne 2014 ff.<br \/>\n         URL: https:\/\/capitularia.uni-koeln.de\/en\/mss\/paris-bn-lat-4278\/ (accessed on April 15, 2026)<br \/>\n         \n         <\/p><\/div>\n<\/p><\/div>\n<div class=\"hr\"><\/div>\n<div id=\"downloads\">\n<h5>Downloads<\/h5>\n<ul class=\"downloads\">\n<li class=\"download-icon\"><a class=\"screen-only ssdone\" href=\"\/cap\/publ\/mss\/paris-bn-lat-4278.xml\" title='&#091;:de&#093;Rechtsklick zum \"Speichern unter\"&#091;:en&#093;right button click to save file&#091;:&#093;'>File in XML<\/a>\n<div class=\"print-only\">File in XML \/cap\/publ\/mss\/paris-bn-lat-4278.xml<\/div>\n<\/li>\n<\/ul><\/div>\n<div class=\"hr\"><\/div>\n<div class=\"tei-revisionDesc\">\n<h5>Revision history<\/h5>\n<table>\n<thead>\n<tr>\n<th class=\"col-1\">Date<\/th>\n<th>Change<\/th>\n<\/tr>\n<\/thead>\n<tbody>\n<tr>\n<td class=\"col1\">2022-11-14<\/td>\n<td>Datei ver\u00f6ffentlicht (Benedictus Levita 1, 279)<\/td>\n<\/tr>\n<\/tbody>\n<\/table><\/div>\n<\/div>\n<\/div>\n<p><\/p>","protected":false},"excerpt":{"rendered":"","protected":false},"author":11,"featured_media":0,"parent":58,"menu_order":0,"comment_status":"closed","ping_status":"closed","template":"","meta":{"inline_featured_image":false,"footnotes":""},"categories":[],"tags":[8],"class_list":["post-30945","page","type-page","status-publish","hentry","tag-xml"],"_links":{"self":[{"href":"https:\/\/capitularia.uni-koeln.de\/en\/wp-json\/wp\/v2\/pages\/30945","targetHints":{"allow":["GET"]}}],"collection":[{"href":"https:\/\/capitularia.uni-koeln.de\/en\/wp-json\/wp\/v2\/pages"}],"about":[{"href":"https:\/\/capitularia.uni-koeln.de\/en\/wp-json\/wp\/v2\/types\/page"}],"author":[{"embeddable":true,"href":"https:\/\/capitularia.uni-koeln.de\/en\/wp-json\/wp\/v2\/users\/11"}],"replies":[{"embeddable":true,"href":"https:\/\/capitularia.uni-koeln.de\/en\/wp-json\/wp\/v2\/comments?post=30945"}],"version-history":[{"count":0,"href":"https:\/\/capitularia.uni-koeln.de\/en\/wp-json\/wp\/v2\/pages\/30945\/revisions"}],"up":[{"embeddable":true,"href":"https:\/\/capitularia.uni-koeln.de\/en\/wp-json\/wp\/v2\/pages\/58"}],"wp:attachment":[{"href":"https:\/\/capitularia.uni-koeln.de\/en\/wp-json\/wp\/v2\/media?parent=30945"}],"wp:term":[{"taxonomy":"category","embeddable":true,"href":"https:\/\/capitularia.uni-koeln.de\/en\/wp-json\/wp\/v2\/categories?post=30945"},{"taxonomy":"post_tag","embeddable":true,"href":"https:\/\/capitularia.uni-koeln.de\/en\/wp-json\/wp\/v2\/tags?post=30945"}],"curies":[{"name":"wp","href":"https:\/\/api.w.org\/{rel}","templated":true}]}}