{"id":30285,"date":"2021-11-23T08:27:30","date_gmt":"2021-11-23T07:27:30","guid":{"rendered":"https:\/\/capitularia.uni-koeln.de\/mss\/admont-sb-712\/"},"modified":"2026-04-16T13:41:56","modified_gmt":"2026-04-16T11:41:56","slug":"admont-sb-712","status":"publish","type":"page","link":"https:\/\/capitularia.uni-koeln.de\/en\/mss\/admont-sb-712\/","title":{"rendered":"Admont, Stiftsbibliothek, 712"},"content":{"rendered":"<div class=\"xsl-output\">\n<div class=\"tei-TEI mss-header-xsl transkription-header\">\n<div class=\"tei-fileDesc\">\n<h4 id=\"description\" class=\"tei-titleStmt\">Manuscript description according to Mordek<\/h4>\n<div class=\"tei-msDesc\">\n<div id=\"identification\">\n<div class=\"tei-msIdentifier\">\n<h5>Repository<\/h5>\n<p>Admont<br \/>Stiftsbibliothek<br \/> 712<\/p>\n<div>\n<div class=\"tei-altIdentifier\"><u>Siglum<\/u> <span class=\"italic\">Ad<\/span><\/div>\n<\/p><\/div>\n<\/p><\/div>\n<div class=\"tei-facsimile\">Digital image available at<br \/>\n               <a class=\"external\" href=\"https:\/\/manuscripta.at\/diglit\/AT1000-712\/0001\" title=\"manuscripta.at\" target=\"_blank\">manuscripta.at<\/a>\n               <\/div>\n<\/p><\/div>\n<div class=\"page-break\"><\/div>\n<div class=\"tei-history\">\n<h5 id=\"_origin\">Origin and history<\/h5>\n<div class=\"tei-origin\">\n<h6>Origin:<\/h6>\n<p>\n                  12. Jh.; \u00d6sterreich.<\/p>\n<\/p><\/div>\n<div class=\"tei-provenance\">\n<h6>Provenance:<\/h6>\n<p>Die Admonter Bibliothekskataloge Peters von Arbon aus dem Jahre 1370,<br \/>\n                  erhalten in der redigierten Fassung nach 1376, und aus dem Jahre 1380<br \/>\n                  verzeichnen die Hs. unter den <span class=\"tei-hi rend-italic\">libri Augustini<\/span> (ed. G.<br \/>\n                  <span class=\"tei-hi rend-smallcaps\">M\u00f6ser-Mersky, <\/span>Mittelalterliche<br \/>\n                  Bibliothekskataloge \u00d6sterreichs 3: Steiermark [Graz u. a. 1961] S. 19 Z.<br \/>\n                  29-31 bzw. S. 42 Z. 20-22). Fol. 165v Besitzeintrag des 15. Jh.: <span class=\"tei-hi rend-italic\">Iste liber pertinet ad S. blasium in admontn.<\/span> Alte<br \/>\n                  Signatur: 55.<\/p>\n<\/p><\/div>\n<\/p><\/div>\n<div class=\"page-break\"><\/div>\n<div class=\"tei-physDesc\">\n<h5 id=\"_description\">Physical description<\/h5>\n<table class=\"tei-physDesc-table\">\n<tbody>\n<tr>\n<th class=\"value\">Material:<\/th>\n<td class=\"text\">\n                        Pergament\n                        <\/td>\n<\/tr>\n<tr>\n<th class=\"value\">Number:<\/th>\n<td class=\"text\">165 foll. (foll. 119-165 nach Krusch \u201eerst zugeheftet\u201c) <\/p>\n<\/td>\n<\/tr>\n<tr>\n<th class=\"value\">Size:<\/th>\n<td class=\"text\">185 \u00d7 130 mm<\/td>\n<\/tr>\n<tr>\n<th class=\"value\">Body text:<\/th>\n<td class=\"text\">130 \u00d7 85 mm<\/td>\n<\/tr>\n<tr>\n<th class=\"value\">Quires:<\/th>\n<td class=\"text\">\n<div>J\u00fcngere Kustoden: <span class=\"tei-hi rend-italic\">1<span class=\"tei-hi rend-super\">us<\/span><\/span> (1<span class=\"tei-hi rend-super\">r<\/span>) bis <span class=\"tei-hi rend-italic\">20<\/span> (160<span class=\"tei-hi rend-super\">r<\/span>)<\/div>\n<\/td>\n<\/tr>\n<tr>\n<th class=\"value\">Lines:<\/th>\n<td class=\"text\">23-26<\/td>\n<\/tr>\n<tr>\n<th class=\"value\">Columns:<\/th>\n<td class=\"text\">1<\/td>\n<\/tr>\n<tr>\n<th class=\"value\">Script:<\/th>\n<td class=\"text\">\n                        sp\u00e4te karolingische Minuskel\n                        <\/td>\n<\/tr>\n<tr>\n<th class=\"value\">Scribe(s):<\/th>\n<td class=\"text\">\n                        mehrere H\u00e4nde\n                        <\/td>\n<\/tr>\n<tr>\n<th class=\"value\">Decoration:<\/th>\n<td class=\"text\">\n<p>Mehrere verzierte Initialen in roter Umri\u00dfzeichnung<\/p>\n<\/td>\n<\/tr>\n<\/tbody>\n<\/table><\/div>\n<div class=\"page-break\"><\/div>\n<div class=\"tei-msContents\">\n<h5 id=\"_content\">Contents<\/h5>\n<div class=\"tei-summary\">\n<h6>Note:<\/h6>\n<p>Nach Werken Augustins (Ad Eutropium et Paulum de perfectione iustitiae;<br \/>\n                  Retractationes; De natura summi boni adversus Manicheos) und einem<br \/>\n                  Psalmenkommentar:<\/p>\n<\/p><\/div>\n<ul class=\"bare\">\n<li class=\"tei-msItem\">\n<p>\n                     <span class=\"rend-semibold\">72r-117r<\/span><br \/> Lex Baiuvariorum (Klasse D), Prolog,<br \/>\n                     Titelverzeichnis und Text (MGH LL nat. Germ. 5, 2, S. 197-473; Sigle Ad [= D<br \/>\n                     4 in der Edition Merkels]; zur Hs. S. 185). <\/p>\n<\/li>\n<li class=\"tei-msItem\">\n<p>\n                     <span class=\"rend-semibold\">119r- 126v<\/span><br \/> Dekret K\u00f6nig Stephans von Ungarn (ed. L.<br \/>\n                     Z\u00e1vodszky, A Szent Istv\u00e1n, Szent L\u00e1szl\u00f3 \u00e9s K\u00e1lm\u00e1n korabeli t\u00f6rv\u00e9nyek \u00e9s<br \/>\n                     zsinati hat\u00e1rozatok forr\u00e1sai [Budapest 1904] S. 141-156). <\/p>\n<\/li>\n<li class=\"tei-msItem\">\n<p>\n                     <span class=\"rend-semibold\">127r-129r<\/span><br \/> Brief Abt Theodomars von Montecassino an Karl den<br \/>\n                     Gro\u00dfen (Anfang 9. Jh.) (MGH Epp. 4, S. 510-514; CCM 1, S. 157-175). <\/p>\n<\/li>\n<li class=\"tei-msItem\">\n<p>\n                     <span class=\"rend-semibold\">129r-131v<\/span><br \/>\n                     <span class=\"rend-semibold\" title=\"BK\u00a0170\">Capitulare monasticum III<\/span> (a. 818\/819?),<br \/>\n                     ohne cc. 71 und 76: <span class=\"tei-hi rend-italic\">Incipiunt cap. qu\u0119 tempore ludewici<br \/>\n                        imperatoris ab abbatibus directa est. Anno incarnationis domini nostri<br \/>\n                        iesu christi DCCCXVII &#8211; conseruari decreuerunt. Vt abbates mox ut ad<br \/>\n                        monasteria sua remeauerint<\/span> &#8211; <span class=\"tei-hi rend-italic\">in eorum sit<br \/>\n                        arbitrio<\/span> (CCM 1, S. 515-535, Sigle C2; st\u00e4rker nach Benedictus<br \/>\n                     Levita: MGH Capit. 1, Nr. 170, S. 344-348); Vertreter der Redaktion II wie<br \/>\n                     die Hss. <a class=\"internal\" href=\"\/mss\/stuttgart-wlb-hb-i-163\" title=\"&#091;:de&#093;Zur Handschrift&#091;:en&#093;To the manuscript&#091;:&#093;\">Stuttgart HB I 163<\/a>, <a class=\"internal\" href=\"\/mss\/stuttgart-wlb-fuerstenberg-655\" title=\"&#091;:de&#093;Zur Handschrift&#091;:en&#093;To the manuscript&#091;:&#093;\">Stuttgart F\u00fcrstenberg 655<\/a><br \/>\n                     und <a class=\"internal\" href=\"\/mss\/st-gallen-sb-914\" title=\"&#091;:de&#093;Zur Handschrift&#091;:en&#093;To the manuscript&#091;:&#093;\">St. Gallen<br \/>\n                        914<\/a>. <\/p>\n<\/li>\n<li class=\"tei-msItem\">\n<p>Mit denselben Codd. stimmen die Texte foll. 131v-135v \u00fcberein (Differenzen<br \/>\n                     am Schlu\u00df siehe bei den einzelnen Hss.):<\/p>\n<p><span class=\"rend-semibold\">131v-132v<\/span><br \/> Capitula qualiter (nach 821) (CCM 1, S. 353 f.).\n                     <\/p>\n<\/li>\n<li class=\"tei-msItem\">\n<p>\n                     <span class=\"rend-semibold\">132v-133v<\/span><br \/> Ordo Casinensis I dictus Ordo regularis (817-821?)<br \/>\n                     (CCM 1, S. 101-104). <\/p>\n<\/li>\n<li class=\"tei-msItem\">\n<p>\n                     <span class=\"rend-semibold\">133v- 135r<\/span><br \/> Capitula notitiarum (nach 817) (CCM 1, S.<br \/>\n                     341-345). <\/p>\n<\/li>\n<li class=\"tei-msItem\">\n<p>\n                     <span class=\"rend-semibold\">135r-v<\/span><br \/> Modus paenitentiarum Benedicti abbatis Anianensis (vor<br \/>\n                     821), 1. Teil (CCM 1, S. 571-574). <\/p>\n<\/li>\n<li class=\"tei-msItem\">\n<p>\n                     <span class=\"rend-semibold\">136r-165r<\/span><br \/> Vita Abt Wilhelms von Hirsau (ed. W. Wattenbach,<br \/>\n                     MGH SS 12 [Hannover 1856] S. 211-225). <\/p>\n<\/li>\n<\/ul><\/div>\n<div class=\"page-break\"><\/div>\n<div class=\"tei-listBibl tei-listBibl-not-type\">\n<h5 id=\"_bibliography\">Bibliography<\/h5>\n<div class=\"tei-listBibl tei-listBibl-lit\">\n<h6>References:<\/h6>\n<ul>\n<li class=\"tei-bibl\">G. H. Pertz, Handschriften des Stiftes Admont in der Steyermark, in:<br \/>\n                     Archiv der Gesellschaft f\u00fcr \u00c4ltere Deutsche Geschichtskunde 6 (1838) S.<br \/>\n                     180 f.<\/li>\n<li class=\"tei-bibl\"> W. Wattenbach, Reise nach \u00d6sterreich in den Jahren 1847, 1848, 1849,<br \/>\n                     in: Archiv der Gesellschaft f\u00fcr \u00c4ltere Deutsche Geschichtskunde 10 (1851)<br \/>\n                     S. 643 f.<\/li>\n<li class=\"tei-bibl\"><a class=\"internal bib\" href=\"\/resources\/biblio\/#Merkel_1858\" title=\"&#091;:de&#093;Zum bibliographischen Eintrag&#091;:en&#093;To the bibliographic entry&#091;:&#093;\">Merkel 1858, S. 572-574<\/a><\/li>\n<li class=\"tei-bibl\"><a class=\"internal bib\" href=\"\/resources\/biblio\/#Pertz_G_1863\" title=\"&#091;:de&#093;Zum bibliographischen Eintrag&#091;:en&#093;To the bibliographic entry&#091;:&#093;\">Pertz G 1863, S. 188<\/a><\/li>\n<li class=\"tei-bibl\">MGH Epp. 4 (1895) S. 510<\/li>\n<li class=\"tei-bibl\"><a class=\"internal bib\" href=\"\/resources\/biblio\/#Boretius_1897\" title=\"&#091;:de&#093;Zum bibliographischen Eintrag&#091;:en&#093;To the bibliographic entry&#091;:&#093;\">Boretius 1897, S. XI<\/a><\/li>\n<li class=\"tei-bibl\"><a class=\"internal bib\" href=\"\/resources\/biblio\/#Krusch_1924\" title=\"&#091;:de&#093;Zum bibliographischen Eintrag&#091;:en&#093;To the bibliographic entry&#091;:&#093;\">Krusch 1924, S. 75-80<\/a><\/li>\n<li class=\"tei-bibl\"><a class=\"internal bib\" href=\"\/resources\/biblio\/#Semmler_1958\" title=\"&#091;:de&#093;Zum bibliographischen Eintrag&#091;:en&#093;To the bibliographic entry&#091;:&#093;\">Semmler 1958, S. 175<\/a><\/li>\n<li class=\"tei-bibl\"><a class=\"internal bib\" href=\"\/resources\/biblio\/#Semmler_1960\" title=\"&#091;:de&#093;Zum bibliographischen Eintrag&#091;:en&#093;To the bibliographic entry&#091;:&#093;\">Semmler 1960, S. 341<\/a><\/li>\n<li class=\"tei-bibl\"><a class=\"internal bib\" href=\"\/resources\/biblio\/#Frank_1963a\" title=\"&#091;:de&#093;Zum bibliographischen Eintrag&#091;:en&#093;To the bibliographic entry&#091;:&#093;\">Frank 1963a, S. 339 f. <\/a><\/li>\n<li class=\"tei-bibl\"><a class=\"internal bib\" href=\"\/resources\/biblio\/#Frank_1963b\" title=\"&#091;:de&#093;Zum bibliographischen Eintrag&#091;:en&#093;To the bibliographic entry&#091;:&#093;\">Frank 1963b, S. 349 f.<\/a><\/li>\n<li class=\"tei-bibl\"><a class=\"internal bib\" href=\"\/resources\/biblio\/#Hallinger_1963\" title=\"&#091;:de&#093;Zum bibliographischen Eintrag&#091;:en&#093;To the bibliographic entry&#091;:&#093;\">Hallinger 1963, S. 139<\/a><\/li>\n<li class=\"tei-bibl\"><a class=\"internal bib\" href=\"\/resources\/biblio\/#Leccisotti_1963\" title=\"&#091;:de&#093;Zum bibliographischen Eintrag&#091;:en&#093;To the bibliographic entry&#091;:&#093;\">Leccisotti 1963, S. 95, 98<\/a><\/li>\n<li class=\"tei-bibl\"><a class=\"internal bib\" href=\"\/resources\/biblio\/#Semmler_1963h\" title=\"&#091;:de&#093;Zum bibliographischen Eintrag&#091;:en&#093;To the bibliographic entry&#091;:&#093;\">Semmler 1963h, S. 504, 510 f.<\/a><\/li>\n<li class=\"tei-bibl\"><a class=\"internal bib\" href=\"\/resources\/biblio\/#Semmler_1963k\" title=\"&#091;:de&#093;Zum bibliographischen Eintrag&#091;:en&#093;To the bibliographic entry&#091;:&#093;\">Semmler 1963k, S. 566<\/a><\/li>\n<li class=\"tei-bibl\">P. Engelbert, Die Herkunft des \u00abOrdo regularis\u00bb, in: Rev. B\u00e9n. 77<br \/>\n                     (1967) S. 269 ff.<\/li>\n<li class=\"tei-bibl\">D. Weber, Die handschriftliche \u00dcberlieferung der Werke des heiligen<br \/>\n                     Augustinus 6,2 (SB Wien 601, 2, 1993) S. 35<\/li>\n<\/ul><\/div>\n<div class=\"tei-listBibl tei-listBibl-cat\">\n<h6>Catalogues:<\/h6>\n<ul>\n<li class=\"tei-bibl\">J. Wichner, Catalogus codicum manu scriptorum Admontensis (Admont<br \/>\n                     1888-1889, handschriftlich)<\/li>\n<li class=\"tei-bibl\">P. Buberl, Die Stiftsbibliotheken zu Admont und Vorau (Beschreibendes<br \/>\n                     Verzeichnis der illuminierten Handschriften in \u00d6sterreich 4: Die<br \/>\n                     illuminierten Handschriften in Steiermark 1, Leipzig 1911) S. 158 Nr.<br \/>\n                     190<\/li>\n<\/ul><\/div>\n<div class=\"tei-listBibl tei-listBibl-cap\">\n<h6>Project-specific references:<\/h6>\n<ul>\n<li class=\"tei-bibl\"><a class=\"internal bib\" href=\"\/resources\/biblio\/#Mordek_1995\" title=\"&#091;:de&#093;Zum bibliographischen Eintrag&#091;:en&#093;To the bibliographic entry&#091;:&#093;\">Mordek 1995, S. 1-2<\/a><\/li>\n<li class=\"tei-bibl\"><a class=\"internal bib\" href=\"\/resources\/biblio\/#Schmitz_2011a\" title=\"&#091;:de&#093;Zum bibliographischen Eintrag&#091;:en&#093;To the bibliographic entry&#091;:&#093;\">Schmitz 2011a, S. 22 Anm. 9<\/a><\/li>\n<li class=\"tei-bibl\">Friedrich Simader &#8211; Martina Pippal, Illuminierte Handschriften aus<br \/>\n                     \u00d6sterreich (ca. 780 &#8211; ca. 1250) [Datenbank]: <a class=\"external\" href=\"https:\/\/homepage.univie.ac.at\/Martina.Pippal\/Admont.htm\" target=\"_blank\" title=\"&#091;:de&#093;Zur externen Ressource&#091;:en&#093;To the external resource&#091;:&#093;\">Admont, Stiftsbibliothek, Cod. 712<\/a><\/li>\n<li class=\"tei-bibl\">Bibliotheca legum regni Francorum manuscripta, Karl Ubl (Hrsg.) unter<br \/>\n                     der Mitarbeit von Dominik Trump und Daniela Schulz, K\u00f6ln 2012 <a class=\"external\" href=\"http:\/\/www.leges.uni-koeln.de\/mss\/handschrift\/admont-sb-712\" target=\"_blank\" title=\"&#091;:de&#093;Zur Beschreibung auf der Bibliotheca legum-Webseite&#091;:en&#093;To the manuscript description on the Bibliotheca legum website&#091;:&#093;\"><\/a>\n                     <\/li>\n<\/ul><\/div>\n<\/p><\/div>\n<\/p><\/div>\n<div class=\"footnotes-wrapper\"><\/div>\n<\/p><\/div>\n<div class=\"page-break\"><\/div>\n<\/p><\/div>\n<\/div>\n<p><br \/>\n<\/p>\n<div class=\"xsl-output\">\n<div class=\"tei-TEI mss-transcript-xsl transkription-body\">\n<div class=\"tei-text\">\n<h4 id=\"transcription\">Transcription<\/h4>\n<div class=\"tei-front\">\n<h5 id=\"editorial-preface\" data-cap-dyn-menu-caption=\"Editorial Preface\">\n        Editorial Preface to the Transcription<br \/>\n      <\/h5>\n<div class=\"italic tei-encodingDesc\">\n<p class=\"tei-p\">Transkriptionsvorlage:<\/p>\n<\/p><\/div>\n<\/div>\n<div id=\"inhaltsverzeichnis\" style=\"display: none\"><a data-level=\"5\" href=\"#start-of-text\"><br \/>\n          Contents (Rubrics)<br \/>\n        <\/a><a data-level=\"5\" href=\"#start-of-text\"><br \/>\n          Contents (BK-Nos.)<br \/>\n        <\/a><\/div>\n<div class=\"page-break\"><\/div>\n<div class=\"tei-body\" id=\"start-of-text\" data-shortcuts=\"1\">\n<div class=\"glossa-nota-wrapper\" data-shortcuts=\"0\"><\/div>\n<div class=\"corresp-wrapper\" data-shortcuts=\"0\"><\/div>\n<div lang=\"la\" class=\"ab ab-text\" id=\"XXX\"><span> \u00a0<\/span><\/div>\n<div class=\"footnotes-wrapper\"><\/div>\n<div class=\"page-break\"><\/div>\n<div class=\"page-break\"><\/div>\n<\/div>\n<\/div>\n<\/div>\n<\/div>\n<p><br \/>\n<\/p>\n<div class=\"xsl-output\">\n<div class=\"tei-TEI mss-footer-xsl transkription-footer\">\n<h4 id=\"info\">Notes<\/h4>\n<div id=\"legend\">\n<h5>Key<\/h5>\n<table>\n<col class=\"legend-col-1\">\n<col class=\"legend-col-2\">\n<tr>\n<th>Symbols used<\/th>\n<th>Meaning<\/th>\n<\/tr>\n<tr>\n<td>\u00b7\u2003\u02d9\u2003:\u2003.&#8217;\u2003\/<br \/>\n               \u00b7,\u00b7\u2003:\/\u2003,\u2003;\u2003\u2234<\/td>\n<td>Punctuation (as used in<br \/>\n               the mss.)<\/td>\n<\/tr>\n<tr>\n<td><sup>*<\/sup><\/td>\n<td>Footnote (text<br \/>\n               of note appears on mouseover)<\/td>\n<\/tr>\n<tr>\n<td>Bold type (words, phrases)<\/td>\n<td>Rubrics, headings;<br \/>\n               differently rendered by using another font or other visual features<\/td>\n<\/tr>\n<tr>\n<td>Bold type (single letters)<\/td>\n<td>Initials<\/td>\n<\/tr>\n<tr>\n<td>Red<\/td>\n<td>Use of coloured ink<br \/>\n               (of any kind)<\/td>\n<\/tr>\n<tr>\n<td>[xyz]<\/td>\n<td>Uncertain reading,<br \/>\n               text hard to decipher<\/td>\n<\/tr>\n<tr>\n<td>[\u2026]<\/td>\n<td>Illegible text. The number of dots<br \/>\n               indicates the (estimated) number of characters missing<\/td>\n<\/tr>\n<tr>\n<td>\u2020\u2020\u2020<\/td>\n<td>Deleted<br \/>\n               text. The number of crosses indicates the (estimated) number of characters<br \/>\n               missing<\/td>\n<\/tr>\n<tr>\n<td>[\u2020]<\/td>\n<td>Place holder for deleted, non-reconstructable<br \/>\n               passages (<span class=\"italic\">without<\/span> indication of estimated number<br \/>\n               of characters missing)<\/td>\n<\/tr>\n<tr>\n<td>&#8211; &#8211; &#8211;<\/td>\n<td>Space left blank intentionally within a line in the ms.<\/td>\n<\/tr>\n<tr>\n<td>[!]<\/td>\n<td>sic<\/td>\n<\/tr>\n<tr>\n<td>|<\/td>\n<td>Line break<\/td>\n<\/tr>\n<tr>\n<td>[BK 139 c. 1]<\/td>\n<td>Reference to the<br \/>\n               Boretius\/Krause edition<\/td>\n<\/tr>\n<tr>\n<td>[fol. 123r], [p. 123]<\/td>\n<td>Page break<br \/>\n               (fol. or p.) or column break in the ms.<\/td>\n<\/tr>\n<tr>\n<td>\n<div class=\"glossa-nota-wrapper\">\n<div class=\"glossa\"><\/div>\n<\/p><\/div>\n<\/td>\n<td>Glossation<\/td>\n<\/tr>\n<tr>\n<td>\n<div class=\"glossa-nota-wrapper\">\n<div class=\"nota\"><\/div>\n<\/p><\/div>\n<\/td>\n<td>Annotation signs (e.g. nota signs)<\/td>\n<\/tr>\n<\/table>\n<div class=\"hr\"><\/div>\n<\/p><\/div>\n<div class=\"citation\">\n<h5>How to cite<\/h5>\n<div><span class=\"title\">Admont, Stiftsbibliothek, 712<\/span>,<\/p>\n<p>         <br \/>\n         in: Capitularia. Edition of the Frankish Capitularies,<br \/>\n         ed. by Karl Ubl and collaborators, Cologne 2014 ff.<br \/>\n         URL: https:\/\/capitularia.uni-koeln.de\/en\/mss\/admont-sb-712\/ (accessed on April 18, 2026)<br \/>\n         \n         <\/p><\/div>\n<\/p><\/div>\n<div class=\"hr\"><\/div>\n<div id=\"downloads\">\n<h5>Downloads<\/h5>\n<ul class=\"downloads\">\n<li class=\"download-icon\"><a class=\"screen-only ssdone\" href=\"\/cap\/publ\/mss\/admont-sb-712.xml\" title='&#091;:de&#093;Rechtsklick zum \"Speichern unter\"&#091;:en&#093;right button click to save file&#091;:&#093;'>File in XML<\/a>\n<div class=\"print-only\">File in XML \/cap\/publ\/mss\/admont-sb-712.xml<\/div>\n<\/li>\n<\/ul><\/div>\n<div class=\"hr\"><\/div>\n<div class=\"tei-revisionDesc\">\n<h5>Revision history<\/h5>\n<table>\n<thead>\n<tr>\n<th class=\"col-1\">Date<\/th>\n<th>Change<\/th>\n<\/tr>\n<\/thead>\n<tbody>\n<tr>\n<td class=\"col1\">2021-09-15<\/td>\n<td>Datei ver\u00f6ffentlicht<\/td>\n<\/tr>\n<\/tbody>\n<\/table><\/div>\n<\/div>\n<\/div>\n<p><\/p>","protected":false},"excerpt":{"rendered":"","protected":false},"author":11,"featured_media":0,"parent":58,"menu_order":0,"comment_status":"closed","ping_status":"closed","template":"","meta":{"inline_featured_image":false,"footnotes":""},"categories":[],"tags":[8],"class_list":["post-30285","page","type-page","status-publish","hentry","tag-xml"],"_links":{"self":[{"href":"https:\/\/capitularia.uni-koeln.de\/en\/wp-json\/wp\/v2\/pages\/30285","targetHints":{"allow":["GET"]}}],"collection":[{"href":"https:\/\/capitularia.uni-koeln.de\/en\/wp-json\/wp\/v2\/pages"}],"about":[{"href":"https:\/\/capitularia.uni-koeln.de\/en\/wp-json\/wp\/v2\/types\/page"}],"author":[{"embeddable":true,"href":"https:\/\/capitularia.uni-koeln.de\/en\/wp-json\/wp\/v2\/users\/11"}],"replies":[{"embeddable":true,"href":"https:\/\/capitularia.uni-koeln.de\/en\/wp-json\/wp\/v2\/comments?post=30285"}],"version-history":[{"count":0,"href":"https:\/\/capitularia.uni-koeln.de\/en\/wp-json\/wp\/v2\/pages\/30285\/revisions"}],"up":[{"embeddable":true,"href":"https:\/\/capitularia.uni-koeln.de\/en\/wp-json\/wp\/v2\/pages\/58"}],"wp:attachment":[{"href":"https:\/\/capitularia.uni-koeln.de\/en\/wp-json\/wp\/v2\/media?parent=30285"}],"wp:term":[{"taxonomy":"category","embeddable":true,"href":"https:\/\/capitularia.uni-koeln.de\/en\/wp-json\/wp\/v2\/categories?post=30285"},{"taxonomy":"post_tag","embeddable":true,"href":"https:\/\/capitularia.uni-koeln.de\/en\/wp-json\/wp\/v2\/tags?post=30285"}],"curies":[{"name":"wp","href":"https:\/\/api.w.org\/{rel}","templated":true}]}}