{"id":29,"date":"2014-06-06T18:03:41","date_gmt":"2014-06-06T18:03:41","guid":{"rendered":"http:\/\/capitularia.uni-koeln.de\/?page_id=29"},"modified":"2022-07-26T15:59:46","modified_gmt":"2022-07-26T13:59:46","slug":"sitenotice","status":"publish","type":"page","link":"https:\/\/capitularia.uni-koeln.de\/en\/sitenotice\/","title":{"rendered":"About Site and Data Privacy"},"content":{"rendered":"<p><\/p>\n<p>Direction:<\/p>\n<p>Professor Karl Ubl<\/p>\n<p>Historisches Institut<br \/>\nMittlere und Neuere Geschichte<br \/>\nAlbertus-Magnus-Platz<br \/>\n50923 K\u00f6ln<br \/>\nRoom: Philosophikum 4.108<br \/>\nTel +49 (0221) 470 2717<\/p>\n<p>Project no. (Academy): II.D.40<br \/>\nTax ID no. (University of Cologne): DE 123486767<\/p>\n<hr \/>\n<h4>Copyright and licence<\/h4>\n<p>All texts and information on this web page, excepting images, is licenced under Creative Commons Share Alike.<br \/>\n<a href=\"http:\/\/creativecommons.org\/licenses\/by-sa\/4.0\/\" rel=\"license\"><img decoding=\"async\" style=\"border-width: 0;\" src=\"https:\/\/i.creativecommons.org\/l\/by-sa\/4.0\/88x31.png\" alt=\"Creative Commons Lizenzvertrag\" \/><\/a><\/p>\n<p><strong>All images on this web page are exempted from this license.<\/strong><\/p>\n<p>The rights to any image taken from a manuscript remain with the holding archives and libraries. Copyright is stated in each case.<br \/>\nThe rights to pictures privately taken remain with the project.<\/p>\n<h4>Responsibility for links<\/h4>\n<p>According to a decision by the Landgericht Hamburg on 12 May 1998, setting a link may establish co-responsibility for the content of the web page linked to. This may only be prevented by explicitly dissociating oneself from said content. Accordingly, the project declares as follows: &#8220;We dissociate ourselves explicitly from any content of any web page linked to from our web site.\u201d<\/p>\n<h4>Data Privacy Statement<\/h4>\n<p>See the <a href=\"https:\/\/www.portal.uni-koeln.de\/datenschutz1.html\">Data Privacy Statement of the University of Cologne<\/a> (in German).<\/p>\n<p>In addition the Capitularia site states that:<\/p>\n<h5>E-Mail-Sicherheit<\/h5>\n<p>Wenn Sie uns eine E-Mail senden, so wird Ihre E-Mail-Adresse nur f\u00fcr die Korrespondenz mit Ihnen verwendet.<\/p>\n<h5>Nutzungsstatistiken<\/h5>\n<p>Das <a title=\"Cologne Center for eHumanities\" href=\"http:\/\/cceh.uni-koeln.de\">Cologne Center for eHumanites<\/a> erstellt Nutzungsstatistiken \u00fcber die Besuche auf dieser Seite mittels der open-source Software <a title=\"Piwik\" href=\"http:\/\/piwik.org\/\">Piwik<\/a>. Die IP-Adresse wird in anonymiserter Form erhoben (Maskierung der letzten zwei Bytes), die nur eine sehr ungenaue Geolokalisierung Ihres Standorts zul\u00e4sst und eine pers\u00f6nliche Identifizierbarkeit des Besuchers ausschlie\u00dft. Piwik verwendet Cookies.<\/p>\n<p>Wenn Sie nicht w\u00fcnschen, dass Ihr Besuch zum Zweck statistischer Auswertungen erfasst wird, empfehlen wir Ihnen, die &#8220;<a href=\"https:\/\/de.wikipedia.org\/wiki\/Do_Not_Track_(Software)\">Do Not Track<\/a>&#8220;-Einstellungen Ihres Browser zu aktivieren.<\/p>\n<p>Wenn Ihr Browser diese Einstellung nicht unterst\u00fctzt, k\u00f6nnen Sie zum selben Zweck ein Cookie setzen, das durch die Software Piwik respektiert wird. Entfernen Sie hierf\u00fcr das H\u00e4kchen, um einer Registrierung zu widersprechen:<\/p>\n<div style=\"border: 1px dotted #C0C0C0;\">\n<p><iframe loading=\"lazy\" style=\"border: 0; height: 160px; width: 100%;\" src=\"\/\/webstats.cceh.uni-koeln.de\/index.php?module=CoreAdminHome&#038;action=optOut&#038;language=en\" width=\"300\" height=\"150\"><\/iframe><\/p>\n<\/div>\n<p><\/p>","protected":false},"excerpt":{"rendered":"<p>Direction: Professor Karl Ubl Historisches Institut Mittlere und Neuere Geschichte Albertus-Magnus-Platz 50923 K\u00f6ln Room: Philosophikum 4.108 Tel +49 (0221) 470 2717 Project no. (Academy): II.D.40 Tax ID no. (University of Cologne): DE 123486767 Copyright and licence All texts and information on this web page, excepting images, is licenced under Creative Commons Share Alike. All images [&hellip;]<\/p>\n","protected":false},"author":34,"featured_media":0,"parent":0,"menu_order":0,"comment_status":"closed","ping_status":"open","template":"","meta":{"inline_featured_image":false,"footnotes":""},"categories":[],"tags":[],"class_list":["post-29","page","type-page","status-publish","hentry"],"_links":{"self":[{"href":"https:\/\/capitularia.uni-koeln.de\/en\/wp-json\/wp\/v2\/pages\/29","targetHints":{"allow":["GET"]}}],"collection":[{"href":"https:\/\/capitularia.uni-koeln.de\/en\/wp-json\/wp\/v2\/pages"}],"about":[{"href":"https:\/\/capitularia.uni-koeln.de\/en\/wp-json\/wp\/v2\/types\/page"}],"author":[{"embeddable":true,"href":"https:\/\/capitularia.uni-koeln.de\/en\/wp-json\/wp\/v2\/users\/34"}],"replies":[{"embeddable":true,"href":"https:\/\/capitularia.uni-koeln.de\/en\/wp-json\/wp\/v2\/comments?post=29"}],"version-history":[{"count":3,"href":"https:\/\/capitularia.uni-koeln.de\/en\/wp-json\/wp\/v2\/pages\/29\/revisions"}],"predecessor-version":[{"id":30673,"href":"https:\/\/capitularia.uni-koeln.de\/en\/wp-json\/wp\/v2\/pages\/29\/revisions\/30673"}],"wp:attachment":[{"href":"https:\/\/capitularia.uni-koeln.de\/en\/wp-json\/wp\/v2\/media?parent=29"}],"wp:term":[{"taxonomy":"category","embeddable":true,"href":"https:\/\/capitularia.uni-koeln.de\/en\/wp-json\/wp\/v2\/categories?post=29"},{"taxonomy":"post_tag","embeddable":true,"href":"https:\/\/capitularia.uni-koeln.de\/en\/wp-json\/wp\/v2\/tags?post=29"}],"curies":[{"name":"wp","href":"https:\/\/api.w.org\/{rel}","templated":true}]}}