{"id":2,"date":"2014-03-24T12:39:18","date_gmt":"2014-03-24T12:39:18","guid":{"rendered":"http:\/\/capitularia.uni-koeln.de\/?page_id=2"},"modified":"2015-09-15T08:54:40","modified_gmt":"2015-09-15T06:54:40","slug":"sample-page","status":"publish","type":"page","link":"https:\/\/capitularia.uni-koeln.de\/en\/","title":{"rendered":"Home"},"content":{"rendered":"<p><\/p>\n<div align=\"justify\">\n<h3 align=\"center\">Hier entsteht die Webpr\u00e4senz der &#8220;Edition der fr\u00e4nkischen Herrschererlasse&#8221; unter der Leitung von Prof. Dr. Karl Ubl (Universit\u00e4t zu K\u00f6ln).<\/h3>\n<p>Die fr\u00e4nkischen Herrschererlasse (Kapitularien, benannt nach der Einteilung in verschiedene Kapitel, lat. <em>capitula<\/em>) geh\u00f6ren zu den wichtigsten Quellen der Geschichte des Frankenreichs. Die Kapitularien sind hoheitliche Anordnungen im Sinne von Gesetzen oder Verordnungen, die politische, milit\u00e4rische, kirchliche soziale, wirtschaftliche und kulturelle Angelegenheiten regelten.<\/p>\n<p>Sie zeigen die Versuche der merowingischen und karolingischen K\u00f6nige, das Frankenreich regierbar zu machen. Sie sind in fast allen Bereichen der fr\u00e4nkischen Geschichte eine wichtige Grundlage historischer Erkenntnis.<\/p>\n<p>Die Edition will die dezentral in handschriftlichen Sammlungen \u00fcberlieferten Kapitularien kritisch edieren und in rekonstruierter Form mit \u00dcbersetzung publizieren. Die zentralen Sammlungen sollen erschlossen und der Forschung digital zug\u00e4nglich gemacht werden. Die geplante Edition bietet erstmals verl\u00e4\u00dfliche Texte und diskutiert die Abgrenzung, die Datierung und den historischen Kontext neu. Das Verh\u00e4ltnis zwischen ediertem Text und \u00dcberlieferung wird sichtbar, indem der Weg von der Sammlung zum Einzeltext offengelegt wird.<\/p>\n<p>W\u00e4hrend die Buchform die Kapitularien von 814-920 ediert, wird die digitale Edition auch Kapitularien von 507\/511-813 umfassen. Das Projekt wird gemeinsam mit den Monumenta Germaniae Historica (<a title=\"Monumenta Germaniae Historica\" href=\"http:\/\/www.mgh.de\" target=\"_blank\">MGH<\/a>) und dem Cologne Center for eHumanities (<a title=\"Cologne Center for eHumanities\" href=\"http:\/\/www.cceh.uni-koeln.de\" target=\"_blank\">CCeH<\/a>) durchgef\u00fchrt und erscheint in der Leges-Reihe der MGH. MGH und CCeH sind Projektpartner, das historische Seminar der Universit\u00e4t T\u00fcbingen &#8220;Edition der karolingischen Konzilien&#8221; und das Carolingian Canon Law Project (<a title=\"Carolingian Canon Law Project\" href=\"http:\/\/ccl.rch.uky.edu\/\" target=\"_blank\">CCL<\/a>), Lexington (Kentucky), sind Kooperationspartner.<\/p>\n<p style=\"text-align: left\"><strong>Contact:<\/strong><br \/>\nDr Britta Mischke<br \/>\nTel. (0221) 470 6852<\/p>\n<p>Arbeitsstelle &#8220;Edition der fr\u00e4nkischen Herrschererlasse&#8221;<br \/>\nHistorisches Institut<br \/>\nUniversit\u00e4t zu K\u00f6ln<br \/>\nMeister-Ekkehart-Str. 11<br \/>\n50937 K\u00f6ln<br \/>\nRoom 1.12<\/p>\n<p><strong>Postal address:<\/strong><br \/>\nHistorisches Institut<br \/>\nUniversit\u00e4t zu K\u00f6ln<br \/>\nAlbertus-Magnus-Platz<br \/>\n50923 K\u00f6ln<\/p>\n<\/div>\n<p><\/p>","protected":false},"excerpt":{"rendered":"<p>Hier entsteht die Webpr\u00e4senz der &#8220;Edition der fr\u00e4nkischen Herrschererlasse&#8221; unter der Leitung von Prof. Dr. Karl Ubl (Universit\u00e4t zu K\u00f6ln). Die fr\u00e4nkischen Herrschererlasse (Kapitularien, benannt nach der Einteilung in verschiedene Kapitel, lat. capitula) geh\u00f6ren zu den wichtigsten Quellen der Geschichte des Frankenreichs. Die Kapitularien sind hoheitliche Anordnungen im Sinne von Gesetzen oder Verordnungen, die politische, [&hellip;]<\/p>\n","protected":false},"author":8,"featured_media":0,"parent":0,"menu_order":0,"comment_status":"closed","ping_status":"open","template":"","meta":{"inline_featured_image":false,"footnotes":""},"categories":[],"tags":[],"class_list":["post-2","page","type-page","status-publish","hentry"],"_links":{"self":[{"href":"https:\/\/capitularia.uni-koeln.de\/en\/wp-json\/wp\/v2\/pages\/2","targetHints":{"allow":["GET"]}}],"collection":[{"href":"https:\/\/capitularia.uni-koeln.de\/en\/wp-json\/wp\/v2\/pages"}],"about":[{"href":"https:\/\/capitularia.uni-koeln.de\/en\/wp-json\/wp\/v2\/types\/page"}],"author":[{"embeddable":true,"href":"https:\/\/capitularia.uni-koeln.de\/en\/wp-json\/wp\/v2\/users\/8"}],"replies":[{"embeddable":true,"href":"https:\/\/capitularia.uni-koeln.de\/en\/wp-json\/wp\/v2\/comments?post=2"}],"version-history":[{"count":0,"href":"https:\/\/capitularia.uni-koeln.de\/en\/wp-json\/wp\/v2\/pages\/2\/revisions"}],"wp:attachment":[{"href":"https:\/\/capitularia.uni-koeln.de\/en\/wp-json\/wp\/v2\/media?parent=2"}],"wp:term":[{"taxonomy":"category","embeddable":true,"href":"https:\/\/capitularia.uni-koeln.de\/en\/wp-json\/wp\/v2\/categories?post=2"},{"taxonomy":"post_tag","embeddable":true,"href":"https:\/\/capitularia.uni-koeln.de\/en\/wp-json\/wp\/v2\/tags?post=2"}],"curies":[{"name":"wp","href":"https:\/\/api.w.org\/{rel}","templated":true}]}}